{"id":270,"date":"2023-03-24T16:29:22","date_gmt":"2023-03-24T19:29:22","guid":{"rendered":"https:\/\/wp.ufpel.edu.br\/gcate\/?page_id=270"},"modified":"2023-03-24T16:29:22","modified_gmt":"2023-03-24T19:29:22","slug":"material","status":"publish","type":"page","link":"https:\/\/wp.ufpel.edu.br\/gcate\/people\/roboliboni\/material\/","title":{"rendered":"material"},"content":{"rendered":"<p>P\u00e1gina para disponibiliza\u00e7\u00e3o de material para alunos (ICs e PGs).<\/p>\n","protected":false},"excerpt":{"rendered":"<p>P\u00e1gina para disponibiliza\u00e7\u00e3o de material para alunos (ICs e PGs).<\/p>\n","protected":false},"author":937,"featured_media":0,"parent":150,"menu_order":0,"comment_status":"closed","ping_status":"closed","template":"","meta":{"footnotes":""},"class_list":["post-270","page","type-page","status-publish","hentry"],"jetpack_sharing_enabled":true,"_links":{"self":[{"href":"https:\/\/wp.ufpel.edu.br\/gcate\/wp-json\/wp\/v2\/pages\/270","targetHints":{"allow":["GET"]}}],"collection":[{"href":"https:\/\/wp.ufpel.edu.br\/gcate\/wp-json\/wp\/v2\/pages"}],"about":[{"href":"https:\/\/wp.ufpel.edu.br\/gcate\/wp-json\/wp\/v2\/types\/page"}],"author":[{"embeddable":true,"href":"https:\/\/wp.ufpel.edu.br\/gcate\/wp-json\/wp\/v2\/users\/937"}],"replies":[{"embeddable":true,"href":"https:\/\/wp.ufpel.edu.br\/gcate\/wp-json\/wp\/v2\/comments?post=270"}],"version-history":[{"count":1,"href":"https:\/\/wp.ufpel.edu.br\/gcate\/wp-json\/wp\/v2\/pages\/270\/revisions"}],"predecessor-version":[{"id":272,"href":"https:\/\/wp.ufpel.edu.br\/gcate\/wp-json\/wp\/v2\/pages\/270\/revisions\/272"}],"up":[{"embeddable":true,"href":"https:\/\/wp.ufpel.edu.br\/gcate\/wp-json\/wp\/v2\/pages\/150"}],"wp:attachment":[{"href":"https:\/\/wp.ufpel.edu.br\/gcate\/wp-json\/wp\/v2\/media?parent=270"}],"curies":[{"name":"wp","href":"https:\/\/api.w.org\/{rel}","templated":true}]}}