{"id":2,"date":"2020-03-17T11:25:12","date_gmt":"2020-03-17T14:25:12","guid":{"rendered":"https:\/\/wp.ufpel.edu.br\/gcate\/?page_id=2"},"modified":"2022-06-07T11:27:47","modified_gmt":"2022-06-07T14:27:47","slug":"welcome","status":"publish","type":"page","link":"https:\/\/wp.ufpel.edu.br\/gcate\/welcome\/","title":{"rendered":"Apresenta\u00e7\u00e3o"},"content":{"rendered":"\r\n<p class=\"wp-block-paragraph\">Bem-vindos \u00e0 p\u00e1gina do <strong>Gcate<\/strong>, Grupo de Cat\u00e1lise e Estudos Te\u00f3ricos da Universidade Federal de Pelotas (UFPel), localizado no Campus Cap\u00e3o do Le\u00e3o. O grupo foi criado durante o ano de 2018 com o foco de estudar sistemas catal\u00edticos e realizar estudos te\u00f3ricos envolvendo m\u00e9todos de estrutura eletr\u00f4nica e de din\u00e2mica molecular, em uma abordagem interdisciplinar na \u00e1rea de Qu\u00edmica (Inorg\u00e2nica, Org\u00e2nica e F\u00edsico-Qu\u00edmica) com aspectos de Bioqu\u00edmica, Computa\u00e7\u00e3o, F\u00edsica e Materiais. Atualmente o grupo \u00e9 composto por quatro professores do Centro de Ci\u00eancias Qu\u00edmicas, Farmac\u00eauticas e de Alimentos (CCQFA) da UFPel e cerca de doze discentes de gradua\u00e7\u00e3o e p\u00f3s-gradua\u00e7\u00e3o.<\/p>\r\n<p><img class=\"size-medium wp-image-137 aligncenter\" src=\"https:\/\/wp.ufpel.edu.br\/gcate\/files\/2020\/05\/gcate1-e1588887350626-400x260.png\" alt=\"\" width=\"400\" height=\"260\" srcset=\"https:\/\/wp.ufpel.edu.br\/gcate\/files\/2020\/05\/gcate1-e1588887350626-400x260.png 400w, https:\/\/wp.ufpel.edu.br\/gcate\/files\/2020\/05\/gcate1-e1588887350626-1024x665.png 1024w, https:\/\/wp.ufpel.edu.br\/gcate\/files\/2020\/05\/gcate1-e1588887350626-768x499.png 768w, https:\/\/wp.ufpel.edu.br\/gcate\/files\/2020\/05\/gcate1-e1588887350626.jpg 1039w\" sizes=\"(max-width: 400px) 100vw, 400px\" \/><\/p>\r\n","protected":false},"excerpt":{"rendered":"<p>Bem-vindos \u00e0 p\u00e1gina do Gcate, Grupo de Cat\u00e1lise e Estudos Te\u00f3ricos da Universidade Federal de Pelotas (UFPel), localizado no Campus Cap\u00e3o do Le\u00e3o. O grupo foi criado durante o ano de 2018 com o foco de estudar sistemas catal\u00edticos e realizar estudos te\u00f3ricos envolvendo m\u00e9todos de estrutura eletr\u00f4nica e de din\u00e2mica molecular, em uma abordagem [&hellip;]<\/p>\n","protected":false},"author":937,"featured_media":0,"parent":0,"menu_order":0,"comment_status":"closed","ping_status":"closed","template":"","meta":{"_crdt_document":"","footnotes":""},"class_list":["post-2","page","type-page","status-publish","hentry"],"jetpack_sharing_enabled":true,"_links":{"self":[{"href":"https:\/\/wp.ufpel.edu.br\/gcate\/wp-json\/wp\/v2\/pages\/2","targetHints":{"allow":["GET"]}}],"collection":[{"href":"https:\/\/wp.ufpel.edu.br\/gcate\/wp-json\/wp\/v2\/pages"}],"about":[{"href":"https:\/\/wp.ufpel.edu.br\/gcate\/wp-json\/wp\/v2\/types\/page"}],"author":[{"embeddable":true,"href":"https:\/\/wp.ufpel.edu.br\/gcate\/wp-json\/wp\/v2\/users\/937"}],"replies":[{"embeddable":true,"href":"https:\/\/wp.ufpel.edu.br\/gcate\/wp-json\/wp\/v2\/comments?post=2"}],"version-history":[{"count":12,"href":"https:\/\/wp.ufpel.edu.br\/gcate\/wp-json\/wp\/v2\/pages\/2\/revisions"}],"predecessor-version":[{"id":199,"href":"https:\/\/wp.ufpel.edu.br\/gcate\/wp-json\/wp\/v2\/pages\/2\/revisions\/199"}],"wp:attachment":[{"href":"https:\/\/wp.ufpel.edu.br\/gcate\/wp-json\/wp\/v2\/media?parent=2"}],"curies":[{"name":"wp","href":"https:\/\/api.w.org\/{rel}","templated":true}]}}