{"id":154,"date":"2020-09-12T16:55:46","date_gmt":"2020-09-12T19:55:46","guid":{"rendered":"https:\/\/wp.ufpel.edu.br\/gcate\/?page_id=154"},"modified":"2020-09-12T16:55:46","modified_gmt":"2020-09-12T19:55:46","slug":"dinemol","status":"publish","type":"page","link":"https:\/\/wp.ufpel.edu.br\/gcate\/people\/roboliboni\/dinemol\/","title":{"rendered":"dinemol"},"content":{"rendered":"<p><strong>Arquivos para simula\u00e7\u00e3o<\/strong><\/p>\n<p><em>Clique com o bot\u00e3o direito no arquivo e selecione &#8220;Salvar link como &#8230;&#8221;<\/em><\/p>\n<p>&nbsp;<\/p>\n<p><strong>Cap\u00edtulo 1:<\/strong> Dinemol &#8211; O contexto<\/p>\n<p><strong>1<\/strong>. EHT com o benzeno: <a href=\"https:\/\/raw.githubusercontent.com\/roboliboni\/tutorials\/master\/dinemol\/Ch1E1\/parameters.f\">parameters<\/a>\u00a0 |\u00a0 <a href=\"https:\/\/raw.githubusercontent.com\/roboliboni\/tutorials\/master\/dinemol\/Ch1E1\/input.pdb\">input<\/a><\/p>\n<p><strong>2.1.<\/strong> Din\u00e2mica eletr\u00f4nica com o benzeno: <a href=\"https:\/\/raw.githubusercontent.com\/roboliboni\/tutorials\/master\/dinemol\/Ch1E2.1\/parameters.f\">parameters<\/a>\u00a0 | \u00a0<a href=\"https:\/\/raw.githubusercontent.com\/roboliboni\/tutorials\/master\/dinemol\/Ch1E2.1\/input.pdb\">input<\/a>\u00a0 | \u00a0<a href=\"https:\/\/raw.githubusercontent.com\/roboliboni\/tutorials\/master\/dinemol\/Ch1E2.1\/tuning.f\">tuning<\/a><\/p>\n<p><strong>2..2.<\/strong> Din\u00e2mica eletr\u00f4nica com o bifenil: <a href=\"https:\/\/raw.githubusercontent.com\/roboliboni\/tutorials\/master\/dinemol\/Ch1E2.2\/parameters.f\">parameters<\/a>\u00a0 | \u00a0<a href=\"https:\/\/raw.githubusercontent.com\/roboliboni\/tutorials\/master\/dinemol\/Ch1E2.2\/input.pdb\">input<\/a>\u00a0 | \u00a0<a href=\"https:\/\/raw.githubusercontent.com\/roboliboni\/tutorials\/master\/dinemol\/Ch1E2.2\/tuning.f\">tuning<\/a><\/p>\n","protected":false},"excerpt":{"rendered":"<p>Arquivos para simula\u00e7\u00e3o Clique com o bot\u00e3o direito no arquivo e selecione &#8220;Salvar link como &#8230;&#8221; &nbsp; Cap\u00edtulo 1: Dinemol &#8211; O contexto 1. EHT com o benzeno: parameters\u00a0 |\u00a0 input 2.1. Din\u00e2mica eletr\u00f4nica com o benzeno: parameters\u00a0 | \u00a0input\u00a0 | \u00a0tuning 2..2. Din\u00e2mica eletr\u00f4nica com o bifenil: parameters\u00a0 | \u00a0input\u00a0 | \u00a0tuning<\/p>\n","protected":false},"author":937,"featured_media":0,"parent":150,"menu_order":0,"comment_status":"closed","ping_status":"closed","template":"","meta":{"footnotes":""},"class_list":["post-154","page","type-page","status-publish","hentry"],"jetpack_sharing_enabled":true,"_links":{"self":[{"href":"https:\/\/wp.ufpel.edu.br\/gcate\/wp-json\/wp\/v2\/pages\/154","targetHints":{"allow":["GET"]}}],"collection":[{"href":"https:\/\/wp.ufpel.edu.br\/gcate\/wp-json\/wp\/v2\/pages"}],"about":[{"href":"https:\/\/wp.ufpel.edu.br\/gcate\/wp-json\/wp\/v2\/types\/page"}],"author":[{"embeddable":true,"href":"https:\/\/wp.ufpel.edu.br\/gcate\/wp-json\/wp\/v2\/users\/937"}],"replies":[{"embeddable":true,"href":"https:\/\/wp.ufpel.edu.br\/gcate\/wp-json\/wp\/v2\/comments?post=154"}],"version-history":[{"count":3,"href":"https:\/\/wp.ufpel.edu.br\/gcate\/wp-json\/wp\/v2\/pages\/154\/revisions"}],"predecessor-version":[{"id":158,"href":"https:\/\/wp.ufpel.edu.br\/gcate\/wp-json\/wp\/v2\/pages\/154\/revisions\/158"}],"up":[{"embeddable":true,"href":"https:\/\/wp.ufpel.edu.br\/gcate\/wp-json\/wp\/v2\/pages\/150"}],"wp:attachment":[{"href":"https:\/\/wp.ufpel.edu.br\/gcate\/wp-json\/wp\/v2\/media?parent=154"}],"curies":[{"name":"wp","href":"https:\/\/api.w.org\/{rel}","templated":true}]}}