{"id":867,"date":"2018-08-09T10:30:40","date_gmt":"2018-08-09T13:30:40","guid":{"rendered":"https:\/\/wp.ufpel.edu.br\/gbiotec\/?page_id=867"},"modified":"2021-04-20T15:10:32","modified_gmt":"2021-04-20T18:10:32","slug":"2017-2","status":"publish","type":"page","link":"https:\/\/wp.ufpel.edu.br\/gbiotec\/eventos\/simposio-de-biotecnologia\/2017-2\/","title":{"rendered":"2017"},"content":{"rendered":"<p style=\"text-align: center\"><strong><span style=\"color: #000000\"><em>V Simp\u00f3sio de Bi<span style=\"color: #000000\">otecnologia &#8211; O Potencial da Inova\u00e7\u00e3o Cient\u00edfica<\/span><\/em><\/span><\/strong><\/p>\n<p style=\"text-align: center\"><span style=\"color: #000000\"><em>Data: 10 a 14 de julho de 2017<\/em><\/span><\/p>\n<p style=\"text-align: center\"><span style=\"color: #000000\"><em>Local: Audit\u00f3rio da Faculdade de Agronomia Eliseu Maciel (FAEM) \u2013 UFPel<\/em><\/span><\/p>\n<p style=\"text-align: center\"><img class=\"wp-image-1045 alignleft\" src=\"https:\/\/wp.ufpel.edu.br\/gbiotec\/files\/2018\/09\/Simp\u00f3sio-2-400x300.jpg\" alt=\"\" width=\"350\" height=\"262\" srcset=\"https:\/\/wp.ufpel.edu.br\/gbiotec\/files\/2018\/09\/Simp\u00f3sio-2-400x300.jpg 400w, https:\/\/wp.ufpel.edu.br\/gbiotec\/files\/2018\/09\/Simp\u00f3sio-2-768x576.jpg 768w, https:\/\/wp.ufpel.edu.br\/gbiotec\/files\/2018\/09\/Simp\u00f3sio-2.jpg 960w\" sizes=\"(max-width: 350px) 100vw, 350px\" \/><\/p>\n<p><img class=\"wp-image-1048 alignleft\" src=\"https:\/\/wp.ufpel.edu.br\/gbiotec\/files\/2018\/09\/Simp\u00f3sio-3-1-400x300.jpg\" alt=\"\" width=\"350\" height=\"262\" srcset=\"https:\/\/wp.ufpel.edu.br\/gbiotec\/files\/2018\/09\/Simp\u00f3sio-3-1-400x300.jpg 400w, https:\/\/wp.ufpel.edu.br\/gbiotec\/files\/2018\/09\/Simp\u00f3sio-3-1-768x576.jpg 768w, https:\/\/wp.ufpel.edu.br\/gbiotec\/files\/2018\/09\/Simp\u00f3sio-3-1.jpg 960w\" sizes=\"(max-width: 350px) 100vw, 350px\" \/><\/p>\n<p><img class=\"wp-image-1054 alignleft\" src=\"https:\/\/wp.ufpel.edu.br\/gbiotec\/files\/2018\/09\/Simp\u00f3sio-11-400x266.jpg\" alt=\"\" width=\"350\" height=\"233\" srcset=\"https:\/\/wp.ufpel.edu.br\/gbiotec\/files\/2018\/09\/Simp\u00f3sio-11-400x266.jpg 400w, https:\/\/wp.ufpel.edu.br\/gbiotec\/files\/2018\/09\/Simp\u00f3sio-11-768x510.jpg 768w, https:\/\/wp.ufpel.edu.br\/gbiotec\/files\/2018\/09\/Simp\u00f3sio-11-1024x680.jpg 1024w\" sizes=\"(max-width: 350px) 100vw, 350px\" \/><\/p>\n<p><img class=\"wp-image-1055 alignleft\" src=\"https:\/\/wp.ufpel.edu.br\/gbiotec\/files\/2018\/09\/Simp\u00f3sio-10-400x266.jpg\" alt=\"\" width=\"350\" height=\"232\" srcset=\"https:\/\/wp.ufpel.edu.br\/gbiotec\/files\/2018\/09\/Simp\u00f3sio-10-400x266.jpg 400w, https:\/\/wp.ufpel.edu.br\/gbiotec\/files\/2018\/09\/Simp\u00f3sio-10-768x510.jpg 768w, https:\/\/wp.ufpel.edu.br\/gbiotec\/files\/2018\/09\/Simp\u00f3sio-10-1024x680.jpg 1024w\" sizes=\"(max-width: 350px) 100vw, 350px\" \/><\/p>\n","protected":false},"excerpt":{"rendered":"<p>V Simp\u00f3sio de Biotecnologia &#8211; O Potencial da Inova\u00e7\u00e3o Cient\u00edfica Data: 10 a 14 de julho de 2017 Local: Audit\u00f3rio da Faculdade de Agronomia Eliseu Maciel (FAEM) \u2013 UFPel<\/p>\n","protected":false},"author":866,"featured_media":0,"parent":323,"menu_order":5,"comment_status":"closed","ping_status":"closed","template":"","meta":{"footnotes":""},"class_list":["post-867","page","type-page","status-publish","hentry"],"jetpack_sharing_enabled":true,"_links":{"self":[{"href":"https:\/\/wp.ufpel.edu.br\/gbiotec\/wp-json\/wp\/v2\/pages\/867","targetHints":{"allow":["GET"]}}],"collection":[{"href":"https:\/\/wp.ufpel.edu.br\/gbiotec\/wp-json\/wp\/v2\/pages"}],"about":[{"href":"https:\/\/wp.ufpel.edu.br\/gbiotec\/wp-json\/wp\/v2\/types\/page"}],"author":[{"embeddable":true,"href":"https:\/\/wp.ufpel.edu.br\/gbiotec\/wp-json\/wp\/v2\/users\/866"}],"replies":[{"embeddable":true,"href":"https:\/\/wp.ufpel.edu.br\/gbiotec\/wp-json\/wp\/v2\/comments?post=867"}],"version-history":[{"count":18,"href":"https:\/\/wp.ufpel.edu.br\/gbiotec\/wp-json\/wp\/v2\/pages\/867\/revisions"}],"predecessor-version":[{"id":3136,"href":"https:\/\/wp.ufpel.edu.br\/gbiotec\/wp-json\/wp\/v2\/pages\/867\/revisions\/3136"}],"up":[{"embeddable":true,"href":"https:\/\/wp.ufpel.edu.br\/gbiotec\/wp-json\/wp\/v2\/pages\/323"}],"wp:attachment":[{"href":"https:\/\/wp.ufpel.edu.br\/gbiotec\/wp-json\/wp\/v2\/media?parent=867"}],"curies":[{"name":"wp","href":"https:\/\/api.w.org\/{rel}","templated":true}]}}