{"id":859,"date":"2018-08-09T10:22:30","date_gmt":"2018-08-09T13:22:30","guid":{"rendered":"https:\/\/wp.ufpel.edu.br\/gbiotec\/?page_id=859"},"modified":"2021-04-20T19:01:00","modified_gmt":"2021-04-20T22:01:00","slug":"2016-2","status":"publish","type":"page","link":"https:\/\/wp.ufpel.edu.br\/gbiotec\/eventos\/simposio-de-biotecnologia\/2016-2\/","title":{"rendered":"2016"},"content":{"rendered":"<p style=\"text-align: center\"><span style=\"color: #000000\"><strong><em>IV Simp\u00f3sio de Biotecnologia &#8211; Mercado e Inova\u00e7\u00e3o<\/em><\/strong><\/span><\/p>\n<p style=\"text-align: center\"><span style=\"color: #000000\"><em>Data: 06 a 10 de junho de 2016<\/em><\/span><\/p>\n<p style=\"text-align: center\"><span style=\"color: #000000\"><em>Local: Audit\u00f3rio da Faculdade de Agronomia Eliseu Maciel (FAEM) \u2013 UFPel<\/em><\/span><\/p>\n<p><img class=\"alignnone wp-image-861\" src=\"https:\/\/wp.ufpel.edu.br\/gbiotec\/files\/2018\/08\/IV-simp\u00f3sio-400x256.jpg\" alt=\"\" width=\"344\" height=\"220\" srcset=\"https:\/\/wp.ufpel.edu.br\/gbiotec\/files\/2018\/08\/IV-simp\u00f3sio-400x256.jpg 400w, https:\/\/wp.ufpel.edu.br\/gbiotec\/files\/2018\/08\/IV-simp\u00f3sio-768x491.jpg 768w, https:\/\/wp.ufpel.edu.br\/gbiotec\/files\/2018\/08\/IV-simp\u00f3sio-1024x655.jpg 1024w, https:\/\/wp.ufpel.edu.br\/gbiotec\/files\/2018\/08\/IV-simp\u00f3sio.jpg 2048w\" sizes=\"(max-width: 344px) 100vw, 344px\" \/>\u00a0 \u00a0 <img class=\"alignnone wp-image-1831\" src=\"https:\/\/wp.ufpel.edu.br\/gbiotec\/files\/2019\/08\/2-3-400x264.jpg\" alt=\"\" width=\"332\" height=\"219\" srcset=\"https:\/\/wp.ufpel.edu.br\/gbiotec\/files\/2019\/08\/2-3-400x264.jpg 400w, https:\/\/wp.ufpel.edu.br\/gbiotec\/files\/2019\/08\/2-3-768x507.jpg 768w, https:\/\/wp.ufpel.edu.br\/gbiotec\/files\/2019\/08\/2-3-1024x676.jpg 1024w, https:\/\/wp.ufpel.edu.br\/gbiotec\/files\/2019\/08\/2-3.jpg 1745w\" sizes=\"(max-width: 332px) 100vw, 332px\" \/><\/p>\n<p><img class=\"alignnone wp-image-1832\" src=\"https:\/\/wp.ufpel.edu.br\/gbiotec\/files\/2019\/08\/3-3-400x244.jpg\" alt=\"\" width=\"346\" height=\"211\" srcset=\"https:\/\/wp.ufpel.edu.br\/gbiotec\/files\/2019\/08\/3-3-400x244.jpg 400w, https:\/\/wp.ufpel.edu.br\/gbiotec\/files\/2019\/08\/3-3-768x468.jpg 768w, https:\/\/wp.ufpel.edu.br\/gbiotec\/files\/2019\/08\/3-3-1024x623.jpg 1024w, https:\/\/wp.ufpel.edu.br\/gbiotec\/files\/2019\/08\/3-3.jpg 1892w\" sizes=\"(max-width: 346px) 100vw, 346px\" \/>\u00a0 \u00a0 <img class=\"alignnone wp-image-3178\" src=\"https:\/\/wp.ufpel.edu.br\/gbiotec\/files\/2021\/04\/IV-simposio-2-400x252-1.jpg\" alt=\"\" width=\"332\" height=\"209\" \/><\/p>\n","protected":false},"excerpt":{"rendered":"<p>IV Simp\u00f3sio de Biotecnologia &#8211; Mercado e Inova\u00e7\u00e3o Data: 06 a 10 de junho de 2016 Local: Audit\u00f3rio da Faculdade de Agronomia Eliseu Maciel (FAEM) \u2013 UFPel \u00a0 \u00a0 \u00a0 \u00a0<\/p>\n","protected":false},"author":866,"featured_media":0,"parent":323,"menu_order":4,"comment_status":"closed","ping_status":"closed","template":"","meta":{"footnotes":""},"class_list":["post-859","page","type-page","status-publish","hentry"],"jetpack_sharing_enabled":true,"_links":{"self":[{"href":"https:\/\/wp.ufpel.edu.br\/gbiotec\/wp-json\/wp\/v2\/pages\/859","targetHints":{"allow":["GET"]}}],"collection":[{"href":"https:\/\/wp.ufpel.edu.br\/gbiotec\/wp-json\/wp\/v2\/pages"}],"about":[{"href":"https:\/\/wp.ufpel.edu.br\/gbiotec\/wp-json\/wp\/v2\/types\/page"}],"author":[{"embeddable":true,"href":"https:\/\/wp.ufpel.edu.br\/gbiotec\/wp-json\/wp\/v2\/users\/866"}],"replies":[{"embeddable":true,"href":"https:\/\/wp.ufpel.edu.br\/gbiotec\/wp-json\/wp\/v2\/comments?post=859"}],"version-history":[{"count":16,"href":"https:\/\/wp.ufpel.edu.br\/gbiotec\/wp-json\/wp\/v2\/pages\/859\/revisions"}],"predecessor-version":[{"id":3179,"href":"https:\/\/wp.ufpel.edu.br\/gbiotec\/wp-json\/wp\/v2\/pages\/859\/revisions\/3179"}],"up":[{"embeddable":true,"href":"https:\/\/wp.ufpel.edu.br\/gbiotec\/wp-json\/wp\/v2\/pages\/323"}],"wp:attachment":[{"href":"https:\/\/wp.ufpel.edu.br\/gbiotec\/wp-json\/wp\/v2\/media?parent=859"}],"curies":[{"name":"wp","href":"https:\/\/api.w.org\/{rel}","templated":true}]}}