{"id":855,"date":"2018-08-09T10:12:21","date_gmt":"2018-08-09T13:12:21","guid":{"rendered":"https:\/\/wp.ufpel.edu.br\/gbiotec\/?page_id=855"},"modified":"2021-04-20T18:54:28","modified_gmt":"2021-04-20T21:54:28","slug":"2015-2","status":"publish","type":"page","link":"https:\/\/wp.ufpel.edu.br\/gbiotec\/eventos\/simposio-de-biotecnologia\/2015-2\/","title":{"rendered":"2015"},"content":{"rendered":"<p style=\"text-align: center\"><strong><span style=\"color: #000000\"><em>III Simp\u00f3sio de Biotecnologia &#8211; Da pesquisa \u00e0 Aplica\u00e7\u00e3o<\/em><\/span><\/strong><\/p>\n<p style=\"text-align: center\"><span style=\"color: #000000\"><em>Data: 08 a 12 de junho de 2015<\/em><\/span><\/p>\n<p style=\"text-align: center\"><span style=\"color: #000000\"><em>Local: Audit\u00f3rio da Faculdade de Agronomia Eliseu Maciel (FAEM) &#8211; UFPel<\/em><\/span><\/p>\n<p><img class=\"alignnone wp-image-1817\" src=\"https:\/\/wp.ufpel.edu.br\/gbiotec\/files\/2019\/08\/1-2-400x300.jpg\" alt=\"\" width=\"340\" height=\"255\" srcset=\"https:\/\/wp.ufpel.edu.br\/gbiotec\/files\/2019\/08\/1-2-400x300.jpg 400w, https:\/\/wp.ufpel.edu.br\/gbiotec\/files\/2019\/08\/1-2-768x576.jpg 768w, https:\/\/wp.ufpel.edu.br\/gbiotec\/files\/2019\/08\/1-2.jpg 960w\" sizes=\"(max-width: 340px) 100vw, 340px\" \/>\u00a0 \u00a0 \u00a0<img class=\"alignnone wp-image-1818\" src=\"https:\/\/wp.ufpel.edu.br\/gbiotec\/files\/2019\/08\/2-2-400x300.jpg\" alt=\"\" width=\"340\" height=\"255\" srcset=\"https:\/\/wp.ufpel.edu.br\/gbiotec\/files\/2019\/08\/2-2-400x300.jpg 400w, https:\/\/wp.ufpel.edu.br\/gbiotec\/files\/2019\/08\/2-2-768x576.jpg 768w, https:\/\/wp.ufpel.edu.br\/gbiotec\/files\/2019\/08\/2-2.jpg 960w\" sizes=\"(max-width: 340px) 100vw, 340px\" \/><\/p>\n<p><img class=\"alignnone wp-image-1819\" src=\"https:\/\/wp.ufpel.edu.br\/gbiotec\/files\/2019\/08\/3-2-400x300.jpg\" alt=\"\" width=\"340\" height=\"255\" srcset=\"https:\/\/wp.ufpel.edu.br\/gbiotec\/files\/2019\/08\/3-2-400x300.jpg 400w, https:\/\/wp.ufpel.edu.br\/gbiotec\/files\/2019\/08\/3-2-768x576.jpg 768w, https:\/\/wp.ufpel.edu.br\/gbiotec\/files\/2019\/08\/3-2.jpg 960w\" sizes=\"(max-width: 340px) 100vw, 340px\" \/>\u00a0 \u00a0 \u00a0<img class=\"alignnone wp-image-3176\" src=\"https:\/\/wp.ufpel.edu.br\/gbiotec\/files\/2021\/04\/III-simposio-400x300-1.jpg\" alt=\"\" width=\"340\" height=\"255\" \/><\/p>\n","protected":false},"excerpt":{"rendered":"<p>III Simp\u00f3sio de Biotecnologia &#8211; Da pesquisa \u00e0 Aplica\u00e7\u00e3o Data: 08 a 12 de junho de 2015 Local: Audit\u00f3rio da Faculdade de Agronomia Eliseu Maciel (FAEM) &#8211; UFPel \u00a0 \u00a0 \u00a0 \u00a0 \u00a0 \u00a0<\/p>\n","protected":false},"author":866,"featured_media":0,"parent":323,"menu_order":3,"comment_status":"closed","ping_status":"closed","template":"","meta":{"footnotes":""},"class_list":["post-855","page","type-page","status-publish","hentry"],"jetpack_sharing_enabled":true,"_links":{"self":[{"href":"https:\/\/wp.ufpel.edu.br\/gbiotec\/wp-json\/wp\/v2\/pages\/855","targetHints":{"allow":["GET"]}}],"collection":[{"href":"https:\/\/wp.ufpel.edu.br\/gbiotec\/wp-json\/wp\/v2\/pages"}],"about":[{"href":"https:\/\/wp.ufpel.edu.br\/gbiotec\/wp-json\/wp\/v2\/types\/page"}],"author":[{"embeddable":true,"href":"https:\/\/wp.ufpel.edu.br\/gbiotec\/wp-json\/wp\/v2\/users\/866"}],"replies":[{"embeddable":true,"href":"https:\/\/wp.ufpel.edu.br\/gbiotec\/wp-json\/wp\/v2\/comments?post=855"}],"version-history":[{"count":10,"href":"https:\/\/wp.ufpel.edu.br\/gbiotec\/wp-json\/wp\/v2\/pages\/855\/revisions"}],"predecessor-version":[{"id":3177,"href":"https:\/\/wp.ufpel.edu.br\/gbiotec\/wp-json\/wp\/v2\/pages\/855\/revisions\/3177"}],"up":[{"embeddable":true,"href":"https:\/\/wp.ufpel.edu.br\/gbiotec\/wp-json\/wp\/v2\/pages\/323"}],"wp:attachment":[{"href":"https:\/\/wp.ufpel.edu.br\/gbiotec\/wp-json\/wp\/v2\/media?parent=855"}],"curies":[{"name":"wp","href":"https:\/\/api.w.org\/{rel}","templated":true}]}}