{"id":726,"date":"2018-08-06T11:40:17","date_gmt":"2018-08-06T14:40:17","guid":{"rendered":"https:\/\/wp.ufpel.edu.br\/gbiotec\/?page_id=726"},"modified":"2019-08-06T11:26:33","modified_gmt":"2019-08-06T14:26:33","slug":"2013-2","status":"publish","type":"page","link":"https:\/\/wp.ufpel.edu.br\/gbiotec\/eventos\/simposio-de-biotecnologia\/2013-2\/","title":{"rendered":"2013"},"content":{"rendered":"<p style=\"text-align: center\"><span style=\"color: #000000\"><strong><em>I Simp\u00f3sio de Biotecnologia &#8211; Pesquisa e Desafios para Inova\u00e7\u00e3o<\/em><\/strong><\/span><\/p>\n<p style=\"text-align: center\"><span style=\"color: #000000\"><em>Data: 12 a 16 agosto de 2013<\/em><\/span><\/p>\n<p style=\"text-align: center\"><span style=\"color: #000000\"><em>Local: Audit\u00f3rio da Faculdade de Agronomia Eliseu Maciel (FAEM) &#8211; UFPel<\/em><\/span><\/p>\n<p><img class=\"alignnone wp-image-732\" src=\"https:\/\/wp.ufpel.edu.br\/gbiotec\/files\/2018\/08\/I-Simp\u00f3sio-2-400x265.jpeg\" alt=\"\" width=\"340\" height=\"225\" srcset=\"https:\/\/wp.ufpel.edu.br\/gbiotec\/files\/2018\/08\/I-Simp\u00f3sio-2-400x265.jpeg 400w, https:\/\/wp.ufpel.edu.br\/gbiotec\/files\/2018\/08\/I-Simp\u00f3sio-2-768x509.jpeg 768w, https:\/\/wp.ufpel.edu.br\/gbiotec\/files\/2018\/08\/I-Simp\u00f3sio-2-1024x679.jpeg 1024w, https:\/\/wp.ufpel.edu.br\/gbiotec\/files\/2018\/08\/I-Simp\u00f3sio-2.jpeg 1600w\" sizes=\"(max-width: 340px) 100vw, 340px\" \/>\u00a0 \u00a0 \u00a0<img class=\"alignnone wp-image-730\" src=\"https:\/\/wp.ufpel.edu.br\/gbiotec\/files\/2018\/08\/I-Simp\u00f3sio-1-400x265.jpeg\" alt=\"\" width=\"340\" height=\"225\" srcset=\"https:\/\/wp.ufpel.edu.br\/gbiotec\/files\/2018\/08\/I-Simp\u00f3sio-1-400x265.jpeg 400w, https:\/\/wp.ufpel.edu.br\/gbiotec\/files\/2018\/08\/I-Simp\u00f3sio-1-768x509.jpeg 768w, https:\/\/wp.ufpel.edu.br\/gbiotec\/files\/2018\/08\/I-Simp\u00f3sio-1-1024x679.jpeg 1024w, https:\/\/wp.ufpel.edu.br\/gbiotec\/files\/2018\/08\/I-Simp\u00f3sio-1.jpeg 1600w\" sizes=\"(max-width: 340px) 100vw, 340px\" \/><\/p>\n<p><img class=\"alignnone wp-image-733\" src=\"https:\/\/wp.ufpel.edu.br\/gbiotec\/files\/2018\/08\/I-Simp\u00f3sio-3-400x265.jpeg\" alt=\"\" width=\"340\" height=\"225\" srcset=\"https:\/\/wp.ufpel.edu.br\/gbiotec\/files\/2018\/08\/I-Simp\u00f3sio-3-400x265.jpeg 400w, https:\/\/wp.ufpel.edu.br\/gbiotec\/files\/2018\/08\/I-Simp\u00f3sio-3-768x509.jpeg 768w, https:\/\/wp.ufpel.edu.br\/gbiotec\/files\/2018\/08\/I-Simp\u00f3sio-3-1024x679.jpeg 1024w, https:\/\/wp.ufpel.edu.br\/gbiotec\/files\/2018\/08\/I-Simp\u00f3sio-3.jpeg 1600w\" sizes=\"(max-width: 340px) 100vw, 340px\" \/>\u00a0 \u00a0 \u00a0<img class=\"alignnone wp-image-734\" src=\"https:\/\/wp.ufpel.edu.br\/gbiotec\/files\/2018\/08\/I-Simp\u00f3sio-4-400x265.jpeg\" alt=\"\" width=\"340\" height=\"225\" srcset=\"https:\/\/wp.ufpel.edu.br\/gbiotec\/files\/2018\/08\/I-Simp\u00f3sio-4-400x265.jpeg 400w, https:\/\/wp.ufpel.edu.br\/gbiotec\/files\/2018\/08\/I-Simp\u00f3sio-4-768x509.jpeg 768w, https:\/\/wp.ufpel.edu.br\/gbiotec\/files\/2018\/08\/I-Simp\u00f3sio-4-1024x679.jpeg 1024w, https:\/\/wp.ufpel.edu.br\/gbiotec\/files\/2018\/08\/I-Simp\u00f3sio-4.jpeg 1600w\" sizes=\"(max-width: 340px) 100vw, 340px\" \/><\/p>\n","protected":false},"excerpt":{"rendered":"<p>I Simp\u00f3sio de Biotecnologia &#8211; Pesquisa e Desafios para Inova\u00e7\u00e3o Data: 12 a 16 agosto de 2013 Local: Audit\u00f3rio da Faculdade de Agronomia Eliseu Maciel (FAEM) &#8211; UFPel \u00a0 \u00a0 \u00a0 \u00a0 \u00a0 \u00a0<\/p>\n","protected":false},"author":866,"featured_media":0,"parent":323,"menu_order":1,"comment_status":"closed","ping_status":"closed","template":"","meta":{"footnotes":""},"class_list":["post-726","page","type-page","status-publish","hentry"],"jetpack_sharing_enabled":true,"_links":{"self":[{"href":"https:\/\/wp.ufpel.edu.br\/gbiotec\/wp-json\/wp\/v2\/pages\/726","targetHints":{"allow":["GET"]}}],"collection":[{"href":"https:\/\/wp.ufpel.edu.br\/gbiotec\/wp-json\/wp\/v2\/pages"}],"about":[{"href":"https:\/\/wp.ufpel.edu.br\/gbiotec\/wp-json\/wp\/v2\/types\/page"}],"author":[{"embeddable":true,"href":"https:\/\/wp.ufpel.edu.br\/gbiotec\/wp-json\/wp\/v2\/users\/866"}],"replies":[{"embeddable":true,"href":"https:\/\/wp.ufpel.edu.br\/gbiotec\/wp-json\/wp\/v2\/comments?post=726"}],"version-history":[{"count":20,"href":"https:\/\/wp.ufpel.edu.br\/gbiotec\/wp-json\/wp\/v2\/pages\/726\/revisions"}],"predecessor-version":[{"id":1813,"href":"https:\/\/wp.ufpel.edu.br\/gbiotec\/wp-json\/wp\/v2\/pages\/726\/revisions\/1813"}],"up":[{"embeddable":true,"href":"https:\/\/wp.ufpel.edu.br\/gbiotec\/wp-json\/wp\/v2\/pages\/323"}],"wp:attachment":[{"href":"https:\/\/wp.ufpel.edu.br\/gbiotec\/wp-json\/wp\/v2\/media?parent=726"}],"curies":[{"name":"wp","href":"https:\/\/api.w.org\/{rel}","templated":true}]}}