{"id":66,"date":"2018-07-13T13:26:04","date_gmt":"2018-07-13T16:26:04","guid":{"rendered":"https:\/\/wp.ufpel.edu.br\/gbiotec\/?page_id=66"},"modified":"2025-01-21T15:44:22","modified_gmt":"2025-01-21T18:44:22","slug":"contato","status":"publish","type":"page","link":"https:\/\/wp.ufpel.edu.br\/gbiotec\/contato\/","title":{"rendered":"CONTATO"},"content":{"rendered":"<p><span style=\"color: #000000;\">\n<div class=\"wpcf7 no-js\" id=\"wpcf7-f93-o1\" lang=\"pt-BR\" dir=\"ltr\" data-wpcf7-id=\"93\">\n<div class=\"screen-reader-response\"><p role=\"status\" aria-live=\"polite\" aria-atomic=\"true\"><\/p> <ul><\/ul><\/div>\n<form action=\"\/gbiotec\/wp-json\/wp\/v2\/pages\/66#wpcf7-f93-o1\" method=\"post\" class=\"wpcf7-form init\" aria-label=\"Formul\u00e1rios de contato\" novalidate=\"novalidate\" data-status=\"init\">\n<fieldset class=\"hidden-fields-container\"><input type=\"hidden\" name=\"_wpcf7\" value=\"93\" \/><input type=\"hidden\" name=\"_wpcf7_version\" value=\"6.1.4\" \/><input type=\"hidden\" name=\"_wpcf7_locale\" value=\"pt_BR\" \/><input type=\"hidden\" name=\"_wpcf7_unit_tag\" value=\"wpcf7-f93-o1\" \/><input type=\"hidden\" name=\"_wpcf7_container_post\" value=\"0\" \/><input type=\"hidden\" name=\"_wpcf7_posted_data_hash\" value=\"\" \/>\n<\/fieldset>\n<p><label> Seu nome (obrigat\u00f3rio)<br \/>\n<span class=\"wpcf7-form-control-wrap\" data-name=\"your-name\"><input size=\"40\" maxlength=\"400\" class=\"wpcf7-form-control wpcf7-text wpcf7-validates-as-required\" aria-required=\"true\" aria-invalid=\"false\" value=\"\" type=\"text\" name=\"your-name\" \/><\/span> <\/label>\n<\/p>\n<p><label> Seu e-mail (obrigat\u00f3rio)<br \/>\n<span class=\"wpcf7-form-control-wrap\" data-name=\"your-email\"><input size=\"40\" maxlength=\"400\" class=\"wpcf7-form-control wpcf7-email wpcf7-validates-as-required wpcf7-text wpcf7-validates-as-email\" aria-required=\"true\" aria-invalid=\"false\" value=\"\" type=\"email\" name=\"your-email\" \/><\/span> <\/label>\n<\/p>\n<p><label> Cidade<br \/>\n<span class=\"wpcf7-form-control-wrap\" data-name=\"your-city\"><input size=\"40\" maxlength=\"400\" class=\"wpcf7-form-control wpcf7-text\" aria-invalid=\"false\" value=\"\" type=\"text\" name=\"your-city\" \/><\/span> <\/label>\n<\/p>\n<p><label> Assunto<br \/>\n<span class=\"wpcf7-form-control-wrap\" data-name=\"your-subject\"><input size=\"40\" maxlength=\"400\" class=\"wpcf7-form-control wpcf7-text\" aria-invalid=\"false\" value=\"\" type=\"text\" name=\"your-subject\" \/><\/span> <\/label>\n<\/p>\n<p><label> Sua mensagem<br \/>\n<span class=\"wpcf7-form-control-wrap\" data-name=\"your-message\"><textarea cols=\"40\" rows=\"10\" maxlength=\"2000\" class=\"wpcf7-form-control wpcf7-textarea\" aria-invalid=\"false\" name=\"your-message\"><\/textarea><\/span> <\/label>\n<\/p>\n<p><input class=\"wpcf7-form-control wpcf7-submit has-spinner\" type=\"submit\" value=\"Enviar\" \/>\n<\/p><p style=\"display: none !important;\" class=\"akismet-fields-container\" data-prefix=\"_wpcf7_ak_\"><label>&#916;<textarea name=\"_wpcf7_ak_hp_textarea\" cols=\"45\" rows=\"8\" maxlength=\"100\"><\/textarea><\/label><input type=\"hidden\" id=\"ak_js_1\" name=\"_wpcf7_ak_js\" value=\"188\"\/><script>document.getElementById( \"ak_js_1\" ).setAttribute( \"value\", ( new Date() ).getTime() );<\/script><\/p><div class=\"wpcf7-response-output\" aria-hidden=\"true\"><\/div>\n<\/form>\n<\/div>\n<\/span><\/p>\n<p><span style=\"color: #000000;\"><strong>FALE COM O CURSO<\/strong><\/span><\/p>\n<p><span style=\"color: #000000;\"><strong>Secretaria do Curso de Biotecnologia<\/strong><\/span><br \/>\n<span style=\"color: #000000;\">Endere\u00e7o: Rua Gomes Carneiro, n\u00ba 1<\/span><br \/>\n<span style=\"color: #000000;\">CEP 96010-610 &#8211; Pelotas, RS, Brasil<\/span><br \/>\n<span style=\"color: #000000;\">Telefone: +55 (53) 3284-3890 ou (53) 99140-8666 (whatsapp)<\/span><br \/>\n<span style=\"color: #000000;\">E-mail: <a style=\"color: #000000;\" href=\"mailto:graduacaobiotecnologia@gmail.com\">gbiotec.ufpel@gmail.com<\/a> ou <a style=\"color: #000000;\" href=\"gbiotec@ufpel.edu.br\">gbiotec@ufpel.edu.br<\/a><\/span><\/p>\n<p><span style=\"color: #000000;\"><strong>FALE COM A COORDENA\u00c7\u00c3O<\/strong><\/span><\/p>\n<p><span style=\"color: #000000;\"><strong>Coordenadora<\/strong><\/span><br \/>\n<span style=\"color: #000000;\">Profa. Dra. Tha\u00eds Larr\u00e9 Oliveira Bohn<\/span><br \/>\n<span style=\"color: #000000;\">E-mail:\u00a0<a style=\"color: #000000;\" href=\"thais.larreoliveira@gmail.com\">thais.larreoliveira@gmail.com<\/a><\/span><\/p>\n<p><span style=\"color: #000000;\"><strong>Coordenadora Adjunta<br \/>\n<\/strong><\/span><span style=\"color: #000000;\">Profa. Dra. Mariana H\u00e4rter Remi\u00e3o<\/span><br \/>\n<span style=\"color: #000000;\">E-mail: <span style=\"text-decoration: underline;\">marri.hr@hotmail.com<\/span><\/span><\/p>\n","protected":false},"excerpt":{"rendered":"<p>FALE COM O CURSO Secretaria do Curso de Biotecnologia Endere\u00e7o: Rua Gomes Carneiro, n\u00ba 1 CEP 96010-610 &#8211; Pelotas, RS, Brasil Telefone: +55 (53) 3284-3890 ou (53) 99140-8666 (whatsapp) E-mail: gbiotec.ufpel@gmail.com ou gbiotec@ufpel.edu.br FALE COM A COORDENA\u00c7\u00c3O Coordenadora Profa. Dra. Tha\u00eds Larr\u00e9 Oliveira Bohn E-mail:\u00a0thais.larreoliveira@gmail.com Coordenadora Adjunta Profa. Dra. Mariana H\u00e4rter Remi\u00e3o E-mail: marri.hr@hotmail.com<\/p>\n","protected":false},"author":667,"featured_media":0,"parent":0,"menu_order":0,"comment_status":"closed","ping_status":"closed","template":"","meta":{"footnotes":""},"class_list":["post-66","page","type-page","status-publish","hentry"],"jetpack_sharing_enabled":true,"_links":{"self":[{"href":"https:\/\/wp.ufpel.edu.br\/gbiotec\/wp-json\/wp\/v2\/pages\/66","targetHints":{"allow":["GET"]}}],"collection":[{"href":"https:\/\/wp.ufpel.edu.br\/gbiotec\/wp-json\/wp\/v2\/pages"}],"about":[{"href":"https:\/\/wp.ufpel.edu.br\/gbiotec\/wp-json\/wp\/v2\/types\/page"}],"author":[{"embeddable":true,"href":"https:\/\/wp.ufpel.edu.br\/gbiotec\/wp-json\/wp\/v2\/users\/667"}],"replies":[{"embeddable":true,"href":"https:\/\/wp.ufpel.edu.br\/gbiotec\/wp-json\/wp\/v2\/comments?post=66"}],"version-history":[{"count":8,"href":"https:\/\/wp.ufpel.edu.br\/gbiotec\/wp-json\/wp\/v2\/pages\/66\/revisions"}],"predecessor-version":[{"id":4382,"href":"https:\/\/wp.ufpel.edu.br\/gbiotec\/wp-json\/wp\/v2\/pages\/66\/revisions\/4382"}],"wp:attachment":[{"href":"https:\/\/wp.ufpel.edu.br\/gbiotec\/wp-json\/wp\/v2\/media?parent=66"}],"curies":[{"name":"wp","href":"https:\/\/api.w.org\/{rel}","templated":true}]}}