{"id":56,"date":"2018-07-13T13:24:14","date_gmt":"2018-07-13T16:24:14","guid":{"rendered":"https:\/\/wp.ufpel.edu.br\/gbiotec\/?page_id=56"},"modified":"2023-03-24T14:49:53","modified_gmt":"2023-03-24T17:49:53","slug":"ensino","status":"publish","type":"page","link":"https:\/\/wp.ufpel.edu.br\/gbiotec\/infraestrutura\/ensino\/","title":{"rendered":"Ensino"},"content":{"rendered":"<p style=\"text-align: center;\"><span style=\"color: #000000;\">Rela\u00e7\u00e3o dos espa\u00e7os de ensino utilizados pelo curso de Biotecnologia<\/span><\/p>\n<p>&nbsp;<\/p>\n<ul>\n<li><span style=\"color: #000000;\"><a style=\"color: #000000;\" href=\"https:\/\/wp.ufpel.edu.br\/gbiotec\/infraestrutura\/estrutura-de-ensino\/laboratorio-watson-e-crick\/\">Laborat\u00f3rio Watson &amp; Crick<\/a><\/span><\/li>\n<li><span style=\"color: #000000;\"><a style=\"color: #000000;\" href=\"https:\/\/wp.ufpel.edu.br\/gbiotec\/infraestrutura-de-ensino\/bioinformatica\/\">Laborat\u00f3rio de Bioinform\u00e1tica<\/a><\/span><\/li>\n<li><span style=\"color: #000000;\"><a style=\"color: #000000;\" href=\"https:\/\/wp.ufpel.edu.br\/gbiotec\/infraestrutura-de-ensino\/sala-de-reunioes\/\">Sala de Reuni\u00f5es<\/a><\/span><\/li>\n<li><a style=\"color: #000000;\" href=\"https:\/\/wp.ufpel.edu.br\/gbiotec\/infraestrutura-de-ensino\/sala-de-aula-do-ppgb\/\">Sala de aula PPGB<\/a><\/li>\n<\/ul>\n","protected":false},"excerpt":{"rendered":"<p>Rela\u00e7\u00e3o dos espa\u00e7os de ensino utilizados pelo curso de Biotecnologia &nbsp; Laborat\u00f3rio Watson &amp; Crick Laborat\u00f3rio de Bioinform\u00e1tica Sala de Reuni\u00f5es Sala de aula PPGB<\/p>\n","protected":false},"author":667,"featured_media":0,"parent":228,"menu_order":1,"comment_status":"closed","ping_status":"closed","template":"","meta":{"footnotes":""},"class_list":["post-56","page","type-page","status-publish","hentry"],"jetpack_sharing_enabled":true,"_links":{"self":[{"href":"https:\/\/wp.ufpel.edu.br\/gbiotec\/wp-json\/wp\/v2\/pages\/56","targetHints":{"allow":["GET"]}}],"collection":[{"href":"https:\/\/wp.ufpel.edu.br\/gbiotec\/wp-json\/wp\/v2\/pages"}],"about":[{"href":"https:\/\/wp.ufpel.edu.br\/gbiotec\/wp-json\/wp\/v2\/types\/page"}],"author":[{"embeddable":true,"href":"https:\/\/wp.ufpel.edu.br\/gbiotec\/wp-json\/wp\/v2\/users\/667"}],"replies":[{"embeddable":true,"href":"https:\/\/wp.ufpel.edu.br\/gbiotec\/wp-json\/wp\/v2\/comments?post=56"}],"version-history":[{"count":33,"href":"https:\/\/wp.ufpel.edu.br\/gbiotec\/wp-json\/wp\/v2\/pages\/56\/revisions"}],"predecessor-version":[{"id":3880,"href":"https:\/\/wp.ufpel.edu.br\/gbiotec\/wp-json\/wp\/v2\/pages\/56\/revisions\/3880"}],"up":[{"embeddable":true,"href":"https:\/\/wp.ufpel.edu.br\/gbiotec\/wp-json\/wp\/v2\/pages\/228"}],"wp:attachment":[{"href":"https:\/\/wp.ufpel.edu.br\/gbiotec\/wp-json\/wp\/v2\/media?parent=56"}],"curies":[{"name":"wp","href":"https:\/\/api.w.org\/{rel}","templated":true}]}}