{"id":53,"date":"2018-07-13T13:23:57","date_gmt":"2018-07-13T16:23:57","guid":{"rendered":"https:\/\/wp.ufpel.edu.br\/gbiotec\/?page_id=53"},"modified":"2026-03-27T12:07:36","modified_gmt":"2026-03-27T15:07:36","slug":"pesquisa","status":"publish","type":"page","link":"https:\/\/wp.ufpel.edu.br\/gbiotec\/infraestrutura\/pesquisa\/","title":{"rendered":"Pesquisa"},"content":{"rendered":"<p style=\"text-align: center;\"><span style=\"color: #000000;\">Rela\u00e7\u00e3o da estrutura de pesquisa do curso de Biotecnologia<\/span><\/p>\n<p>&nbsp;<\/p>\n<ul>\n<li><span style=\"color: #000000;\"><a style=\"color: #000000;\" href=\"https:\/\/wp.ufpel.edu.br\/gbiotec\/infraestrutura\/pesquisa\/laboratorio-de-bioinformatica\/\">Laborat\u00f3rio de Bioinform\u00e1tica<\/a><\/span><\/li>\n<li><span style=\"color: #000000;\"><a style=\"color: #000000;\" href=\"https:\/\/wp.ufpel.edu.br\/gbiotec\/infraestrutura\/laboratorios-de-pesquisa\/tecnologia-de-bioprocessos\/\">Laborat\u00f3rio de Tecnologia de Bioprocessos<\/a><\/span><\/li>\n<li><span style=\"color: #000000;\"><a style=\"color: #000000;\" href=\"https:\/\/wp.ufpel.edu.br\/gbiotec\/laboratorios-de-pesquisa\/genomica-vegetal\/\">Laborat\u00f3rio de Gen\u00f4mica Vegetal<\/a><\/span><\/li>\n<li><span style=\"color: #000000;\"><a style=\"color: #000000;\" href=\"https:\/\/wp.ufpel.edu.br\/gbiotec\/laboratorios-de-pesquisa\/biotecnologia-infecto-parasitaria\/\">Laborat\u00f3rio de Biotecnologia Infecto-Parasit\u00e1ria<\/a><\/span><\/li>\n<li><span style=\"color: #000000;\"><a style=\"color: #000000;\" href=\"https:\/\/wp.ufpel.edu.br\/gbiotec\/laboratorios-de-pesquisa\/microbiologia\/\">Laborat\u00f3rio de Microbiologia<\/a><\/span><\/li>\n<li><span style=\"color: #000000;\"><a style=\"color: #000000;\" href=\"https:\/\/wp.ufpel.edu.br\/gbiotec\/laboratorios-de-pesquisa\/imunologia-aplicada\/\">Laborat\u00f3rio de Imunologia Aplicada<\/a><\/span><\/li>\n<li><span style=\"color: #000000;\"><a style=\"color: #000000;\" href=\"https:\/\/wp.ufpel.edu.br\/gbiotec\/laboratorios-de-pesquisa\/vacinologia\/\">Laborat\u00f3rio de Vacinologia<\/a><\/span><\/li>\n<li><span style=\"color: #000000;\"><a style=\"color: #000000;\" href=\"https:\/\/wp.ufpel.edu.br\/gbiotec\/laboratorios-de-pesquisa\/biotecnologia-do-cancer\/\">Laborat\u00f3rio de Biotecnologia do C\u00e2ncer<\/a><\/span><\/li>\n<li><span style=\"color: #000000;\"><a style=\"color: #000000;\" href=\"https:\/\/wp.ufpel.edu.br\/gbiotec\/infraestrutura\/laboratorios-de-pesquisa\/multiusuarios\/\">Laborat\u00f3rio Cl\u00e1udia Hartleben<\/a><\/span><\/li>\n<li><span style=\"color: #000000;\"><a style=\"color: #000000;\" href=\"https:\/\/wp.ufpel.edu.br\/gbiotec\/infraestrutura\/laboratorios-de-pesquisa\/bioinformatica-e-proteomica\">Laborat\u00f3rio de Bioinform\u00e1tica e Prote\u00f4mica<\/a><\/span><\/li>\n<li><span style=\"color: #000000;\"><a style=\"color: #000000;\" href=\"https:\/\/wp.ufpel.edu.br\/gbiotec\/infraestrutura\/laboratorios-de-pesquisa\/neurobiotecnologia\/\">Laborat\u00f3rio de\u00a0 Neurobiotecnologia<\/a><\/span><\/li>\n<li><span style=\"color: #000000;\"><a style=\"color: #000000;\" href=\"https:\/\/wp.ufpel.edu.br\/gbiotec\/infraestrutura\/laboratorios-de-pesquisa\/genomica-estrutural\/\">Laborat\u00f3rio de Gen\u00f4mica Estrutural<\/a><\/span><\/li>\n<li><span style=\"color: #000000;\"><a style=\"color: #000000;\" href=\"https:\/\/wp.ufpel.edu.br\/gbiotec\/infraestrutura\/laboratorios-de-pesquisa\/doencas-infecciosas\/\">Laborat\u00f3rio de Doen\u00e7as Infecciosas<\/a><\/span><\/li>\n<\/ul>\n<p>&nbsp;<\/p>\n<p><span style=\"color: #000000;\"><em>Documentos<\/em>:<\/span><\/p>\n<p><span style=\"color: #000000;\"><a style=\"color: #000000;\" href=\"https:\/\/wp.ufpel.edu.br\/gbiotec\/files\/2018\/07\/Cadastro-bolsistas-e-estagi\u00e1rios.pdf\">Formul\u00e1rio para cadastro de bolsistas e estagi\u00e1rios<\/a><\/span><\/p>\n<p>&nbsp;<\/p>\n<p><span style=\"color: #000000;\"><em>Normativas:<\/em><\/span><\/p>\n<p><span style=\"color: #000000;\"><a style=\"color: #000000;\" href=\"https:\/\/wp.ufpel.edu.br\/gbiotec\/files\/2019\/06\/Regimento-Laborat\u00f3rios-UFPel.pdf\">Regimento Geral dos Laborat\u00f3rios da UFPel<\/a><\/span><\/p>\n<p><span style=\"color: #000000;\"><a style=\"color: #000000;\" href=\"https:\/\/wp.ufpel.edu.br\/gbiotec\/files\/2019\/09\/Seguran\u00e7a-laboratorial.pdf\">Orienta\u00e7\u00f5es sobre seguran\u00e7a em laborat\u00f3rios UFPel<\/a><\/span><\/p>\n","protected":false},"excerpt":{"rendered":"<p>Rela\u00e7\u00e3o da estrutura de pesquisa do curso de Biotecnologia &nbsp; Laborat\u00f3rio de Bioinform\u00e1tica Laborat\u00f3rio de Tecnologia de Bioprocessos Laborat\u00f3rio de Gen\u00f4mica Vegetal Laborat\u00f3rio de Biotecnologia Infecto-Parasit\u00e1ria Laborat\u00f3rio de Microbiologia Laborat\u00f3rio de Imunologia Aplicada Laborat\u00f3rio de Vacinologia Laborat\u00f3rio de Biotecnologia do C\u00e2ncer Laborat\u00f3rio Cl\u00e1udia Hartleben Laborat\u00f3rio de Bioinform\u00e1tica e Prote\u00f4mica Laborat\u00f3rio de\u00a0 Neurobiotecnologia Laborat\u00f3rio de Gen\u00f4mica [&hellip;]<\/p>\n","protected":false},"author":667,"featured_media":0,"parent":228,"menu_order":2,"comment_status":"closed","ping_status":"closed","template":"","meta":{"footnotes":""},"class_list":["post-53","page","type-page","status-publish","hentry"],"jetpack_sharing_enabled":true,"_links":{"self":[{"href":"https:\/\/wp.ufpel.edu.br\/gbiotec\/wp-json\/wp\/v2\/pages\/53","targetHints":{"allow":["GET"]}}],"collection":[{"href":"https:\/\/wp.ufpel.edu.br\/gbiotec\/wp-json\/wp\/v2\/pages"}],"about":[{"href":"https:\/\/wp.ufpel.edu.br\/gbiotec\/wp-json\/wp\/v2\/types\/page"}],"author":[{"embeddable":true,"href":"https:\/\/wp.ufpel.edu.br\/gbiotec\/wp-json\/wp\/v2\/users\/667"}],"replies":[{"embeddable":true,"href":"https:\/\/wp.ufpel.edu.br\/gbiotec\/wp-json\/wp\/v2\/comments?post=53"}],"version-history":[{"count":5,"href":"https:\/\/wp.ufpel.edu.br\/gbiotec\/wp-json\/wp\/v2\/pages\/53\/revisions"}],"predecessor-version":[{"id":4727,"href":"https:\/\/wp.ufpel.edu.br\/gbiotec\/wp-json\/wp\/v2\/pages\/53\/revisions\/4727"}],"up":[{"embeddable":true,"href":"https:\/\/wp.ufpel.edu.br\/gbiotec\/wp-json\/wp\/v2\/pages\/228"}],"wp:attachment":[{"href":"https:\/\/wp.ufpel.edu.br\/gbiotec\/wp-json\/wp\/v2\/media?parent=53"}],"curies":[{"name":"wp","href":"https:\/\/api.w.org\/{rel}","templated":true}]}}