{"id":492,"date":"2023-05-03T09:00:05","date_gmt":"2023-05-03T12:00:05","guid":{"rendered":"https:\/\/wp.ufpel.edu.br\/gbiotec\/?page_id=492"},"modified":"2025-04-30T10:11:55","modified_gmt":"2025-04-30T13:11:55","slug":"coordenacao","status":"publish","type":"page","link":"https:\/\/wp.ufpel.edu.br\/gbiotec\/estrutura-organizacional\/coordenacao\/","title":{"rendered":"Coordena\u00e7\u00e3o"},"content":{"rendered":"<p style=\"text-align: center;\"><span style=\"color: #000000;\">Coordena\u00e7\u00e3o do Curso (Gest\u00e3o 2025 &#8211; 2027)<\/span><\/p>\n<ul class=\"wpipessoa-lista\"><li class=\"wpipessoa-post clearfix\"><div class=\"wpipessoa-thumb\"><img width=\"200\" height=\"200\" src=\"https:\/\/wp.ufpel.edu.br\/gbiotec\/files\/2018\/08\/Foto-Mariana-200x200.jpg\" class=\"attachment-thumbnail size-thumbnail wp-post-image\" alt=\"\" srcset=\"https:\/\/wp.ufpel.edu.br\/gbiotec\/files\/2018\/08\/Foto-Mariana-200x200.jpg 200w, https:\/\/wp.ufpel.edu.br\/gbiotec\/files\/2018\/08\/Foto-Mariana-400x400.jpg 400w, https:\/\/wp.ufpel.edu.br\/gbiotec\/files\/2018\/08\/Foto-Mariana-1024x1024.jpg 1024w, https:\/\/wp.ufpel.edu.br\/gbiotec\/files\/2018\/08\/Foto-Mariana-768x768.jpg 768w, https:\/\/wp.ufpel.edu.br\/gbiotec\/files\/2018\/08\/Foto-Mariana-1536x1536.jpg 1536w, https:\/\/wp.ufpel.edu.br\/gbiotec\/files\/2018\/08\/Foto-Mariana-2048x2048.jpg 2048w\" sizes=\"(max-width: 200px) 100vw, 200px\" \/><\/div><div class=\"wpipessoa-info\"><div class=\"wpipessoa-nome\">Mariana H\u00e4rter Remi\u00e3o<\/div><div class=\"wpipessoa-funcao wpipessoa-fonte-italica\">Coordenadora do Curso de Biotecnologia<\/div><div class=\"wpipessoa-email\"><a href=\"marri.hr@hotmail.com\" target=\"_blank\">marri.hr@hotmail.com<\/a><\/div><\/div><\/li><\/ul>\n<ul class=\"wpipessoa-lista\"><li class=\"wpipessoa-post clearfix\"><div class=\"wpipessoa-thumb\"><img width=\"200\" height=\"200\" src=\"https:\/\/wp.ufpel.edu.br\/gbiotec\/files\/2018\/08\/Foto-Thais-200x200.jpg\" class=\"attachment-thumbnail size-thumbnail wp-post-image\" alt=\"\" srcset=\"https:\/\/wp.ufpel.edu.br\/gbiotec\/files\/2018\/08\/Foto-Thais-200x200.jpg 200w, https:\/\/wp.ufpel.edu.br\/gbiotec\/files\/2018\/08\/Foto-Thais-400x400.jpg 400w, https:\/\/wp.ufpel.edu.br\/gbiotec\/files\/2018\/08\/Foto-Thais.jpg 603w\" sizes=\"(max-width: 200px) 100vw, 200px\" \/><\/div><div class=\"wpipessoa-info\"><div class=\"wpipessoa-nome\">Tha\u00eds Larr\u00e9 Oliveira Bohn<\/div><div class=\"wpipessoa-funcao wpipessoa-fonte-italica\">Coordenadora Adjunta do Curso de Biotecnologia<\/div><div class=\"wpipessoa-email\"><a href=\"thais.larreoliveira@gmail.com\" target=\"_blank\">thais.larreoliveira@gmail.com<\/a><\/div><\/div><\/li><\/ul>\n<p style=\"text-align: center;\"><a href=\"https:\/\/wp.ufpel.edu.br\/gbiotec\/estrutura-organizacional\/coordenacoes-anteriores\/\"><span style=\"color: #000000;\">Acesso ao hist\u00f3rico das coordena\u00e7\u00f5es anteriores<\/span><\/a><\/p>\n","protected":false},"excerpt":{"rendered":"<div class=\"wpipessoa-lista wpipessoa-info\">\n<div class=\"wpipessoa-funcao wpipessoa-fonte-italica\">Coordenadora Adjunta do Curso de Biotecnologia<\/div>\n<\/div>\n","protected":false},"author":866,"featured_media":0,"parent":278,"menu_order":1,"comment_status":"closed","ping_status":"closed","template":"","meta":{"footnotes":""},"class_list":["post-492","page","type-page","status-publish","hentry"],"jetpack_sharing_enabled":true,"_links":{"self":[{"href":"https:\/\/wp.ufpel.edu.br\/gbiotec\/wp-json\/wp\/v2\/pages\/492","targetHints":{"allow":["GET"]}}],"collection":[{"href":"https:\/\/wp.ufpel.edu.br\/gbiotec\/wp-json\/wp\/v2\/pages"}],"about":[{"href":"https:\/\/wp.ufpel.edu.br\/gbiotec\/wp-json\/wp\/v2\/types\/page"}],"author":[{"embeddable":true,"href":"https:\/\/wp.ufpel.edu.br\/gbiotec\/wp-json\/wp\/v2\/users\/866"}],"replies":[{"embeddable":true,"href":"https:\/\/wp.ufpel.edu.br\/gbiotec\/wp-json\/wp\/v2\/comments?post=492"}],"version-history":[{"count":29,"href":"https:\/\/wp.ufpel.edu.br\/gbiotec\/wp-json\/wp\/v2\/pages\/492\/revisions"}],"predecessor-version":[{"id":4460,"href":"https:\/\/wp.ufpel.edu.br\/gbiotec\/wp-json\/wp\/v2\/pages\/492\/revisions\/4460"}],"up":[{"embeddable":true,"href":"https:\/\/wp.ufpel.edu.br\/gbiotec\/wp-json\/wp\/v2\/pages\/278"}],"wp:attachment":[{"href":"https:\/\/wp.ufpel.edu.br\/gbiotec\/wp-json\/wp\/v2\/media?parent=492"}],"curies":[{"name":"wp","href":"https:\/\/api.w.org\/{rel}","templated":true}]}}