{"id":4582,"date":"2025-09-17T15:55:19","date_gmt":"2025-09-17T18:55:19","guid":{"rendered":"https:\/\/wp.ufpel.edu.br\/gbiotec\/?page_id=4582"},"modified":"2025-09-23T16:02:10","modified_gmt":"2025-09-23T19:02:10","slug":"ano-2025","status":"publish","type":"page","link":"https:\/\/wp.ufpel.edu.br\/gbiotec\/procedimentos-formularios\/participantes\/ano-2025\/","title":{"rendered":"Ano 2025"},"content":{"rendered":"<p style=\"text-align: center;\"><span style=\"color: #000000;\">Mobilidade Acad\u00eamica 2025<\/span><\/p>\n<table style=\"border-collapse: collapse; width: 99.9999%;\" border=\"1\">\n<tbody>\n<tr style=\"height: 24px;\">\n<td style=\"width: 33.3333%; height: 24px;\"><span style=\"color: #000000;\"><strong>Discente<\/strong><\/span><\/td>\n<td style=\"width: 33.3333%; height: 24px;\"><span style=\"color: #000000;\"><strong>Per\u00edodo<\/strong><\/span><\/td>\n<td style=\"width: 33.3333%; height: 24px;\"><span style=\"color: #000000;\"><strong>Institui\u00e7\u00e3o\/Pa\u00eds<\/strong><\/span><\/td>\n<\/tr>\n<tr style=\"height: 24px;\">\n<td style=\"width: 33.3333%; height: 24px;\"><span style=\"color: #000000;\">Raffaela de Holleben Camozzato Benetti<\/span><\/td>\n<td style=\"width: 33.3333%; height: 24px;\"><span style=\"color: #000000;\">2025\/2<\/span><\/td>\n<td style=\"width: 33.3333%; height: 24px;\"><span style=\"color: #000000;\">Instituto Polit\u00e9cnico de Bragan\u00e7a\/Portugal<\/span><\/td>\n<\/tr>\n<\/tbody>\n<\/table>\n<p>&nbsp;<\/p>\n","protected":false},"excerpt":{"rendered":"<p>Mobilidade Acad\u00eamica 2025 Discente Per\u00edodo Institui\u00e7\u00e3o\/Pa\u00eds Raffaela de Holleben Camozzato Benetti 2025\/2 Instituto Polit\u00e9cnico de Bragan\u00e7a\/Portugal &nbsp;<\/p>\n","protected":false},"author":866,"featured_media":0,"parent":2021,"menu_order":11,"comment_status":"closed","ping_status":"closed","template":"","meta":{"footnotes":""},"class_list":["post-4582","page","type-page","status-publish","hentry"],"jetpack_sharing_enabled":true,"_links":{"self":[{"href":"https:\/\/wp.ufpel.edu.br\/gbiotec\/wp-json\/wp\/v2\/pages\/4582","targetHints":{"allow":["GET"]}}],"collection":[{"href":"https:\/\/wp.ufpel.edu.br\/gbiotec\/wp-json\/wp\/v2\/pages"}],"about":[{"href":"https:\/\/wp.ufpel.edu.br\/gbiotec\/wp-json\/wp\/v2\/types\/page"}],"author":[{"embeddable":true,"href":"https:\/\/wp.ufpel.edu.br\/gbiotec\/wp-json\/wp\/v2\/users\/866"}],"replies":[{"embeddable":true,"href":"https:\/\/wp.ufpel.edu.br\/gbiotec\/wp-json\/wp\/v2\/comments?post=4582"}],"version-history":[{"count":2,"href":"https:\/\/wp.ufpel.edu.br\/gbiotec\/wp-json\/wp\/v2\/pages\/4582\/revisions"}],"predecessor-version":[{"id":4590,"href":"https:\/\/wp.ufpel.edu.br\/gbiotec\/wp-json\/wp\/v2\/pages\/4582\/revisions\/4590"}],"up":[{"embeddable":true,"href":"https:\/\/wp.ufpel.edu.br\/gbiotec\/wp-json\/wp\/v2\/pages\/2021"}],"wp:attachment":[{"href":"https:\/\/wp.ufpel.edu.br\/gbiotec\/wp-json\/wp\/v2\/media?parent=4582"}],"curies":[{"name":"wp","href":"https:\/\/api.w.org\/{rel}","templated":true}]}}