{"id":4060,"date":"2023-09-28T15:45:08","date_gmt":"2023-09-28T18:45:08","guid":{"rendered":"https:\/\/wp.ufpel.edu.br\/gbiotec\/?page_id=4060"},"modified":"2024-10-03T11:38:09","modified_gmt":"2024-10-03T14:38:09","slug":"atividades-extensionistas","status":"publish","type":"page","link":"https:\/\/wp.ufpel.edu.br\/gbiotec\/o-curso\/atividades-extensionistas\/","title":{"rendered":"Atividades extensionistas"},"content":{"rendered":"<p style=\"text-align: justify;\"><span style=\"color: #000000;\">A extens\u00e3o \u00e9 entendida como a intera\u00e7\u00e3o da Universidade com a sociedade. De acordo com o PPC da Biotecnologia, as atividades extensionistas ser\u00e3o desenvolvidas atrav\u00e9s de a\u00e7\u00f5es nos componentes curriculares obrigat\u00f3rios e optativos, est\u00e1gio curricular obrigat\u00f3rio e em atividades complementares.<\/span><\/p>\n<p><span style=\"color: #000000;\">Abaixo \u00e9 feita divulga\u00e7\u00e3o dos produtos gerados das atividades extensionistas realizadas em disciplinas do curso.<\/span><\/p>\n<p><span style=\"color: #000000;\"><span class=\"termHighlighted\">Biosseguran\u00e7a<\/span> aplicada \u00e0 Biotecnologia &#8211; semestre 2023\/1:<\/span><\/p>\n<ul>\n<li><span style=\"color: #000000;\"><a style=\"color: #000000;\" href=\"https:\/\/wp.ufpel.edu.br\/gbiotec\/files\/2023\/09\/Cartaz-Biosseguranca-Grupo-1.pdf\">Cartaz grupo 1<\/a><\/span><\/li>\n<li><span style=\"color: #000000;\"><a style=\"color: #000000;\" href=\"https:\/\/wp.ufpel.edu.br\/gbiotec\/files\/2023\/09\/Cartaz-Biosseguranca-Grupo-2.pdf\">Cartaz grupo 2<\/a><\/span><\/li>\n<li><span style=\"color: #000000;\"><a style=\"color: #000000;\" href=\"https:\/\/wp.ufpel.edu.br\/gbiotec\/files\/2023\/09\/Cartaz-Biosseguranca-Grupo-3.pdf\">Cartaz grupo 3<\/a><\/span><\/li>\n<li><span style=\"color: #000000;\"><a style=\"color: #000000;\" href=\"https:\/\/wp.ufpel.edu.br\/gbiotec\/files\/2023\/09\/Cartaz-Biosseguranca-Grupo-4.pdf\">Cartaz grupo 4<\/a><\/span><\/li>\n<li><span style=\"color: #000000;\"><a style=\"color: #000000;\" href=\"https:\/\/wp.ufpel.edu.br\/gbiotec\/files\/2023\/09\/Cartaz-Biosseguranca-Grupo-5.pdf\">Cartaz grupo 5<\/a><\/span><\/li>\n<\/ul>\n<p><span style=\"color: #000000;\"><span class=\"termHighlighted\">Biosseguran\u00e7a<\/span> aplicada \u00e0 Biotecnologia &#8211; semestre 2024\/1:<\/span><\/p>\n<ul>\n<li><span style=\"color: #000000;\"><a style=\"color: #000000;\" href=\"https:\/\/wp.ufpel.edu.br\/gbiotec\/files\/2024\/10\/Folder-Grupo1.pdf\">Folder Grupo1<\/a><\/span><\/li>\n<li><span style=\"color: #000000;\"><a style=\"color: #000000;\" href=\"https:\/\/wp.ufpel.edu.br\/gbiotec\/files\/2024\/10\/Folder-Grupo-2.pdf\">Folder Grupo 2<\/a><\/span><\/li>\n<li><span style=\"color: #000000;\"><a style=\"color: #000000;\" href=\"https:\/\/wp.ufpel.edu.br\/gbiotec\/files\/2024\/10\/Folder-grupo-3.pdf\">Folder grupo 3<\/a><\/span><\/li>\n<li><span style=\"color: #000000;\"><a style=\"color: #000000;\" href=\"https:\/\/wp.ufpel.edu.br\/gbiotec\/files\/2024\/10\/Folder-grupo-4.pdf\">Folder grupo 4<\/a><\/span><\/li>\n<li><span style=\"color: #000000;\"><a style=\"color: #000000;\" href=\"https:\/\/wp.ufpel.edu.br\/gbiotec\/files\/2024\/10\/Folder-grupo-5.pdf\">Folder grupo 5<\/a><\/span><\/li>\n<\/ul>\n<p>&nbsp;<\/p>\n","protected":false},"excerpt":{"rendered":"<p>A extens\u00e3o \u00e9 entendida como a intera\u00e7\u00e3o da Universidade com a sociedade. De acordo com o PPC da Biotecnologia, as atividades extensionistas ser\u00e3o desenvolvidas atrav\u00e9s de a\u00e7\u00f5es nos componentes curriculares obrigat\u00f3rios e optativos, est\u00e1gio curricular obrigat\u00f3rio e em atividades complementares. Abaixo \u00e9 feita divulga\u00e7\u00e3o dos produtos gerados das atividades extensionistas realizadas em disciplinas do curso. [&hellip;]<\/p>\n","protected":false},"author":866,"featured_media":0,"parent":211,"menu_order":4,"comment_status":"closed","ping_status":"closed","template":"","meta":{"footnotes":""},"class_list":["post-4060","page","type-page","status-publish","hentry"],"jetpack_sharing_enabled":true,"_links":{"self":[{"href":"https:\/\/wp.ufpel.edu.br\/gbiotec\/wp-json\/wp\/v2\/pages\/4060","targetHints":{"allow":["GET"]}}],"collection":[{"href":"https:\/\/wp.ufpel.edu.br\/gbiotec\/wp-json\/wp\/v2\/pages"}],"about":[{"href":"https:\/\/wp.ufpel.edu.br\/gbiotec\/wp-json\/wp\/v2\/types\/page"}],"author":[{"embeddable":true,"href":"https:\/\/wp.ufpel.edu.br\/gbiotec\/wp-json\/wp\/v2\/users\/866"}],"replies":[{"embeddable":true,"href":"https:\/\/wp.ufpel.edu.br\/gbiotec\/wp-json\/wp\/v2\/comments?post=4060"}],"version-history":[{"count":6,"href":"https:\/\/wp.ufpel.edu.br\/gbiotec\/wp-json\/wp\/v2\/pages\/4060\/revisions"}],"predecessor-version":[{"id":4328,"href":"https:\/\/wp.ufpel.edu.br\/gbiotec\/wp-json\/wp\/v2\/pages\/4060\/revisions\/4328"}],"up":[{"embeddable":true,"href":"https:\/\/wp.ufpel.edu.br\/gbiotec\/wp-json\/wp\/v2\/pages\/211"}],"wp:attachment":[{"href":"https:\/\/wp.ufpel.edu.br\/gbiotec\/wp-json\/wp\/v2\/media?parent=4060"}],"curies":[{"name":"wp","href":"https:\/\/api.w.org\/{rel}","templated":true}]}}