{"id":4049,"date":"2023-09-06T15:57:28","date_gmt":"2023-09-06T18:57:28","guid":{"rendered":"https:\/\/wp.ufpel.edu.br\/gbiotec\/?page_id=4049"},"modified":"2023-09-06T15:57:28","modified_gmt":"2023-09-06T18:57:28","slug":"atestados-medicos-orientacoes","status":"publish","type":"page","link":"https:\/\/wp.ufpel.edu.br\/gbiotec\/procedimentos-formularios\/atestados-medicos-orientacoes\/","title":{"rendered":"Atestados m\u00e9dicos &#8211; orienta\u00e7\u00f5es"},"content":{"rendered":"<ul>\n<li><span style=\"color: #000000;\">Atestados m\u00e9dicos n\u00e3o abonam faltas, apenas permitem ao estudante que faltar a uma avalia\u00e7\u00e3o solicitar o agendamento de outra data para faz\u00ea-la (segunda chamada).<\/span><\/li>\n<\/ul>\n<p><span style=\"color: #000000;\">Para solicitar novo agendamento da avalia\u00e7\u00e3o, acessar o sistema Cobalto:<\/span><br \/>\n<span style=\"color: #000000;\">Menu \u00a0\u201cAluno \u2013 Cadastro \u2013 Solicita\u00e7\u00e3o de segunda chamada\u201d.<\/span><\/p>\n<ul>\n<li><span style=\"color: #000000;\">Atestados m\u00e9dicos acima de 3 dias de afastamento ser\u00e3o avaliados pelo setor de Per\u00edcia M\u00e9dica da UFPel, para fins de concess\u00e3o de tratamento excepcional (exerc\u00edcio domiciliar).<\/span><\/li>\n<\/ul>\n<p><span style=\"color: #000000;\">Para solicitar tratamento excepcional, acessar o sistema Cobalto:<\/span><br \/>\n<span style=\"color: #000000;\">Menu\u00a0 \u201cAluno \u2013 Cadastro \u2013 Solicita\u00e7\u00e3o de exerc\u00edcios domiciliares\u201d.<\/span><\/p>\n","protected":false},"excerpt":{"rendered":"<p>Atestados m\u00e9dicos n\u00e3o abonam faltas, apenas permitem ao estudante que faltar a uma avalia\u00e7\u00e3o solicitar o agendamento de outra data para faz\u00ea-la (segunda chamada). Para solicitar novo agendamento da avalia\u00e7\u00e3o, acessar o sistema Cobalto: Menu \u00a0\u201cAluno \u2013 Cadastro \u2013 Solicita\u00e7\u00e3o de segunda chamada\u201d. Atestados m\u00e9dicos acima de 3 dias de afastamento ser\u00e3o avaliados pelo setor [&hellip;]<\/p>\n","protected":false},"author":866,"featured_media":0,"parent":4032,"menu_order":0,"comment_status":"closed","ping_status":"closed","template":"","meta":{"footnotes":""},"class_list":["post-4049","page","type-page","status-publish","hentry"],"jetpack_sharing_enabled":true,"_links":{"self":[{"href":"https:\/\/wp.ufpel.edu.br\/gbiotec\/wp-json\/wp\/v2\/pages\/4049","targetHints":{"allow":["GET"]}}],"collection":[{"href":"https:\/\/wp.ufpel.edu.br\/gbiotec\/wp-json\/wp\/v2\/pages"}],"about":[{"href":"https:\/\/wp.ufpel.edu.br\/gbiotec\/wp-json\/wp\/v2\/types\/page"}],"author":[{"embeddable":true,"href":"https:\/\/wp.ufpel.edu.br\/gbiotec\/wp-json\/wp\/v2\/users\/866"}],"replies":[{"embeddable":true,"href":"https:\/\/wp.ufpel.edu.br\/gbiotec\/wp-json\/wp\/v2\/comments?post=4049"}],"version-history":[{"count":1,"href":"https:\/\/wp.ufpel.edu.br\/gbiotec\/wp-json\/wp\/v2\/pages\/4049\/revisions"}],"predecessor-version":[{"id":4051,"href":"https:\/\/wp.ufpel.edu.br\/gbiotec\/wp-json\/wp\/v2\/pages\/4049\/revisions\/4051"}],"up":[{"embeddable":true,"href":"https:\/\/wp.ufpel.edu.br\/gbiotec\/wp-json\/wp\/v2\/pages\/4032"}],"wp:attachment":[{"href":"https:\/\/wp.ufpel.edu.br\/gbiotec\/wp-json\/wp\/v2\/media?parent=4049"}],"curies":[{"name":"wp","href":"https:\/\/api.w.org\/{rel}","templated":true}]}}