{"id":4044,"date":"2023-09-06T15:37:40","date_gmt":"2023-09-06T18:37:40","guid":{"rendered":"https:\/\/wp.ufpel.edu.br\/gbiotec\/?page_id=4044"},"modified":"2023-09-06T15:39:22","modified_gmt":"2023-09-06T18:39:22","slug":"migracao-curricular","status":"publish","type":"page","link":"https:\/\/wp.ufpel.edu.br\/gbiotec\/procedimentos-formularios\/migracao-curricular\/","title":{"rendered":"Migra\u00e7\u00e3o curricular"},"content":{"rendered":"<p><span style=\"color: #333333;\"><strong>Como solicitar<\/strong><\/span><\/p>\n<p><span style=\"color: #333333;\">Nas regras de transi\u00e7\u00e3o curricular do curso de Biotecnologia est\u00e1 previsto a migra\u00e7\u00e3o do curr\u00edculo antigo para o atual, caso seja de interesse do aluno. Para efetivar a migra\u00e7\u00e3o, o discente deve fazer solicita\u00e7\u00e3o justificando seu o pedido, mediante formul\u00e1rio. O pedido ser\u00e1 avaliado pelo NDE e, se aprovado, a migra\u00e7\u00e3o curricular ser\u00e1 formalizada.<\/span><\/p>\n<p><span style=\"color: #333333;\"><strong>Requerimento<\/strong><\/span><\/p>\n<p><span style=\"color: #333333;\"><a style=\"color: #333333;\" href=\"https:\/\/wp.ufpel.edu.br\/gbiotec\/files\/2022\/12\/Requerimento-migracao-curricular.pdf\">Requerimento migra\u00e7\u00e3o curricular<\/a><\/span><\/p>\n","protected":false},"excerpt":{"rendered":"<p>Como solicitar Nas regras de transi\u00e7\u00e3o curricular do curso de Biotecnologia est\u00e1 previsto a migra\u00e7\u00e3o do curr\u00edculo antigo para o atual, caso seja de interesse do aluno. Para efetivar a migra\u00e7\u00e3o, o discente deve fazer solicita\u00e7\u00e3o justificando seu o pedido, mediante formul\u00e1rio. O pedido ser\u00e1 avaliado pelo NDE e, se aprovado, a migra\u00e7\u00e3o curricular ser\u00e1 [&hellip;]<\/p>\n","protected":false},"author":866,"featured_media":0,"parent":4032,"menu_order":1,"comment_status":"closed","ping_status":"closed","template":"","meta":{"footnotes":""},"class_list":["post-4044","page","type-page","status-publish","hentry"],"jetpack_sharing_enabled":true,"_links":{"self":[{"href":"https:\/\/wp.ufpel.edu.br\/gbiotec\/wp-json\/wp\/v2\/pages\/4044","targetHints":{"allow":["GET"]}}],"collection":[{"href":"https:\/\/wp.ufpel.edu.br\/gbiotec\/wp-json\/wp\/v2\/pages"}],"about":[{"href":"https:\/\/wp.ufpel.edu.br\/gbiotec\/wp-json\/wp\/v2\/types\/page"}],"author":[{"embeddable":true,"href":"https:\/\/wp.ufpel.edu.br\/gbiotec\/wp-json\/wp\/v2\/users\/866"}],"replies":[{"embeddable":true,"href":"https:\/\/wp.ufpel.edu.br\/gbiotec\/wp-json\/wp\/v2\/comments?post=4044"}],"version-history":[{"count":1,"href":"https:\/\/wp.ufpel.edu.br\/gbiotec\/wp-json\/wp\/v2\/pages\/4044\/revisions"}],"predecessor-version":[{"id":4046,"href":"https:\/\/wp.ufpel.edu.br\/gbiotec\/wp-json\/wp\/v2\/pages\/4044\/revisions\/4046"}],"up":[{"embeddable":true,"href":"https:\/\/wp.ufpel.edu.br\/gbiotec\/wp-json\/wp\/v2\/pages\/4032"}],"wp:attachment":[{"href":"https:\/\/wp.ufpel.edu.br\/gbiotec\/wp-json\/wp\/v2\/media?parent=4044"}],"curies":[{"name":"wp","href":"https:\/\/api.w.org\/{rel}","templated":true}]}}