{"id":4032,"date":"2023-09-06T14:40:25","date_gmt":"2023-09-06T17:40:25","guid":{"rendered":"https:\/\/wp.ufpel.edu.br\/gbiotec\/?page_id=4032"},"modified":"2026-03-03T09:53:03","modified_gmt":"2026-03-03T12:53:03","slug":"procedimentos-formularios","status":"publish","type":"page","link":"https:\/\/wp.ufpel.edu.br\/gbiotec\/procedimentos-formularios\/","title":{"rendered":"FORMUL\u00c1RIOS\/PROCEDIMENTOS"},"content":{"rendered":"<p style=\"text-align: center;\"><span style=\"color: #000000;\">Informa\u00e7\u00f5es sobre procedimentos acad\u00eamicos e documenta\u00e7\u00e3o necess\u00e1ria:<\/span><\/p>\n<p>&nbsp;<\/p>\n<div class=\"wp-block-kadence-iconlist kt-svg-icon-list-items kt-svg-icon-list-items_0d549b-42 kt-svg-icon-list-columns-1 alignnone\">\n<ul class=\"kt-svg-icon-list\">\n<li class=\"wp-block-kadence-listitem kt-svg-icon-list-item-wrap kt-svg-icon-list-item-_2189fc-38 kt-svg-icon-list-style-default\"><span class=\"kt-svg-icon-list-text\" style=\"color: #000000;\"><a style=\"color: #000000;\" href=\"https:\/\/wp.ufpel.edu.br\/cra\/aproveitamento-de-disciplina\/\">Aproveitamento de estudos<\/a> &#8211; Via Cobalto<\/span><\/li>\n<li><span class=\"kt-svg-icon-list-text\" style=\"color: #000000;\"><a style=\"color: #000000;\" href=\"https:\/\/wp.ufpel.edu.br\/cra\/informacoes-academicas\/quebra-de-pre-requisito\/\">Quebra de pr\u00e9-requisito<\/a> &#8211; Via requerimento<\/span><\/li>\n<li><span style=\"color: #000000;\"><a style=\"color: #000000;\" href=\"https:\/\/wp.ufpel.edu.br\/gbiotec\/procedimentos-formularios\/migracao-curricular\/\">Migra\u00e7\u00e3o curricular<\/a> &#8211; Via <span class=\"kt-svg-icon-list-text\" style=\"color: #000000;\">requerimento<\/span><\/span><\/li>\n<li><span style=\"color: #000000;\">Atestados m\u00e9dicos &#8211; <span style=\"color: #0000ff;\"><a style=\"color: #0000ff;\" href=\"https:\/\/wp.ufpel.edu.br\/gbiotec\/procedimentos-formularios\/atestados-medicos-orientacoes\/\">Orienta\u00e7\u00f5es<\/a><\/span><\/span><\/li>\n<li class=\"wp-block-kadence-listitem kt-svg-icon-list-item-wrap kt-svg-icon-list-item-_320bdf-cd kt-svg-icon-list-style-default\"><span class=\"kt-svg-icon-list-text\" style=\"color: #000000;\"><a style=\"color: #000000;\" href=\"https:\/\/wp.ufpel.edu.br\/cra\/avaliacao-segunda-chamada\/\">Avalia\u00e7\u00e3o \u2013 segunda chamada<\/a> &#8211; Via Cobalto<\/span><\/li>\n<li class=\"wp-block-kadence-listitem kt-svg-icon-list-item-wrap kt-svg-icon-list-item-_c4a9cf-e0 kt-svg-icon-list-style-default\"><span class=\"kt-svg-icon-list-text\" style=\"color: #000000;\"><a style=\"color: #000000;\" href=\"https:\/\/wp.ufpel.edu.br\/cra\/exercicios-domiciliares\/\">Exerc\u00edcio domiciliar<\/a> &#8211; Via Cobalto<\/span><\/li>\n<li><span style=\"color: #000000;\"><a style=\"color: #000000;\" href=\"https:\/\/wp.ufpel.edu.br\/cra\/informacoes-academicas\/abono-de-faltas\/\">Abono de faltas<\/a> &#8211; Via solicita\u00e7\u00e3o<\/span><\/li>\n<li class=\"wp-block-kadence-listitem kt-svg-icon-list-item-wrap kt-svg-icon-list-item-_96c762-17 kt-svg-icon-list-style-default\"><span class=\"kt-svg-icon-list-text\" style=\"color: #000000;\"><a style=\"color: #000000;\" href=\"https:\/\/wp.ufpel.edu.br\/cra\/programa-de-mobilidade-academica\/\">Mobilidade acad\u00eamica<\/a> &#8211; <span style=\"color: #0000ff;\"><a style=\"color: #0000ff;\" href=\"https:\/\/wp.ufpel.edu.br\/gbiotec\/mobilidade\/participantes\/\">Participantes<\/a><\/span><\/span><\/li>\n<li class=\"wp-block-kadence-listitem kt-svg-icon-list-item-wrap kt-svg-icon-list-item-_fb19dd-65 kt-svg-icon-list-style-default\"><span class=\"kt-svg-icon-list-text\" style=\"color: #000000;\"><a style=\"color: #000000;\" href=\"https:\/\/wp.ufpel.edu.br\/cra\/regime-concentrado\/\">Regime concentrado<\/a> &#8211; Via requerimento<\/span><\/li>\n<li class=\"wp-block-kadence-listitem kt-svg-icon-list-item-wrap kt-svg-icon-list-item-_f98fe9-aa kt-svg-icon-list-style-default\"><span class=\"kt-svg-icon-list-text\" style=\"color: #000000;\"><a style=\"color: #000000;\" href=\"https:\/\/wp.ufpel.edu.br\/cra\/revisao-de-desempenho\/\">Revis\u00e3o de desempenho<\/a> &#8211; Via requerimento<\/span><\/li>\n<li class=\"wp-block-kadence-listitem kt-svg-icon-list-item-wrap kt-svg-icon-list-item-_f596b2-8e kt-svg-icon-list-style-default\"><span class=\"kt-svg-icon-list-text\" style=\"color: #000000;\"><a style=\"color: #000000;\" href=\"https:\/\/wp.ufpel.edu.br\/cra\/aproveitamento-por-extraordinario-conhecimento-prova-de-proficiencia\/\">Aproveitamento por extraordin\u00e1rio conhecimento<\/a> &#8211; Via requerimento<\/span><\/li>\n<li><span style=\"color: #000000;\">Formatura institucional &#8211; <span style=\"color: #0000ff;\"><a style=\"color: #0000ff;\" href=\"https:\/\/wp.ufpel.edu.br\/formaturas\/\">Informa\u00e7\u00f5es<\/a><\/span><\/span><\/li>\n<li><span style=\"color: #000000;\"><a style=\"color: #000000;\" href=\"https:\/\/wp.ufpel.edu.br\/cra\/colacao-de-grau\/\">Cola\u00e7\u00e3o de grau (Formatura)<\/a> &#8211; Via Cobalto<\/span><\/li>\n<li class=\"wp-block-kadence-listitem kt-svg-icon-list-item-wrap kt-svg-icon-list-item-_61c2ec-ab kt-svg-icon-list-style-default\"><span class=\"kt-svg-icon-list-text\" style=\"color: #000000;\"><a style=\"color: #000000;\" href=\"https:\/\/wp.ufpel.edu.br\/cra\/trancamentos\/\">Trancamento de matr\u00edcula<\/a> &#8211; Via Cobalto<\/span><\/li>\n<li><span class=\"kt-svg-icon-list-text\" style=\"color: #000000;\"><a style=\"color: #000000;\" href=\"https:\/\/wp.ufpel.edu.br\/cra\/cancelamento-de-matricula\/\">Cancelamento de matr\u00edcula<\/a> &#8211; Via Cobalto<\/span><\/li>\n<\/ul>\n<\/div>\n<p>&nbsp;<\/p>\n<p>Mais informa\u00e7\u00f5es em: <span style=\"color: #0000ff;\"><a style=\"color: #0000ff;\" href=\"https:\/\/wp.ufpel.edu.br\/cra\/informacoes-academicas\/\">https:\/\/wp.ufpel.edu.br\/cra\/informacoes-academicas\/<\/a><\/span><\/p>\n","protected":false},"excerpt":{"rendered":"<p>Informa\u00e7\u00f5es sobre procedimentos acad\u00eamicos e documenta\u00e7\u00e3o necess\u00e1ria: &nbsp; Aproveitamento de estudos &#8211; Via Cobalto Quebra de pr\u00e9-requisito &#8211; Via requerimento Migra\u00e7\u00e3o curricular &#8211; Via requerimento Atestados m\u00e9dicos &#8211; Orienta\u00e7\u00f5es Avalia\u00e7\u00e3o \u2013 segunda chamada &#8211; Via Cobalto Exerc\u00edcio domiciliar &#8211; Via Cobalto Abono de faltas &#8211; Via solicita\u00e7\u00e3o Mobilidade acad\u00eamica &#8211; Participantes Regime concentrado &#8211; Via [&hellip;]<\/p>\n","protected":false},"author":866,"featured_media":0,"parent":0,"menu_order":0,"comment_status":"closed","ping_status":"closed","template":"","meta":{"footnotes":""},"class_list":["post-4032","page","type-page","status-publish","hentry"],"jetpack_sharing_enabled":true,"_links":{"self":[{"href":"https:\/\/wp.ufpel.edu.br\/gbiotec\/wp-json\/wp\/v2\/pages\/4032","targetHints":{"allow":["GET"]}}],"collection":[{"href":"https:\/\/wp.ufpel.edu.br\/gbiotec\/wp-json\/wp\/v2\/pages"}],"about":[{"href":"https:\/\/wp.ufpel.edu.br\/gbiotec\/wp-json\/wp\/v2\/types\/page"}],"author":[{"embeddable":true,"href":"https:\/\/wp.ufpel.edu.br\/gbiotec\/wp-json\/wp\/v2\/users\/866"}],"replies":[{"embeddable":true,"href":"https:\/\/wp.ufpel.edu.br\/gbiotec\/wp-json\/wp\/v2\/comments?post=4032"}],"version-history":[{"count":4,"href":"https:\/\/wp.ufpel.edu.br\/gbiotec\/wp-json\/wp\/v2\/pages\/4032\/revisions"}],"predecessor-version":[{"id":4693,"href":"https:\/\/wp.ufpel.edu.br\/gbiotec\/wp-json\/wp\/v2\/pages\/4032\/revisions\/4693"}],"wp:attachment":[{"href":"https:\/\/wp.ufpel.edu.br\/gbiotec\/wp-json\/wp\/v2\/media?parent=4032"}],"curies":[{"name":"wp","href":"https:\/\/api.w.org\/{rel}","templated":true}]}}