{"id":3915,"date":"2023-05-03T09:25:44","date_gmt":"2023-05-03T12:25:44","guid":{"rendered":"https:\/\/wp.ufpel.edu.br\/gbiotec\/?page_id=3915"},"modified":"2023-10-26T15:07:16","modified_gmt":"2023-10-26T18:07:16","slug":"ano-2023","status":"publish","type":"page","link":"https:\/\/wp.ufpel.edu.br\/gbiotec\/procedimentos-formularios\/participantes\/ano-2023\/","title":{"rendered":"Ano 2023"},"content":{"rendered":"<p style=\"text-align: center;\"><span style=\"color: #000000;\">Mobilidade Acad\u00eamica 2022<\/span><\/p>\n<table style=\"border-collapse: collapse; width: 99.9999%;\" border=\"1\">\n<tbody>\n<tr>\n<td style=\"width: 33.3333%;\"><span style=\"color: #000000;\"><strong>Discente<\/strong><\/span><\/td>\n<td style=\"width: 33.3333%;\"><span style=\"color: #000000;\"><strong>Per\u00edodo<\/strong><\/span><\/td>\n<td style=\"width: 33.3333%;\"><span style=\"color: #000000;\"><strong>Institui\u00e7\u00e3o\/Pa\u00eds<\/strong><\/span><\/td>\n<\/tr>\n<tr>\n<td style=\"width: 33.3333%;\"><span style=\"color: #000000;\">Beatriz Campos da Motta Santos<\/span><\/td>\n<td style=\"width: 33.3333%;\"><span style=\"color: #000000;\">2022\/2; 2023\/1<\/span><\/td>\n<td style=\"width: 33.3333%;\"><span style=\"color: #000000;\">Instituto Polit\u00e9cnico de Bragan\u00e7a\/Portugal<\/span><\/td>\n<\/tr>\n<\/tbody>\n<\/table>\n<p>&nbsp;<\/p>\n","protected":false},"excerpt":{"rendered":"<p>Mobilidade Acad\u00eamica 2022 Discente Per\u00edodo Institui\u00e7\u00e3o\/Pa\u00eds Beatriz Campos da Motta Santos 2022\/2; 2023\/1 Instituto Polit\u00e9cnico de Bragan\u00e7a\/Portugal &nbsp;<\/p>\n","protected":false},"author":866,"featured_media":0,"parent":2021,"menu_order":10,"comment_status":"closed","ping_status":"closed","template":"","meta":{"footnotes":""},"class_list":["post-3915","page","type-page","status-publish","hentry"],"jetpack_sharing_enabled":true,"_links":{"self":[{"href":"https:\/\/wp.ufpel.edu.br\/gbiotec\/wp-json\/wp\/v2\/pages\/3915","targetHints":{"allow":["GET"]}}],"collection":[{"href":"https:\/\/wp.ufpel.edu.br\/gbiotec\/wp-json\/wp\/v2\/pages"}],"about":[{"href":"https:\/\/wp.ufpel.edu.br\/gbiotec\/wp-json\/wp\/v2\/types\/page"}],"author":[{"embeddable":true,"href":"https:\/\/wp.ufpel.edu.br\/gbiotec\/wp-json\/wp\/v2\/users\/866"}],"replies":[{"embeddable":true,"href":"https:\/\/wp.ufpel.edu.br\/gbiotec\/wp-json\/wp\/v2\/comments?post=3915"}],"version-history":[{"count":8,"href":"https:\/\/wp.ufpel.edu.br\/gbiotec\/wp-json\/wp\/v2\/pages\/3915\/revisions"}],"predecessor-version":[{"id":4108,"href":"https:\/\/wp.ufpel.edu.br\/gbiotec\/wp-json\/wp\/v2\/pages\/3915\/revisions\/4108"}],"up":[{"embeddable":true,"href":"https:\/\/wp.ufpel.edu.br\/gbiotec\/wp-json\/wp\/v2\/pages\/2021"}],"wp:attachment":[{"href":"https:\/\/wp.ufpel.edu.br\/gbiotec\/wp-json\/wp\/v2\/media?parent=3915"}],"curies":[{"name":"wp","href":"https:\/\/api.w.org\/{rel}","templated":true}]}}