{"id":3908,"date":"2023-05-03T09:15:03","date_gmt":"2023-05-03T12:15:03","guid":{"rendered":"https:\/\/wp.ufpel.edu.br\/gbiotec\/?page_id=3908"},"modified":"2025-10-22T15:58:55","modified_gmt":"2025-10-22T18:58:55","slug":"laboratorio-de-bioinformatica","status":"publish","type":"page","link":"https:\/\/wp.ufpel.edu.br\/gbiotec\/infraestrutura\/pesquisa\/laboratorio-de-bioinformatica\/","title":{"rendered":"Laborat\u00f3rio de Bioinform\u00e1tica"},"content":{"rendered":"<p><img class=\"\" src=\"https:\/\/wp.ufpel.edu.br\/ppgbiotec\/files\/2016\/12\/img_bioinformatica_2-424x318.jpg\" width=\"267\" height=\"200\" \/>\u00a0 \u00a0 \u00a0<img class=\"alignnone\" src=\"https:\/\/wp.ufpel.edu.br\/ppgbiotec\/files\/2016\/12\/img_bioinformatica_1-424x318.jpg\" width=\"267\" height=\"200\" \/><\/p>\n<p><span style=\"color: #000000;\"><strong>Unidade:<\/strong> Centro de Desenvolvimento Tecnol\u00f3gico (CDTec)<\/span><br \/>\n<span style=\"color: #000000;\"> <strong>Curso:<\/strong> Biotecnologia<\/span><br \/>\n<span style=\"color: #000000;\"> <strong>C\u00f3digo NULAB:<\/strong>\u00a090153<\/span><\/p>\n<p><span style=\"color: #000000;\"><strong>Descri\u00e7\u00e3o: <\/strong>O Laborat\u00f3rio de Bioinform\u00e1tica trabalha com projetos de machine learning e din\u00e2mica molecular, bem como quimioinform\u00e1tica e an\u00e1lise de genomas.<\/span><\/p>\n<p><span style=\"color: #000000;\"><strong>Localiza\u00e7\u00e3o<\/strong><\/span><br \/>\n<span style=\"color: #000000;\"> <strong>Campus:<\/strong>\u00a0Cap\u00e3o do Le\u00e3o<\/span><br \/>\n<span style=\"color: #000000;\"> <strong>Pr\u00e9dio:<\/strong> 19<\/span><\/p>\n<p><span style=\"color: #000000;\"><strong>Contato<\/strong><\/span><br \/>\n<span style=\"color: #000000;\"><strong>Nome:<\/strong> Prof. Dr. Frederico Schmitt Kremer<\/span><br \/>\n<span style=\"color: #000000;\"><strong>E-mail<\/strong>: fred.s.kremer@gmail.com <\/span><\/p>\n<p><span style=\"color: #000000;\"><strong>Equipamentos<br \/>\n<\/strong>5 m\u00e1quinas com GPU e 32 Gb de RAM<br \/>\n1 m\u00e1quina com 24 e 64 Gb de RAM<\/span><\/p>\n","protected":false},"excerpt":{"rendered":"<p>\u00a0 \u00a0 \u00a0 Unidade: Centro de Desenvolvimento Tecnol\u00f3gico (CDTec) Curso: Biotecnologia C\u00f3digo NULAB:\u00a090153 Descri\u00e7\u00e3o: O Laborat\u00f3rio de Bioinform\u00e1tica trabalha com projetos de machine learning e din\u00e2mica molecular, bem como quimioinform\u00e1tica e an\u00e1lise de genomas. Localiza\u00e7\u00e3o Campus:\u00a0Cap\u00e3o do Le\u00e3o Pr\u00e9dio: 19 Contato Nome: Prof. Dr. Frederico Schmitt Kremer E-mail: fred.s.kremer@gmail.com Equipamentos 5 m\u00e1quinas com GPU e [&hellip;]<\/p>\n","protected":false},"author":866,"featured_media":0,"parent":53,"menu_order":0,"comment_status":"closed","ping_status":"closed","template":"","meta":{"footnotes":""},"class_list":["post-3908","page","type-page","status-publish","hentry"],"jetpack_sharing_enabled":true,"_links":{"self":[{"href":"https:\/\/wp.ufpel.edu.br\/gbiotec\/wp-json\/wp\/v2\/pages\/3908","targetHints":{"allow":["GET"]}}],"collection":[{"href":"https:\/\/wp.ufpel.edu.br\/gbiotec\/wp-json\/wp\/v2\/pages"}],"about":[{"href":"https:\/\/wp.ufpel.edu.br\/gbiotec\/wp-json\/wp\/v2\/types\/page"}],"author":[{"embeddable":true,"href":"https:\/\/wp.ufpel.edu.br\/gbiotec\/wp-json\/wp\/v2\/users\/866"}],"replies":[{"embeddable":true,"href":"https:\/\/wp.ufpel.edu.br\/gbiotec\/wp-json\/wp\/v2\/comments?post=3908"}],"version-history":[{"count":3,"href":"https:\/\/wp.ufpel.edu.br\/gbiotec\/wp-json\/wp\/v2\/pages\/3908\/revisions"}],"predecessor-version":[{"id":4624,"href":"https:\/\/wp.ufpel.edu.br\/gbiotec\/wp-json\/wp\/v2\/pages\/3908\/revisions\/4624"}],"up":[{"embeddable":true,"href":"https:\/\/wp.ufpel.edu.br\/gbiotec\/wp-json\/wp\/v2\/pages\/53"}],"wp:attachment":[{"href":"https:\/\/wp.ufpel.edu.br\/gbiotec\/wp-json\/wp\/v2\/media?parent=3908"}],"curies":[{"name":"wp","href":"https:\/\/api.w.org\/{rel}","templated":true}]}}