{"id":3665,"date":"2025-12-29T18:00:05","date_gmt":"2025-12-29T21:00:05","guid":{"rendered":"https:\/\/wp.ufpel.edu.br\/gbiotec\/?page_id=3665"},"modified":"2025-12-29T18:06:44","modified_gmt":"2025-12-29T21:06:44","slug":"projetos","status":"publish","type":"page","link":"https:\/\/wp.ufpel.edu.br\/gbiotec\/o-curso\/projetos\/","title":{"rendered":"Projetos desenvolvidos"},"content":{"rendered":"<p style=\"text-align: center;\"><span style=\"color: #000000;\">Rela\u00e7\u00e3o dos projetos desenvolvidos no curso de Biotecnologia<\/span><\/p>\n<table style=\"border-collapse: collapse; width: 100%; height: 1200px;\" border=\"1\">\n<tbody>\n<tr style=\"height: 24px;\">\n<td style=\"width: 68.9877%; height: 24px; text-align: center;\"><span style=\"color: #000000;\"><strong>Projeto<\/strong><\/span><\/td>\n<td style=\"width: 7.62593%; height: 24px; text-align: center;\"><span style=\"color: #000000;\"><strong>\u00canfase<\/strong><\/span><\/td>\n<td style=\"width: 23.5209%; height: 24px; text-align: center;\"><span style=\"color: #000000;\"><strong>Prof(a) Coordenador(a)<\/strong><\/span><\/td>\n<\/tr>\n<tr style=\"height: 24px;\">\n<td style=\"width: 68.9877%; height: 24px;\"><span style=\"color: #000000;\">Conectando Ci\u00eancia e Comunidade: Vacinas, Verdades e Vozes<\/span><\/td>\n<td style=\"width: 7.62593%; height: 24px;\"><span style=\"color: #000000;\">Extens\u00e3o<\/span><\/td>\n<td style=\"width: 23.5209%; height: 24px;\"><span style=\"color: #000000;\">Alan John Alexander McBride<\/span><\/td>\n<\/tr>\n<tr style=\"height: 24px;\">\n<td style=\"width: 68.9877%; height: 24px;\"><span style=\"color: #000000;\">BCG Recombinante e Vacinas Multiep\u00edtopo: Ensaios Pr\u00e9-Cl\u00ednicos contra Melanoma e C\u00e2ncer de Bexiga<\/span><\/td>\n<td style=\"width: 7.62593%; height: 24px;\"><span style=\"color: #000000;\">Pesquisa<\/span><\/td>\n<td style=\"width: 23.5209%; height: 24px;\"><span style=\"color: #000000;\">Fabiana K\u00f6mmling Seixas<\/span><\/td>\n<\/tr>\n<tr style=\"height: 24px;\">\n<td style=\"width: 68.9877%; height: 24px;\"><span style=\"color: #000000;\"><em>Bacillus thuringiensis<\/em> para utiliza\u00e7\u00e3o no controle de pragas agr\u00edcolas<\/span><\/td>\n<td style=\"width: 7.62593%; height: 24px;\"><span style=\"color: #000000;\">Pesquisa<\/span><\/td>\n<td style=\"width: 23.5209%; height: 24px;\"><span style=\"color: #000000;\">F\u00e1bio Pereira Leivas Leite<\/span><\/td>\n<\/tr>\n<tr style=\"height: 24px;\">\n<td style=\"width: 68.9877%; height: 24px;\"><span style=\"color: #000000;\">Desenvolvimento de ant\u00edgeno recombinante para utiliza\u00e7\u00e3o como imunocontraceptivo em Su\u00ednos<\/span><\/td>\n<td style=\"width: 7.62593%; height: 24px;\"><span style=\"color: #000000;\">Pesquisa<\/span><\/td>\n<td style=\"width: 23.5209%; height: 24px;\"><span style=\"color: #000000;\">F\u00e1bio Pereira Leivas Leite<\/span><\/td>\n<\/tr>\n<tr style=\"height: 24px;\">\n<td style=\"width: 68.9877%; height: 24px;\"><span style=\"color: #000000;\">Desenvolvimento de uma vacina contra Enteropatia Proliferativa e Salmonelose em su\u00ednos<\/span><\/td>\n<td style=\"width: 7.62593%; height: 24px;\"><span style=\"color: #000000;\">Pesquisa<\/span><\/td>\n<td style=\"width: 23.5209%; height: 24px;\"><span style=\"color: #000000;\">F\u00e1bio Pereira Leivas Leite<\/span><\/td>\n<\/tr>\n<tr style=\"height: 24px;\">\n<td style=\"width: 68.9877%; height: 24px;\"><span style=\"color: #000000;\">Desenvolvimento de uma vacina recombinante para o controle de <em>Haemonchus contortus <\/em><\/span><\/td>\n<td style=\"width: 7.62593%; height: 24px;\"><span style=\"color: #000000;\">Pesquisa<\/span><\/td>\n<td style=\"width: 23.5209%; height: 24px;\"><span style=\"color: #000000;\">F\u00e1bio Pereira Leivas Leite<\/span><\/td>\n<\/tr>\n<tr style=\"height: 48px;\">\n<td style=\"width: 68.9877%; height: 48px;\"><span style=\"color: #000000;\">Desenvolvimento de uma vacina recombinante para rotav\u00edrus equino<br \/>\n<\/span><\/td>\n<td style=\"width: 7.62593%; height: 48px;\"><span style=\"color: #000000;\">Pesquisa<\/span><\/td>\n<td style=\"width: 23.5209%; height: 48px;\"><span style=\"color: #000000;\">F\u00e1bio Pereira Leivas Leite<\/span><\/td>\n<\/tr>\n<tr style=\"height: 24px;\">\n<td style=\"width: 68.9877%; height: 24px;\"><span style=\"color: #000000;\"><em>Lacticasei bacillus casei<\/em> P054 como plataforma para o desenvolvimento de uma vacina contra Enteropatia Proliferativa em su\u00ednos<\/span><\/td>\n<td style=\"width: 7.62593%; height: 24px;\"><span style=\"color: #000000;\">Pesquisa<\/span><\/td>\n<td style=\"width: 23.5209%; height: 24px;\"><span style=\"color: #000000;\">F\u00e1bio Pereira Leivas Leite<\/span><\/td>\n<\/tr>\n<tr style=\"height: 24px;\">\n<td style=\"width: 68.9877%; height: 24px;\"><span style=\"color: #000000;\">Predi\u00e7\u00e3o de ep\u00edtopos antig\u00eanicos e seu potencial uso vacinal contra <em>Lawsonia intracellularis<\/em> em su\u00ednos<\/span><\/td>\n<td style=\"width: 7.62593%; height: 24px;\"><span style=\"color: #000000;\">Pesquisa<\/span><\/td>\n<td style=\"width: 23.5209%; height: 24px;\"><span style=\"color: #000000;\">F\u00e1bio Pereira Leivas Leite<\/span><\/td>\n<\/tr>\n<tr style=\"height: 24px;\">\n<td style=\"width: 68.9877%; height: 24px;\"><span style=\"color: #000000;\">Clones multiantig\u00eanicos para desenvolvimento de vacinas inovadoras contra clostridioses veterin\u00e1rias<\/span><\/td>\n<td style=\"width: 7.62593%; height: 24px;\"><span style=\"color: #000000;\">Pesquisa<\/span><\/td>\n<td style=\"width: 23.5209%; height: 24px;\"><span style=\"color: #000000;\">Fabricio Rochedo Concei\u00e7\u00e3o<\/span><\/td>\n<\/tr>\n<tr style=\"height: 24px;\">\n<td style=\"width: 68.9877%; height: 24px;\"><span style=\"color: #000000;\">Desenvolvimento de vacinas recombinantes contra clostridioses veterin\u00e1rias<\/span><\/td>\n<td style=\"width: 7.62593%; height: 24px;\"><span style=\"color: #000000;\">Pesquisa<\/span><\/td>\n<td style=\"width: 23.5209%; height: 24px;\"><span style=\"color: #000000;\">Fabricio Rochedo Concei\u00e7\u00e3o<\/span><\/td>\n<\/tr>\n<tr style=\"height: 24px;\">\n<td style=\"width: 68.9877%; height: 24px;\"><span style=\"color: #000000;\">Pept\u00eddeos antimicrobianos da mosca \u201cSoldado Negro\u201d nativos e recombinantes<\/span><\/td>\n<td style=\"width: 7.62593%; height: 24px;\"><span style=\"color: #000000;\">Pesquisa<\/span><\/td>\n<td style=\"width: 23.5209%; height: 24px;\"><span style=\"color: #000000;\">Fabricio Rochedo Concei\u00e7\u00e3o<\/span><\/td>\n<\/tr>\n<tr style=\"height: 48px;\">\n<td style=\"width: 68.9877%; height: 48px;\"><span style=\"color: #000000;\">REIVAVET-RS &#8211; Rede de Inova\u00e7\u00e3o em Vacinas Veterin\u00e1rias do Rio Grande do Sul<\/span><\/td>\n<td style=\"width: 7.62593%; height: 48px;\"><span style=\"color: #000000;\">Pesquisa<\/span><\/td>\n<td style=\"width: 23.5209%; height: 48px;\"><span style=\"color: #000000;\">Fabricio Rochedo Concei\u00e7\u00e3o<\/span><\/td>\n<\/tr>\n<tr style=\"height: 48px;\">\n<td style=\"width: 68.9877%; height: 48px;\"><span style=\"color: #000000;\">Desenvolvimento de uma ferramenta de bioinform\u00e1tica para anota\u00e7\u00e3o de genes de resist\u00eancia bacteriana a antiss\u00e9pticos e desinfetantes<br \/>\n<\/span><\/td>\n<td style=\"width: 7.62593%; height: 48px;\"><span style=\"color: #000000;\">Pesquisa<\/span><\/td>\n<td style=\"width: 23.5209%; height: 48px;\"><span style=\"color: #000000;\">Frederico Schmitt Kremer<\/span><\/td>\n<\/tr>\n<tr style=\"height: 48px;\">\n<td style=\"width: 68.9877%; height: 48px;\"><span style=\"color: #000000;\">Desenvolvimento de uma pipeline de bioinform\u00e1tica para patologia molecular baseada em Oxford Nanopore<\/span><\/td>\n<td style=\"width: 7.62593%; height: 48px;\"><span style=\"color: #000000;\">Pesquisa<\/span><\/td>\n<td style=\"width: 23.5209%; height: 48px;\"><span style=\"color: #000000;\">Frederico Schmitt Kremer<\/span><\/td>\n<\/tr>\n<tr style=\"height: 48px;\">\n<td style=\"width: 68.9877%; height: 48px;\"><span style=\"color: #000000;\">sAMPLe: Uma Ferramenta Web para Identifica\u00e7\u00e3o de Pept\u00eddeos Antimicrobianos<\/span><\/td>\n<td style=\"width: 7.62593%; height: 48px;\"><span style=\"color: #000000;\">Pesquisa<\/span><\/td>\n<td style=\"width: 23.5209%; height: 48px;\"><span style=\"color: #000000;\">Frederico Schmitt Kremer<\/span><\/td>\n<\/tr>\n<tr style=\"height: 24px;\">\n<td style=\"width: 68.9877%; height: 24px;\"><span style=\"color: #000000;\">Omixdata: difus\u00e3o de conhecimentos de biotecnologia, bioinform\u00e1tica e aprendizagem de m\u00e1quina atrav\u00e9s de redes sociais e plataforma de microblogging e blogging<\/span><\/td>\n<td style=\"width: 7.62593%; height: 24px;\"><span style=\"color: #000000;\">Extens\u00e3o<\/span><\/td>\n<td style=\"width: 23.5209%; height: 24px;\"><span style=\"color: #000000;\">Frederico Schmitt Kremer<\/span><\/td>\n<\/tr>\n<tr style=\"height: 24px;\">\n<td style=\"width: 68.9877%; height: 24px;\"><span style=\"color: #000000;\">Biotecnologia invade a escola e Mural G Biotec em tempos de distanciamento<\/span><\/td>\n<td style=\"width: 7.62593%; height: 24px;\"><span style=\"color: #000000;\">Extens\u00e3o<\/span><\/td>\n<td style=\"width: 23.5209%; height: 24px;\"><span style=\"color: #000000;\">Luciana Bicca Dode<\/span><\/td>\n<\/tr>\n<tr style=\"height: 24px;\">\n<td style=\"width: 68.9877%; height: 24px;\"><span style=\"color: #000000;\">Micro_verdes,\u00a0sustentabilidade e a fisiologia vegetal<\/span><\/td>\n<td style=\"width: 7.62593%; height: 24px;\"><span style=\"color: #000000;\">Extens\u00e3o<\/span><\/td>\n<td style=\"width: 23.5209%; height: 24px;\"><span style=\"color: #000000;\">Luciana Bicca Dode<\/span><\/td>\n<\/tr>\n<tr style=\"height: 48px;\">\n<td style=\"width: 68.9877%; height: 48px;\"><span style=\"color: #000000;\">Avalia\u00e7\u00e3o da atividade antiviral de lectinas nativas e recombinantes frente a agentes virais de import\u00e2ncia veterin\u00e1ria<br \/>\n<\/span><\/td>\n<td style=\"width: 7.62593%; height: 48px;\"><span style=\"color: #000000;\">Pesquisa<\/span><\/td>\n<td style=\"width: 23.5209%; height: 48px;\"><span style=\"color: #000000;\">Luciano da Silva Pinto<\/span><\/td>\n<\/tr>\n<tr style=\"height: 24px;\">\n<td style=\"width: 68.9877%; height: 24px;\"><span style=\"color: #000000;\">Constru\u00e7\u00e3o de uma nova lectina ciborgue para aplica\u00e7\u00e3o biotecnol\u00f3gica<\/span><\/td>\n<td style=\"width: 7.62593%; height: 24px;\"><span style=\"color: #000000;\">Pesquisa<\/span><\/td>\n<td style=\"width: 23.5209%; height: 24px;\"><span style=\"color: #000000;\">Luciano da Silva Pinto<\/span><\/td>\n<\/tr>\n<tr style=\"height: 24px;\">\n<td style=\"width: 68.9877%; height: 24px;\"><span style=\"color: #000000;\">Desenvolvimento de um biossensor para detec\u00e7\u00e3o de c\u00e9lulas tumorais atrav\u00e9s de lectinas<\/span><\/td>\n<td style=\"width: 7.62593%; height: 24px;\"><span style=\"color: #000000;\">Pesquisa<\/span><\/td>\n<td style=\"width: 23.5209%; height: 24px;\"><span style=\"color: #000000;\">Luciano da Silva Pinto<\/span><\/td>\n<\/tr>\n<tr style=\"height: 24px;\">\n<td style=\"width: 68.9877%; height: 24px;\"><span style=\"color: #000000;\">Lectinas como ferramenta de entrega de vacinas veterin\u00e1rias<\/span><\/td>\n<td style=\"width: 7.62593%; height: 24px;\"><span style=\"color: #000000;\">Pesquisa<\/span><\/td>\n<td style=\"width: 23.5209%; height: 24px;\"><span style=\"color: #000000;\">Luciano da Silva Pinto<\/span><\/td>\n<\/tr>\n<tr style=\"height: 24px;\">\n<td style=\"width: 68.9877%; height: 24px;\"><span style=\"color: #000000;\">Avalia\u00e7\u00e3o da a\u00e7\u00e3o tipo ansiol\u00edtica e tipo antidepressiva do composto QTC-4-MeOBnA e mecanismos neuroqu\u00edmicos associados<\/span><\/td>\n<td style=\"width: 7.62593%; height: 24px;\"><span style=\"color: #000000;\">Pesquisa<\/span><\/td>\n<td style=\"width: 23.5209%; height: 24px;\"><span style=\"color: #000000;\">Lucielli Savegnago<\/span><\/td>\n<\/tr>\n<tr style=\"height: 24px;\">\n<td style=\"width: 68.9877%; height: 24px;\"><span style=\"color: #000000;\">Efeito protetor da Komagataella pastoris KM71H em prevenir o comportamento ansioso e d\u00e9ficit cognitivo em camundongos submetidos a priva\u00e7\u00e3o do sono<\/span><\/td>\n<td style=\"width: 7.62593%; height: 24px;\"><span style=\"color: #000000;\">Pesquisa<\/span><\/td>\n<td style=\"width: 23.5209%; height: 24px;\"><span style=\"color: #000000;\">Lucielli Savegnago<\/span><\/td>\n<\/tr>\n<tr style=\"height: 24px;\">\n<td style=\"width: 68.9877%; height: 24px;\"><span style=\"color: #000000;\">O efeito probi\u00f3tico da Komagataella pastoris KM71H como alternativa profil\u00e1tica da ansiedade induzida por estresse em camundongos<\/span><\/td>\n<td style=\"width: 7.62593%; height: 24px;\"><span style=\"color: #000000;\">Pesquisa<\/span><\/td>\n<td style=\"width: 23.5209%; height: 24px;\"><span style=\"color: #000000;\">Lucielli Savegnago<\/span><\/td>\n<\/tr>\n<tr style=\"height: 24px;\">\n<td style=\"width: 68.9877%; height: 24px;\"><span style=\"color: #000000;\">GPN nas redes sociais: Divulga\u00e7\u00e3o da ci\u00eancia<\/span><\/td>\n<td style=\"width: 7.62593%; height: 24px;\"><span style=\"color: #000000;\">Extens\u00e3o<\/span><\/td>\n<td style=\"width: 23.5209%; height: 24px;\"><span style=\"color: #000000;\">Lucielli Savegnago<\/span><\/td>\n<\/tr>\n<tr style=\"height: 48px;\">\n<td style=\"width: 68.9877%; height: 48px;\"><span style=\"color: #000000;\">Efeitos da inocula\u00e7\u00e3o de prote\u00edna N de SARS-CoV-2 sobre o sistema reprodutor masculino de zebrafish (<em>Danio rerio<\/em>): uma abordagem celular e molecular para prospec\u00e7\u00e3o de biomarcadores epigen\u00e9ticos<\/span><\/td>\n<td style=\"width: 7.62593%; height: 48px;\"><span style=\"color: #000000;\">Pesquisa<\/span><\/td>\n<td style=\"width: 23.5209%; height: 48px;\"><span style=\"color: #000000;\">Mariana H\u00e4rter Remi\u00e3o<\/span><\/td>\n<\/tr>\n<tr style=\"height: 24px;\">\n<td style=\"width: 68.9877%; height: 24px;\"><span style=\"color: #000000;\">Efeitos letais e subletais em embri\u00f5es e larvas de zebrafish (<em>Danio rerio<\/em>) expostos \u00e0 \u00e1gua da Laguna dos Patos contaminada com o lixiviado das enchentes de maio de 2024 no Rio Grande do Sul<\/span><\/td>\n<td style=\"width: 7.62593%; height: 24px;\"><span style=\"color: #000000;\">Pesquisa<\/span><\/td>\n<td style=\"width: 23.5209%; height: 24px;\"><span style=\"color: #000000;\">Mariana H\u00e4rter Remi\u00e3o<\/span><\/td>\n<\/tr>\n<tr style=\"height: 72px;\">\n<td style=\"width: 68.9877%; height: 72px;\"><span style=\"color: #000000;\">Gen\u00f4mica aplicada ao monitoramento ambiental: clonagem, sequenciamento e avalia\u00e7\u00e3o de genes de refer\u00eancia em peixes-anuais <em>Austrolebias charrua<\/em><\/span><\/td>\n<td style=\"width: 7.62593%; height: 72px;\"><span style=\"color: #000000;\">Pesquisa<\/span><\/td>\n<td style=\"width: 23.5209%; height: 72px;\"><span style=\"color: #000000;\">Mariana H\u00e4rter Remi\u00e3o<\/span><\/td>\n<\/tr>\n<tr style=\"height: 24px;\">\n<td style=\"width: 68.9877%; height: 24px;\"><span style=\"color: #000000;\">Cientistas do Amanh\u00e3: Divulgando a Biotecnologia para Crian\u00e7as e Adolescentes<\/span><\/td>\n<td style=\"width: 7.62593%; height: 24px;\"><span style=\"color: #000000;\">Extens\u00e3o<\/span><\/td>\n<td style=\"width: 23.5209%; height: 24px;\"><span style=\"color: #000000;\">Mariana H\u00e4rter Remi\u00e3o<\/span><\/td>\n<\/tr>\n<tr style=\"height: 24px;\">\n<td style=\"width: 68.9877%; height: 24px;\"><span style=\"color: #000000;\">@genestrut: um perfil de divulga\u00e7\u00e3o cient\u00edfica e tecnol\u00f3gica<\/span><\/td>\n<td style=\"width: 7.62593%; height: 24px;\"><span style=\"color: #000000;\">Extens\u00e3o<\/span><\/td>\n<td style=\"width: 23.5209%; height: 24px;\"><span style=\"color: #000000;\">Mariana H\u00e4rter Remi\u00e3o<\/span><\/td>\n<\/tr>\n<tr style=\"height: 24px;\">\n<td style=\"width: 68.9877%; height: 24px;\"><span style=\"color: #000000;\">Inova\u00e7\u00e3o e empreendedorismo no ambiente universit\u00e1rio<br \/>\n<\/span><\/td>\n<td style=\"width: 7.62593%; height: 24px;\"><span style=\"color: #000000;\">Extens\u00e3o<\/span><\/td>\n<td style=\"width: 23.5209%; height: 24px;\"><span style=\"color: #000000;\">Mariana H\u00e4rter Remi\u00e3o<\/span><\/td>\n<\/tr>\n<tr style=\"height: 24px;\">\n<td style=\"width: 68.9877%; height: 24px;\"><span style=\"color: #000000;\">Avalia\u00e7\u00e3o da prote\u00e7\u00e3o induzida por bacterinas compostas por sorovares virulentos contra a leptospirose<\/span><\/td>\n<td style=\"width: 7.62593%; height: 24px;\"><span style=\"color: #000000;\">Pesquisa<\/span><\/td>\n<td style=\"width: 23.5209%; height: 24px;\"><span style=\"color: #000000;\">Odir Antonio Dellagostin<\/span><\/td>\n<\/tr>\n<tr style=\"height: 24px;\">\n<td style=\"width: 68.9877%; height: 24px;\"><span style=\"color: #000000;\">Avalia\u00e7\u00e3o de <em>Salmonella enterica<\/em> e esporos de <em>Bacillus subtilis<\/em> como plataformas para o desenvolvimento de vacinas contra leptospirose<\/span><\/td>\n<td style=\"width: 7.62593%; height: 24px;\"><span style=\"color: #000000;\">Pesquisa<\/span><\/td>\n<td style=\"width: 23.5209%; height: 24px;\"><span style=\"color: #000000;\">Odir Antonio Dellagostin<\/span><\/td>\n<\/tr>\n<tr style=\"height: 24px;\">\n<td style=\"width: 68.9877%; height: 24px;\"><span style=\"color: #000000;\">Caracteriza\u00e7\u00e3o de sorovares de <em>Leptospira<\/em> spp.<\/span><\/td>\n<td style=\"width: 7.62593%; height: 24px;\"><span style=\"color: #000000;\">Pesquisa<\/span><\/td>\n<td style=\"width: 23.5209%; height: 24px;\"><span style=\"color: #000000;\">Odir Antonio Dellagostin<\/span><\/td>\n<\/tr>\n<tr style=\"height: 24px;\">\n<td style=\"width: 68.9877%; height: 24px;\"><span style=\"color: #000000;\">Caracteriza\u00e7\u00e3o de sorovares vacinais de <em>Leptospira<\/em> spp. e teste de pot\u00eancia de bacterinas para o controle da leptospirose canina<\/span><\/td>\n<td style=\"width: 7.62593%; height: 24px;\"><span style=\"color: #000000;\">Pesquisa<\/span><\/td>\n<td style=\"width: 23.5209%; height: 24px;\"><span style=\"color: #000000;\">Odir Antonio Dellagostin<\/span><\/td>\n<\/tr>\n<tr style=\"height: 24px;\">\n<td style=\"width: 68.9877%; height: 24px;\"><span style=\"color: #000000;\">Desenvolvimento e avalia\u00e7\u00e3o de imunossensores e sensores biomim\u00e9ticos para detec\u00e7\u00e3o eletroqu\u00edmica de <em>Leptospira<\/em> spp. patog\u00eanicas<\/span><\/td>\n<td style=\"width: 7.62593%; height: 24px;\"><span style=\"color: #000000;\">Pesquisa<\/span><\/td>\n<td style=\"width: 23.5209%; height: 24px;\"><span style=\"color: #000000;\">Odir Antonio Dellagostin<\/span><\/td>\n<\/tr>\n<tr style=\"height: 48px;\">\n<td style=\"width: 68.9877%; height: 48px;\"><span style=\"color: #000000;\">An\u00e1lise do potencial vacinal de BCG recombinante expressando ant\u00edgenos de <em>Trypanosoma cruzi<\/em> contra doen\u00e7a de Chagas<\/span><\/td>\n<td style=\"width: 7.62593%; height: 48px;\"><span style=\"color: #000000;\">Pesquisa<\/span><\/td>\n<td style=\"width: 23.5209%; height: 48px;\"><span style=\"color: #000000;\">Sibele Borsuk<\/span><\/td>\n<\/tr>\n<tr id=\"7\" class=\"ui-widget-content jqgrow ui-row-ltr ui-state-hover ui-state-highlight\" style=\"height: 72px;\" tabindex=\"0\" role=\"row\" aria-selected=\"true\">\n<td style=\"width: 68.9877%; height: 72px;\" title=\"\" role=\"gridcell\" aria-describedby=\"gridAtividadesVigentes_nomeatividade ui-tooltip-838\"><span style=\"color: #000000;\">Avalia\u00e7\u00e3o de formula\u00e7\u00f5es vacinais contendo ant\u00edgenos recombinantes purificados e n\u00e3o purificados de <em>Corynebacterium pseudotuberculosis<\/em> contra linfadenite caseosa<\/span><\/td>\n<td style=\"width: 7.62593%; height: 72px;\"><span style=\"color: #000000;\">Pesquisa<\/span><\/td>\n<td style=\"width: 23.5209%; height: 72px;\"><span style=\"color: #000000;\">Sibele Borsuk<\/span><\/td>\n<\/tr>\n<tr style=\"height: 24px;\">\n<td style=\"width: 68.9877%; height: 24px;\"><span style=\"color: #000000;\">Desenvolvimento de prot\u00f3tipo vacinais baseados em rBCG\/SARS-CoV-2<\/span><\/td>\n<td style=\"width: 7.62593%; height: 24px;\"><span style=\"color: #000000;\">Pesquisa<\/span><\/td>\n<td style=\"width: 23.5209%; height: 24px;\"><span style=\"color: #000000;\">Sibele Borsuk<\/span><\/td>\n<\/tr>\n<tr style=\"height: 24px;\">\n<td style=\"width: 68.9877%; height: 24px;\"><span style=\"color: #000000;\">Estudo dos efeitos farmacol\u00f3gicos de compostos naturais e sint\u00e9ticos em <em>Trichomonas vaginalis<\/em><\/span><\/td>\n<td style=\"width: 7.62593%; height: 24px;\"><span style=\"color: #000000;\">Pesquisa<\/span><\/td>\n<td style=\"width: 23.5209%; height: 24px;\"><span style=\"color: #000000;\">Sibele Borsuk<\/span><\/td>\n<\/tr>\n<tr id=\"8\" class=\"ui-widget-content jqgrow ui-row-ltr ui-state-default jqgrow-alt ui-state-hover ui-state-highlight\" tabindex=\"0\" role=\"row\" aria-selected=\"true\">\n<td style=\"width: 68.9877%;\" title=\"\" role=\"gridcell\" aria-describedby=\"gridAtividadesVigentes_nomeatividade ui-tooltip-878\"><span style=\"color: #000000;\">Avalia\u00e7\u00e3o de genes de refer\u00eancia para estudos de express\u00e3o g\u00eanica em hamster s\u00edrio dourado em condi\u00e7\u00f5es de vacina\u00e7\u00e3o e infec\u00e7\u00e3o por <em>Leptospira<\/em> spp. utilizando PCR quantitativo em tempo real<\/span><\/td>\n<td style=\"width: 7.62593%; height: 24px;\"><span style=\"color: #000000;\">Pesquisa<\/span><\/td>\n<td style=\"width: 23.5209%; height: 24px;\"><span style=\"color: #000000;\">Tha\u00eds Larr\u00e9 Oliveira Bohn<\/span><\/td>\n<\/tr>\n<tr style=\"height: 24px;\">\n<td style=\"width: 68.9877%; height: 24px;\"><span style=\"color: #000000;\">Produ\u00e7\u00e3o e caracteriza\u00e7\u00e3o de citocinas recombinantes e anticorpos monoclonais para an\u00e1lise da resposta imune celular em hamster s\u00edrio dourado (<em>Mesocricetus auratus<\/em>)<\/span><\/td>\n<td style=\"width: 7.62593%; height: 24px;\"><span style=\"color: #000000;\">Pesquisa<\/span><\/td>\n<td style=\"width: 23.5209%; height: 24px;\"><span style=\"color: #000000;\">Tha\u00eds Larr\u00e9 Oliveira Bohn<\/span><\/td>\n<\/tr>\n<tr style=\"height: 24px;\">\n<td style=\"width: 68.9877%; height: 24px;\"><span style=\"color: #000000;\">G-Biotec na comunidade: a\u00e7\u00f5es extensionistas<\/span><\/td>\n<td style=\"width: 7.62593%; height: 24px;\"><span style=\"color: #000000;\">Extens\u00e3o<\/span><\/td>\n<td style=\"width: 23.5209%; height: 24px;\"><span style=\"color: #000000;\">Tha\u00eds Larr\u00e9 Oliveira Bohn<\/span><\/td>\n<\/tr>\n<tr style=\"height: 24px;\">\n<td style=\"width: 68.9877%; height: 24px;\"><span style=\"color: #000000;\">Mecanismos moleculares envolvidos nos processos de matura\u00e7\u00e3o e resist\u00eancia a estresses<\/span><\/td>\n<td style=\"width: 7.62593%; height: 24px;\"><span style=\"color: #000000;\">Pesquisa<\/span><\/td>\n<td style=\"width: 23.5209%; height: 24px;\"><span style=\"color: #000000;\">Vanessa Galli<\/span><\/td>\n<\/tr>\n<tr style=\"height: 24px;\">\n<td style=\"width: 68.9877%; height: 24px;\"><span style=\"color: #000000;\">Desenvolvimento de tecnologias inovadoras baseadas em microRNAs<\/span><\/td>\n<td style=\"width: 7.62593%; height: 24px;\"><span style=\"color: #000000;\">Pesquisa<\/span><\/td>\n<td style=\"width: 23.5209%; height: 24px;\"><span style=\"color: #000000;\">Vinicius Farias Campos<\/span><\/td>\n<\/tr>\n<tr style=\"height: 24px;\">\n<td style=\"width: 68.9877%; height: 24px;\"><span style=\"color: #000000;\">Genotipagem de DNA em Larga Escala em uma Popula\u00e7\u00e3o de Pelotas-RS<\/span><\/td>\n<td style=\"width: 7.62593%; height: 24px;\"><span style=\"color: #000000;\">Pesquisa<\/span><\/td>\n<td style=\"width: 23.5209%; height: 24px;\"><span style=\"color: #000000;\">Vinicius Farias Campos<\/span><\/td>\n<\/tr>\n<\/tbody>\n<\/table>\n<p style=\"text-align: center;\"><span style=\"color: #000000;\"><em>Publicado em dezembro\/2025<\/em><\/span><\/p>\n","protected":false},"excerpt":{"rendered":"<p>Rela\u00e7\u00e3o dos projetos desenvolvidos no curso de Biotecnologia Projeto \u00canfase Prof(a) Coordenador(a) Conectando Ci\u00eancia e Comunidade: Vacinas, Verdades e Vozes Extens\u00e3o Alan John Alexander McBride BCG Recombinante e Vacinas Multiep\u00edtopo: Ensaios Pr\u00e9-Cl\u00ednicos contra Melanoma e C\u00e2ncer de Bexiga Pesquisa Fabiana K\u00f6mmling Seixas Bacillus thuringiensis para utiliza\u00e7\u00e3o no controle de pragas agr\u00edcolas Pesquisa F\u00e1bio Pereira Leivas [&hellip;]<\/p>\n","protected":false},"author":866,"featured_media":0,"parent":211,"menu_order":3,"comment_status":"closed","ping_status":"closed","template":"","meta":{"footnotes":""},"class_list":["post-3665","page","type-page","status-publish","hentry"],"jetpack_sharing_enabled":true,"_links":{"self":[{"href":"https:\/\/wp.ufpel.edu.br\/gbiotec\/wp-json\/wp\/v2\/pages\/3665","targetHints":{"allow":["GET"]}}],"collection":[{"href":"https:\/\/wp.ufpel.edu.br\/gbiotec\/wp-json\/wp\/v2\/pages"}],"about":[{"href":"https:\/\/wp.ufpel.edu.br\/gbiotec\/wp-json\/wp\/v2\/types\/page"}],"author":[{"embeddable":true,"href":"https:\/\/wp.ufpel.edu.br\/gbiotec\/wp-json\/wp\/v2\/users\/866"}],"replies":[{"embeddable":true,"href":"https:\/\/wp.ufpel.edu.br\/gbiotec\/wp-json\/wp\/v2\/comments?post=3665"}],"version-history":[{"count":4,"href":"https:\/\/wp.ufpel.edu.br\/gbiotec\/wp-json\/wp\/v2\/pages\/3665\/revisions"}],"predecessor-version":[{"id":4672,"href":"https:\/\/wp.ufpel.edu.br\/gbiotec\/wp-json\/wp\/v2\/pages\/3665\/revisions\/4672"}],"up":[{"embeddable":true,"href":"https:\/\/wp.ufpel.edu.br\/gbiotec\/wp-json\/wp\/v2\/pages\/211"}],"wp:attachment":[{"href":"https:\/\/wp.ufpel.edu.br\/gbiotec\/wp-json\/wp\/v2\/media?parent=3665"}],"curies":[{"name":"wp","href":"https:\/\/api.w.org\/{rel}","templated":true}]}}