{"id":35,"date":"2018-07-13T13:19:16","date_gmt":"2018-07-13T16:19:16","guid":{"rendered":"https:\/\/wp.ufpel.edu.br\/gbiotec\/?page_id=35"},"modified":"2024-07-19T08:47:51","modified_gmt":"2024-07-19T11:47:51","slug":"projeto-pedagogico-do-curso","status":"publish","type":"page","link":"https:\/\/wp.ufpel.edu.br\/gbiotec\/o-curso\/projeto-pedagogico-do-curso\/","title":{"rendered":"Projeto Pedag\u00f3gico"},"content":{"rendered":"<p style=\"text-align: justify;\"><span style=\"color: #000000;\">O Projeto Pedag\u00f3gico do Curso (PPC) \u00e9 o documento que expressa a identidade do curso e define os seus valores, concep\u00e7\u00f5es e compromissos sociais.<\/span><\/p>\n<ul>\n<li><span style=\"color: #000000;\">Ingressantes (a partir de 2022): <a href=\"https:\/\/wp.ufpel.edu.br\/gbiotec\/files\/2024\/07\/PPC-Biotecnologia-2022-atualizado-2024.pdf\"><span style=\"color: #000000;\">PPC Biotecnologia 2022 (<\/span><span style=\"color: #0000ff;\"><em>atualizado 2024<\/em><\/span><span style=\"color: #000000;\">)<\/span><\/a><\/span><\/li>\n<li><span style=\"color: #000000;\">Ingressantes (2016-2021): <a style=\"color: #000000;\" href=\"https:\/\/wp.ufpel.edu.br\/gbiotec\/files\/2018\/08\/PPC-Biotecnologia-2018-aprovado.pdf\">PPC Biotecnologia 2016 (<span style=\"color: #0000ff;\"><em>atualizado 2018<\/em><\/span>)<\/a><br \/>\n<\/span><\/li>\n<li><span style=\"color: #000000;\">Ingressantes (2008 &#8211; 2015): <a style=\"color: #000000;\" href=\"https:\/\/wp.ufpel.edu.br\/gbiotec\/files\/2021\/01\/PPP-2013_Biotecnologia.pdf\">PPC Biotecnologia 2008 (<span style=\"color: #0000ff;\"><em>atualizado 2013<\/em><\/span>)<\/a><\/span><\/li>\n<\/ul>\n","protected":false},"excerpt":{"rendered":"<p>O Projeto Pedag\u00f3gico do Curso (PPC) \u00e9 o documento que expressa a identidade do curso e define os seus valores, concep\u00e7\u00f5es e compromissos sociais. Ingressantes (a partir de 2022): PPC Biotecnologia 2022 (atualizado 2024) Ingressantes (2016-2021): PPC Biotecnologia 2016 (atualizado 2018) Ingressantes (2008 &#8211; 2015): PPC Biotecnologia 2008 (atualizado 2013)<\/p>\n","protected":false},"author":667,"featured_media":0,"parent":211,"menu_order":2,"comment_status":"closed","ping_status":"closed","template":"","meta":{"footnotes":""},"class_list":["post-35","page","type-page","status-publish","hentry"],"jetpack_sharing_enabled":true,"_links":{"self":[{"href":"https:\/\/wp.ufpel.edu.br\/gbiotec\/wp-json\/wp\/v2\/pages\/35","targetHints":{"allow":["GET"]}}],"collection":[{"href":"https:\/\/wp.ufpel.edu.br\/gbiotec\/wp-json\/wp\/v2\/pages"}],"about":[{"href":"https:\/\/wp.ufpel.edu.br\/gbiotec\/wp-json\/wp\/v2\/types\/page"}],"author":[{"embeddable":true,"href":"https:\/\/wp.ufpel.edu.br\/gbiotec\/wp-json\/wp\/v2\/users\/667"}],"replies":[{"embeddable":true,"href":"https:\/\/wp.ufpel.edu.br\/gbiotec\/wp-json\/wp\/v2\/comments?post=35"}],"version-history":[{"count":17,"href":"https:\/\/wp.ufpel.edu.br\/gbiotec\/wp-json\/wp\/v2\/pages\/35\/revisions"}],"predecessor-version":[{"id":4252,"href":"https:\/\/wp.ufpel.edu.br\/gbiotec\/wp-json\/wp\/v2\/pages\/35\/revisions\/4252"}],"up":[{"embeddable":true,"href":"https:\/\/wp.ufpel.edu.br\/gbiotec\/wp-json\/wp\/v2\/pages\/211"}],"wp:attachment":[{"href":"https:\/\/wp.ufpel.edu.br\/gbiotec\/wp-json\/wp\/v2\/media?parent=35"}],"curies":[{"name":"wp","href":"https:\/\/api.w.org\/{rel}","templated":true}]}}