{"id":3451,"date":"2021-11-11T19:26:41","date_gmt":"2021-11-11T22:26:41","guid":{"rendered":"https:\/\/wp.ufpel.edu.br\/gbiotec\/?page_id=3451"},"modified":"2024-07-26T14:07:19","modified_gmt":"2024-07-26T17:07:19","slug":"apresentacao","status":"publish","type":"page","link":"https:\/\/wp.ufpel.edu.br\/gbiotec\/o-curso\/apresentacao\/","title":{"rendered":"Sobre"},"content":{"rendered":"<h4><span style=\"color: #000000;\">Dados de identifica\u00e7\u00e3o<\/span><\/h4>\n<p><span style=\"color: #000000;\">PPC 2022<\/span><\/p>\n<ul>\n<li><span style=\"color: #000000;\">Unidade acad\u00eamica: Centro de Desenvolvimento Tecnol\u00f3gico<\/span><\/li>\n<li><span style=\"color: #000000;\">Nome do curso: Biotecnologia<\/span><\/li>\n<li><span style=\"color: #000000;\">Natureza do n\u00edvel: Bacharelado<\/span><\/li>\n<li><span style=\"color: #000000;\">Modalidade de ensino: Presencial<\/span><\/li>\n<li><span style=\"color: #000000;\">Turnos de funcionamento:\u00a0Integral<\/span><\/li>\n<li><span style=\"color: #000000;\">Regime acad\u00eamico: Semestral<\/span><\/li>\n<li><span style=\"color: #000000;\">Carga hor\u00e1ria total do curso: 3420 horas<\/span><\/li>\n<li><span style=\"color: #000000;\">Tempo de dura\u00e7\u00e3o: 4 anos (8 semestres)<\/span><\/li>\n<li><span style=\"color: #000000;\">N\u00famero de vagas anuais: 39 vagas (SISU e PAVE)<\/span><\/li>\n<li><span style=\"color: #000000;\">Ato de reconhecimento do curso: Curso reconhecido pela Portaria MEC n\u00ba 736, de 27\/12\/2013<\/span><\/li>\n<li><span style=\"color: #000000;\">Conceito de Curso: 4<\/span><\/li>\n<\/ul>\n<h4><span style=\"color: #000000;\">Hist\u00f3rico do curso<\/span><\/h4>\n<p><span style=\"color: #000000;\">O curso de gradua\u00e7\u00e3o em Biotecnologia (G-Biotec) foi proposto em 2006 por professores e colaboradores do Centro de Biotecnologia da UFPel e criado atrav\u00e9s do REUNI, em outubro de 2007. A primeira turma a dar in\u00edcio as atividades do novo curso teve a oportunidade de acesso a partir do processo seletivo de inverno 2008, com in\u00edcio das aulas em agosto.<\/span><\/p>\n<p><span style=\"color: #000000;\">A Biotecnologia da UFPel \u00e9 uma \u00e1rea j\u00e1 consolidada. Os cursos de Mestrado e Doutorado em Biotecnologia reconhecidos pela Capes est\u00e3o entre os melhores do Pa\u00eds. Atualmente o curso de gradua\u00e7\u00e3o em Biotecnologia faz parte do Centro de Desenvolvimento Tecnol\u00f3gico (CDTec) da UFPel.<\/span><\/p>\n<p><span style=\"color: #000000;\"><strong>V\u00eddeo de apresenta\u00e7\u00e3o\u00a0<\/strong><\/span><\/p>\n<div style=\"width: 1920px;\" class=\"wp-video\"><video class=\"wp-video-shortcode\" id=\"video-3451-1\" width=\"1920\" height=\"1080\" preload=\"metadata\" controls=\"controls\"><source type=\"video\/mp4\" src=\"https:\/\/wp.ufpel.edu.br\/gbiotec\/files\/2021\/11\/Video-Mostra-Cursos-2021-Biotec.mp4?_=1\" \/><a href=\"https:\/\/wp.ufpel.edu.br\/gbiotec\/files\/2021\/11\/Video-Mostra-Cursos-2021-Biotec.mp4\">https:\/\/wp.ufpel.edu.br\/gbiotec\/files\/2021\/11\/Video-Mostra-Cursos-2021-Biotec.mp4<\/a><\/video><\/div>\n","protected":false},"excerpt":{"rendered":"<p>Dados de identifica\u00e7\u00e3o PPC 2022 Unidade acad\u00eamica: Centro de Desenvolvimento Tecnol\u00f3gico Nome do curso: Biotecnologia Natureza do n\u00edvel: Bacharelado Modalidade de ensino: Presencial Turnos de funcionamento:\u00a0Integral Regime acad\u00eamico: Semestral Carga hor\u00e1ria total do curso: 3420 horas Tempo de dura\u00e7\u00e3o: 4 anos (8 semestres) N\u00famero de vagas anuais: 39 vagas (SISU e PAVE) Ato de reconhecimento [&hellip;]<\/p>\n","protected":false},"author":866,"featured_media":0,"parent":211,"menu_order":1,"comment_status":"closed","ping_status":"closed","template":"","meta":{"footnotes":""},"class_list":["post-3451","page","type-page","status-publish","hentry"],"jetpack_sharing_enabled":true,"_links":{"self":[{"href":"https:\/\/wp.ufpel.edu.br\/gbiotec\/wp-json\/wp\/v2\/pages\/3451","targetHints":{"allow":["GET"]}}],"collection":[{"href":"https:\/\/wp.ufpel.edu.br\/gbiotec\/wp-json\/wp\/v2\/pages"}],"about":[{"href":"https:\/\/wp.ufpel.edu.br\/gbiotec\/wp-json\/wp\/v2\/types\/page"}],"author":[{"embeddable":true,"href":"https:\/\/wp.ufpel.edu.br\/gbiotec\/wp-json\/wp\/v2\/users\/866"}],"replies":[{"embeddable":true,"href":"https:\/\/wp.ufpel.edu.br\/gbiotec\/wp-json\/wp\/v2\/comments?post=3451"}],"version-history":[{"count":6,"href":"https:\/\/wp.ufpel.edu.br\/gbiotec\/wp-json\/wp\/v2\/pages\/3451\/revisions"}],"predecessor-version":[{"id":4290,"href":"https:\/\/wp.ufpel.edu.br\/gbiotec\/wp-json\/wp\/v2\/pages\/3451\/revisions\/4290"}],"up":[{"embeddable":true,"href":"https:\/\/wp.ufpel.edu.br\/gbiotec\/wp-json\/wp\/v2\/pages\/211"}],"wp:attachment":[{"href":"https:\/\/wp.ufpel.edu.br\/gbiotec\/wp-json\/wp\/v2\/media?parent=3451"}],"curies":[{"name":"wp","href":"https:\/\/api.w.org\/{rel}","templated":true}]}}