{"id":3372,"date":"2021-09-15T13:57:57","date_gmt":"2021-09-15T16:57:57","guid":{"rendered":"https:\/\/wp.ufpel.edu.br\/gbiotec\/?page_id=3372"},"modified":"2022-09-16T09:51:43","modified_gmt":"2022-09-16T12:51:43","slug":"2021-2","status":"publish","type":"page","link":"https:\/\/wp.ufpel.edu.br\/gbiotec\/eventos\/simposio-de-biotecnologia\/2021-2\/","title":{"rendered":"2021"},"content":{"rendered":"<p style=\"text-align: center;\"><span style=\"color: #000000;\"><strong><em>IX Simp\u00f3sio de Biotecnologia \u2013 Perspectivas da ci\u00eancia para o p\u00f3s-pandemia<\/em><\/strong><\/span><\/p>\n<p style=\"text-align: center;\"><span style=\"color: #000000;\"><em>Data: 08 a 12 de novembro de 2021<br \/>\n<\/em><\/span><span style=\"color: #000000;\"><em>Evento on-line<\/em><\/span><\/p>\n<p>&nbsp;<\/p>\n<p><span style=\"color: #000000;\">Certificados do evento dispon\u00edveis em: <span style=\"color: #0000ff;\"><a style=\"color: #0000ff;\" href=\"https:\/\/www.even3.com.br\/\">https:\/\/www.even3.com.br\/<\/a><\/span><\/span><\/p>\n","protected":false},"excerpt":{"rendered":"<p>IX Simp\u00f3sio de Biotecnologia \u2013 Perspectivas da ci\u00eancia para o p\u00f3s-pandemia Data: 08 a 12 de novembro de 2021 Evento on-line &nbsp; Certificados do evento dispon\u00edveis em: https:\/\/www.even3.com.br\/<\/p>\n","protected":false},"author":866,"featured_media":0,"parent":323,"menu_order":9,"comment_status":"closed","ping_status":"closed","template":"","meta":{"footnotes":""},"class_list":["post-3372","page","type-page","status-publish","hentry"],"jetpack_sharing_enabled":true,"_links":{"self":[{"href":"https:\/\/wp.ufpel.edu.br\/gbiotec\/wp-json\/wp\/v2\/pages\/3372","targetHints":{"allow":["GET"]}}],"collection":[{"href":"https:\/\/wp.ufpel.edu.br\/gbiotec\/wp-json\/wp\/v2\/pages"}],"about":[{"href":"https:\/\/wp.ufpel.edu.br\/gbiotec\/wp-json\/wp\/v2\/types\/page"}],"author":[{"embeddable":true,"href":"https:\/\/wp.ufpel.edu.br\/gbiotec\/wp-json\/wp\/v2\/users\/866"}],"replies":[{"embeddable":true,"href":"https:\/\/wp.ufpel.edu.br\/gbiotec\/wp-json\/wp\/v2\/comments?post=3372"}],"version-history":[{"count":6,"href":"https:\/\/wp.ufpel.edu.br\/gbiotec\/wp-json\/wp\/v2\/pages\/3372\/revisions"}],"predecessor-version":[{"id":3697,"href":"https:\/\/wp.ufpel.edu.br\/gbiotec\/wp-json\/wp\/v2\/pages\/3372\/revisions\/3697"}],"up":[{"embeddable":true,"href":"https:\/\/wp.ufpel.edu.br\/gbiotec\/wp-json\/wp\/v2\/pages\/323"}],"wp:attachment":[{"href":"https:\/\/wp.ufpel.edu.br\/gbiotec\/wp-json\/wp\/v2\/media?parent=3372"}],"curies":[{"name":"wp","href":"https:\/\/api.w.org\/{rel}","templated":true}]}}