{"id":326,"date":"2018-07-24T10:30:52","date_gmt":"2018-07-24T13:30:52","guid":{"rendered":"https:\/\/wp.ufpel.edu.br\/gbiotec\/?page_id=326"},"modified":"2022-12-27T09:45:53","modified_gmt":"2022-12-27T12:45:53","slug":"mostra-academica","status":"publish","type":"page","link":"https:\/\/wp.ufpel.edu.br\/gbiotec\/eventos\/mostra-academica\/","title":{"rendered":"Mostra acad\u00eamica"},"content":{"rendered":"<p style=\"text-align: justify;\"><span style=\"color: #000000;\">A Mostra Acad\u00eamica\u00a0tem como objetivo divulgar as pesquisas que est\u00e3o sendo desenvolvidas em diferentes laborat\u00f3rios que incorporam a biotecnologia em suas linhas de pesquisa.<\/span><\/p>\n<ul>\n<li><span style=\"color: #000000;\"><a style=\"color: #000000;\" href=\"https:\/\/wp.ufpel.edu.br\/gbiotec\/eventos\/mostra-academica\/2017-2\/\">I Mostra Acad\u00eamica<\/a><\/span><\/li>\n<li><span style=\"color: #000000;\"><a style=\"color: #000000;\" href=\"https:\/\/wp.ufpel.edu.br\/gbiotec\/eventos\/mostra-academica\/2018-2\/\">II Mostra Acad\u00eamica<\/a><\/span><\/li>\n<li><span style=\"color: #000000;\"><a style=\"color: #000000;\" href=\"https:\/\/wp.ufpel.edu.br\/gbiotec\/eventos\/mostra-academica\/1648-2\/\">III Mostra Acad\u00eamica<\/a><\/span><\/li>\n<li><span style=\"color: #000000;\"><a style=\"color: #000000;\" href=\"https:\/\/wp.ufpel.edu.br\/gbiotec\/eventos\/mostra-academica\/2020-2\/\">IV Mostra Acad\u00eamica<\/a><\/span><\/li>\n<li><span style=\"color: #000000;\"><a style=\"color: #000000;\" href=\"https:\/\/wp.ufpel.edu.br\/gbiotec\/eventos\/mostra-academica\/2021-2\/\">V Mostra Acad\u00eamica<\/a><\/span><\/li>\n<li><span style=\"color: #000000;\"><a style=\"color: #000000;\" href=\"https:\/\/wp.ufpel.edu.br\/gbiotec\/eventos\/mostra-academica\/2022-2\/\">VI Mostra Acad\u00eamica<\/a><\/span><\/li>\n<\/ul>\n","protected":false},"excerpt":{"rendered":"<p>A Mostra Acad\u00eamica\u00a0tem como objetivo divulgar as pesquisas que est\u00e3o sendo desenvolvidas em diferentes laborat\u00f3rios que incorporam a biotecnologia em suas linhas de pesquisa. I Mostra Acad\u00eamica II Mostra Acad\u00eamica III Mostra Acad\u00eamica IV Mostra Acad\u00eamica V Mostra Acad\u00eamica VI Mostra Acad\u00eamica<\/p>\n","protected":false},"author":866,"featured_media":0,"parent":320,"menu_order":3,"comment_status":"closed","ping_status":"closed","template":"","meta":{"footnotes":""},"class_list":["post-326","page","type-page","status-publish","hentry"],"jetpack_sharing_enabled":true,"_links":{"self":[{"href":"https:\/\/wp.ufpel.edu.br\/gbiotec\/wp-json\/wp\/v2\/pages\/326","targetHints":{"allow":["GET"]}}],"collection":[{"href":"https:\/\/wp.ufpel.edu.br\/gbiotec\/wp-json\/wp\/v2\/pages"}],"about":[{"href":"https:\/\/wp.ufpel.edu.br\/gbiotec\/wp-json\/wp\/v2\/types\/page"}],"author":[{"embeddable":true,"href":"https:\/\/wp.ufpel.edu.br\/gbiotec\/wp-json\/wp\/v2\/users\/866"}],"replies":[{"embeddable":true,"href":"https:\/\/wp.ufpel.edu.br\/gbiotec\/wp-json\/wp\/v2\/comments?post=326"}],"version-history":[{"count":9,"href":"https:\/\/wp.ufpel.edu.br\/gbiotec\/wp-json\/wp\/v2\/pages\/326\/revisions"}],"predecessor-version":[{"id":3781,"href":"https:\/\/wp.ufpel.edu.br\/gbiotec\/wp-json\/wp\/v2\/pages\/326\/revisions\/3781"}],"up":[{"embeddable":true,"href":"https:\/\/wp.ufpel.edu.br\/gbiotec\/wp-json\/wp\/v2\/pages\/320"}],"wp:attachment":[{"href":"https:\/\/wp.ufpel.edu.br\/gbiotec\/wp-json\/wp\/v2\/media?parent=326"}],"curies":[{"name":"wp","href":"https:\/\/api.w.org\/{rel}","templated":true}]}}