{"id":323,"date":"2018-07-24T10:30:19","date_gmt":"2018-07-24T13:30:19","guid":{"rendered":"https:\/\/wp.ufpel.edu.br\/gbiotec\/?page_id=323"},"modified":"2022-12-27T11:31:53","modified_gmt":"2022-12-27T14:31:53","slug":"simposio-de-biotecnologia","status":"publish","type":"page","link":"https:\/\/wp.ufpel.edu.br\/gbiotec\/eventos\/simposio-de-biotecnologia\/","title":{"rendered":"Simp\u00f3sio de Biotecnologia"},"content":{"rendered":"<p style=\"text-align: justify;\"><span style=\"color: #000000;\">O Simp\u00f3sio de Biotecnologia \u00e9 um evento de car\u00e1ter cient\u00edfico e multidisciplinar organizado pelos alunos do Curso de Bacharelado em Biotecnologia, juntamente com os discentes do Programa de P\u00f3s-Gradua\u00e7\u00e3o em Biotecnologia, da Universidade Federal de Pelotas, sob coordena\u00e7\u00e3o das professoras Priscila Marques Moura de Leon, Patr\u00edcia Silva Diaz, Vanessa Galli, Tha\u00eds Larr\u00e9 Oliveira, Mariana H\u00e4rter Remi\u00e3o e Frederico Schmitt Kremer. <\/span><\/p>\n<p style=\"text-align: justify;\"><span style=\"color: #000000;\">E<\/span><span style=\"color: #000000;\">ste evento visa a divulga\u00e7\u00e3o do conhecimento cient\u00edfico, integrando diversas \u00e1reas da biotecnologia e proporcionando uma discuss\u00e3o enriquecedora em um ambiente propicio para novas ideias e oportunidades.<\/span><\/p>\n<ul>\n<li><span style=\"color: #000000;\"><a style=\"color: #000000;\" href=\"https:\/\/wp.ufpel.edu.br\/gbiotec\/eventos\/simposio-de-biotecnologia\/2013-2\/\">I Simp\u00f3sio de Biotecnologia &#8211; Pesquisa e Desafios para Inova\u00e7\u00e3o<\/a><\/span><\/li>\n<li><span style=\"color: #000000;\"><a style=\"color: #000000;\" href=\"https:\/\/wp.ufpel.edu.br\/gbiotec\/eventos\/simposio-de-biotecnologia\/2014-2\/\">II Simp\u00f3sio de Biotecnologia \u2013 Informa\u00e7\u00e3o e Tecnologia<\/a><\/span><\/li>\n<li><span style=\"color: #000000;\"><a style=\"color: #000000;\" href=\"https:\/\/wp.ufpel.edu.br\/gbiotec\/eventos\/simposio-de-biotecnologia\/2015-2\/\">III Simp\u00f3sio de Biotecnologia \u2013 Da pesquisa \u00e0 Aplica\u00e7\u00e3o<\/a><\/span><\/li>\n<li><span style=\"color: #000000;\"><a style=\"color: #000000;\" href=\"https:\/\/wp.ufpel.edu.br\/gbiotec\/eventos\/simposio-de-biotecnologia\/2016-2\/\">IV Simp\u00f3sio de Biotecnologia \u2013 Mercado e Inova\u00e7\u00e3o<\/a><\/span><\/li>\n<li><span style=\"color: #000000;\"><a style=\"color: #000000;\" href=\"https:\/\/wp.ufpel.edu.br\/gbiotec\/eventos\/simposio-de-biotecnologia\/2017-2\/\">V Simp\u00f3sio de Biotecnologia \u2013 O Potencial da Inova\u00e7\u00e3o Cient\u00edfica<\/a><\/span><\/li>\n<li><span style=\"color: #000000;\"><a style=\"color: #000000;\" href=\"https:\/\/wp.ufpel.edu.br\/gbiotec\/eventos\/simposio-de-biotecnologia\/2018-2\/\">VI Simp\u00f3sio de Biotecnologia \u2013 Campo, Bancada e Ind\u00fastria<\/a><\/span><\/li>\n<li><span style=\"color: #000000;\"><a style=\"color: #000000;\" href=\"https:\/\/wp.ufpel.edu.br\/gbiotec\/eventos\/simposio-de-biotecnologia\/2019-2\/\">VII Simp\u00f3sio de Biotecnologia &#8211; Integra\u00e7\u00e3o entre gradua\u00e7\u00e3o e p\u00f3s-gradua\u00e7\u00e3o<\/a><\/span><\/li>\n<li><span style=\"color: #000000;\"><a style=\"color: #000000;\" href=\"https:\/\/wp.ufpel.edu.br\/gbiotec\/eventos\/simposio-de-biotecnologia\/2020-2\/\">VIII Simp\u00f3sio de Biotecnologia &#8211; Sa\u00fade \u00danica<\/a><\/span><\/li>\n<li><span style=\"color: #000000;\"><a style=\"color: #000000;\" href=\"https:\/\/wp.ufpel.edu.br\/gbiotec\/eventos\/simposio-de-biotecnologia\/2021-2\/\">IX Simp\u00f3sio de Biotecnologia &#8211; Perspectivas da ci\u00eancia para o p\u00f3s-pandemia<\/a><\/span><\/li>\n<li><span style=\"color: #000000;\"><a style=\"color: #000000;\" href=\"https:\/\/wp.ufpel.edu.br\/gbiotec\/eventos\/simposio-de-biotecnologia\/2022-2\/\">X Simp\u00f3sio de Biotecnologia \u2013 Sustentabilidade na Era 4.0<\/a><\/span>\u200e<\/li>\n<\/ul>\n","protected":false},"excerpt":{"rendered":"<p>O Simp\u00f3sio de Biotecnologia \u00e9 um evento de car\u00e1ter cient\u00edfico e multidisciplinar organizado pelos alunos do Curso de Bacharelado em Biotecnologia, juntamente com os discentes do Programa de P\u00f3s-Gradua\u00e7\u00e3o em Biotecnologia, da Universidade Federal de Pelotas, sob coordena\u00e7\u00e3o das professoras Priscila Marques Moura de Leon, Patr\u00edcia Silva Diaz, Vanessa Galli, Tha\u00eds Larr\u00e9 Oliveira, Mariana H\u00e4rter [&hellip;]<\/p>\n","protected":false},"author":866,"featured_media":0,"parent":320,"menu_order":4,"comment_status":"closed","ping_status":"closed","template":"","meta":{"footnotes":""},"class_list":["post-323","page","type-page","status-publish","hentry"],"jetpack_sharing_enabled":true,"_links":{"self":[{"href":"https:\/\/wp.ufpel.edu.br\/gbiotec\/wp-json\/wp\/v2\/pages\/323","targetHints":{"allow":["GET"]}}],"collection":[{"href":"https:\/\/wp.ufpel.edu.br\/gbiotec\/wp-json\/wp\/v2\/pages"}],"about":[{"href":"https:\/\/wp.ufpel.edu.br\/gbiotec\/wp-json\/wp\/v2\/types\/page"}],"author":[{"embeddable":true,"href":"https:\/\/wp.ufpel.edu.br\/gbiotec\/wp-json\/wp\/v2\/users\/866"}],"replies":[{"embeddable":true,"href":"https:\/\/wp.ufpel.edu.br\/gbiotec\/wp-json\/wp\/v2\/comments?post=323"}],"version-history":[{"count":16,"href":"https:\/\/wp.ufpel.edu.br\/gbiotec\/wp-json\/wp\/v2\/pages\/323\/revisions"}],"predecessor-version":[{"id":3792,"href":"https:\/\/wp.ufpel.edu.br\/gbiotec\/wp-json\/wp\/v2\/pages\/323\/revisions\/3792"}],"up":[{"embeddable":true,"href":"https:\/\/wp.ufpel.edu.br\/gbiotec\/wp-json\/wp\/v2\/pages\/320"}],"wp:attachment":[{"href":"https:\/\/wp.ufpel.edu.br\/gbiotec\/wp-json\/wp\/v2\/media?parent=323"}],"curies":[{"name":"wp","href":"https:\/\/api.w.org\/{rel}","templated":true}]}}