{"id":311,"date":"2018-07-24T10:23:04","date_gmt":"2018-07-24T13:23:04","guid":{"rendered":"https:\/\/wp.ufpel.edu.br\/gbiotec\/?page_id=311"},"modified":"2024-07-03T08:49:33","modified_gmt":"2024-07-03T11:49:33","slug":"formacao-complementar-e-livre","status":"publish","type":"page","link":"https:\/\/wp.ufpel.edu.br\/gbiotec\/estrutura-curricular\/formacao-complementar-e-livre\/","title":{"rendered":"Atividades complementares"},"content":{"rendered":"<p style=\"text-align: justify;\"><span style=\"color: #000000;\">De acordo com o PPC da Biotecnologia, a forma\u00e7\u00e3o complementar dever\u00e1 contemplar atividades de ensino, pesquisa e extens\u00e3o e a forma\u00e7\u00e3o livre prop\u00f5e autonomia ao acad\u00eamico que proporcionar\u00e1 ao longo do curso a complementa\u00e7\u00e3o de acordo com as prefer\u00eancias e a integra\u00e7\u00e3o de conte\u00fados.<\/span><\/p>\n<p>&nbsp;<\/p>\n<ul>\n<li><a href=\"https:\/\/wp.ufpel.edu.br\/gbiotec\/files\/2024\/07\/Atividades-complementares-PPC-2022.pdf\"><span style=\"color: #000000;\">Atividades complementares &#8211; curr\u00edculo 2022 (<\/span><span style=\"color: #0000ff;\"><em>ingresso a partir de 2022<\/em><\/span><span style=\"color: #000000;\">)<\/span><\/a><\/li>\n<li><span style=\"color: #000000;\"><a style=\"color: #000000;\" href=\"https:\/\/wp.ufpel.edu.br\/gbiotec\/files\/2020\/02\/Especifica\u00e7\u00e3o-Carga-hor\u00e1ria-Atualizado-06.04.2019.pdf\">Atividades complementares &#8211; curr\u00edculo 2016 <em>(<span style=\"color: #0000ff;\">Atualizada pelo NDE em 06.04.2019<\/span>)<\/em><\/a><\/span><\/li>\n<\/ul>\n<p>&nbsp;<\/p>\n<p><span style=\"color: #000000;\"><em>Documentos<\/em>:<\/span><\/p>\n<p><span style=\"color: #000000;\"><a style=\"color: #000000;\" href=\"https:\/\/wp.ufpel.edu.br\/gbiotec\/files\/2022\/06\/Requerimento-Atividades-complementares.docx\">Requerimento valida\u00e7\u00e3o atividades complementares<\/a><\/span><\/p>\n<p>&nbsp;<\/p>\n","protected":false},"excerpt":{"rendered":"<p>De acordo com o PPC da Biotecnologia, a forma\u00e7\u00e3o complementar dever\u00e1 contemplar atividades de ensino, pesquisa e extens\u00e3o e a forma\u00e7\u00e3o livre prop\u00f5e autonomia ao acad\u00eamico que proporcionar\u00e1 ao longo do curso a complementa\u00e7\u00e3o de acordo com as prefer\u00eancias e a integra\u00e7\u00e3o de conte\u00fados. &nbsp; Atividades complementares &#8211; curr\u00edculo 2022 (ingresso a partir de 2022) [&hellip;]<\/p>\n","protected":false},"author":866,"featured_media":0,"parent":296,"menu_order":6,"comment_status":"closed","ping_status":"closed","template":"","meta":{"footnotes":""},"class_list":["post-311","page","type-page","status-publish","hentry"],"jetpack_sharing_enabled":true,"_links":{"self":[{"href":"https:\/\/wp.ufpel.edu.br\/gbiotec\/wp-json\/wp\/v2\/pages\/311","targetHints":{"allow":["GET"]}}],"collection":[{"href":"https:\/\/wp.ufpel.edu.br\/gbiotec\/wp-json\/wp\/v2\/pages"}],"about":[{"href":"https:\/\/wp.ufpel.edu.br\/gbiotec\/wp-json\/wp\/v2\/types\/page"}],"author":[{"embeddable":true,"href":"https:\/\/wp.ufpel.edu.br\/gbiotec\/wp-json\/wp\/v2\/users\/866"}],"replies":[{"embeddable":true,"href":"https:\/\/wp.ufpel.edu.br\/gbiotec\/wp-json\/wp\/v2\/comments?post=311"}],"version-history":[{"count":28,"href":"https:\/\/wp.ufpel.edu.br\/gbiotec\/wp-json\/wp\/v2\/pages\/311\/revisions"}],"predecessor-version":[{"id":4249,"href":"https:\/\/wp.ufpel.edu.br\/gbiotec\/wp-json\/wp\/v2\/pages\/311\/revisions\/4249"}],"up":[{"embeddable":true,"href":"https:\/\/wp.ufpel.edu.br\/gbiotec\/wp-json\/wp\/v2\/pages\/296"}],"wp:attachment":[{"href":"https:\/\/wp.ufpel.edu.br\/gbiotec\/wp-json\/wp\/v2\/media?parent=311"}],"curies":[{"name":"wp","href":"https:\/\/api.w.org\/{rel}","templated":true}]}}