{"id":308,"date":"2018-07-24T10:22:34","date_gmt":"2018-07-24T13:22:34","guid":{"rendered":"https:\/\/wp.ufpel.edu.br\/gbiotec\/?page_id=308"},"modified":"2026-04-13T11:52:30","modified_gmt":"2026-04-13T14:52:30","slug":"trabalho-de-conclusao-do-curso","status":"publish","type":"page","link":"https:\/\/wp.ufpel.edu.br\/gbiotec\/estrutura-curricular\/trabalho-de-conclusao-do-curso\/","title":{"rendered":"Trabalho Conclus\u00e3o de Curso"},"content":{"rendered":"<p style=\"text-align: justify;\"><span style=\"color: #000000;\">O Trabalho de Conclus\u00e3o de Curso (TCC) \u00e9 requisito para aprova\u00e7\u00e3o e obten\u00e7\u00e3o de diploma. O TCC do Curso de Biotecnologia trata-se de um estudo sobre um tema espec\u00edfico ligado a \u00e1rea do curso escolhido pelo discente conjuntamente com o orientador.<\/span><\/p>\n<p>&nbsp;<\/p>\n<p><span style=\"color: #000000;\"><em>Documentos<\/em>:<\/span><\/p>\n<p><span style=\"color: #000000;\"><a style=\"color: #000000;\" href=\"https:\/\/wp.ufpel.edu.br\/gbiotec\/files\/2023\/12\/DUVIDAS-FREQUENTES-TCC.pdf\">D\u00favidas frequentes &#8211; TCC<\/a><\/span><\/p>\n<p><span style=\"color: #000000;\"><a style=\"color: #000000;\" href=\"https:\/\/wp.ufpel.edu.br\/gbiotec\/files\/2025\/07\/3.-Termo-responsabilidade-em-caso-de-plagio.doc\">Termo de responsabilidade em caso de pl\u00e1gio<\/a><\/span><\/p>\n<p><span style=\"color: #000000;\"><a style=\"color: #000000;\" href=\"https:\/\/wp.ufpel.edu.br\/gbiotec\/files\/2024\/03\/Termo-autorizacao-publicacao-TCC-2024.pdf\">Termo\u00a0 de autoriza\u00e7\u00e3o publica\u00e7\u00e3o TCC (<em>fev\/2024<\/em>)<\/a><\/span><\/p>\n<p><span style=\"color: #000000;\"><a style=\"color: #000000;\" href=\"https:\/\/wp.ufpel.edu.br\/gbiotec\/files\/2023\/11\/Tutorial-Ficha-catalografica-nov2023.pdf\">Tutorial Solicita\u00e7\u00e3o da Ficha catalogr\u00e1fica (<em>nov\/2023<\/em>)<\/a><\/span><\/p>\n<p><span style=\"color: #000000;\"><a style=\"color: #000000;\" href=\"https:\/\/wp.ufpel.edu.br\/gbiotec\/files\/2018\/08\/Modelo-declara\u00e7\u00e3o-orientador-acad\u00eamico.doc\">Modelo declara\u00e7\u00e3o orientador para vers\u00e3o final TCC<\/a><\/span><\/p>\n<p><span style=\"color: #000000;\"><a style=\"color: #000000;\" href=\"https:\/\/wp.ufpel.edu.br\/gbiotec\/files\/2026\/04\/1.-Formulario-Avaliacao-TCC.doc\">Formul\u00e1rio de Avalia\u00e7\u00e3o TCC<\/a><\/span><\/p>\n<p>&nbsp;<\/p>\n<p><span style=\"color: #000000;\"><em>Normativas:<\/em><\/span><\/p>\n<p><span style=\"color: #000000;\"><a style=\"color: #000000;\" href=\"https:\/\/wp.ufpel.edu.br\/gbiotec\/files\/2018\/08\/2.-Regimento-TCC-2018-curr\u00edculo-2016.pdf\">Regimento TCC &#8211; curr\u00edculo 2016<\/a><\/span><\/p>\n<p><span style=\"color: #000000;\"><a style=\"color: #000000;\" href=\"https:\/\/wp.ufpel.edu.br\/gbiotec\/files\/2024\/07\/Regimento-TCC-PPC-2022.pdf\">Regimento TCC &#8211; curr\u00edculo 2022<\/a><\/span><\/p>\n<p><span style=\"color: #000000;\"><a style=\"color: #000000;\" href=\"https:\/\/wp.ufpel.edu.br\/gbiotec\/files\/2023\/11\/Manual-Normas-UFPel-Trabalhos-Academicos-2023-1.pdf\">Manual Normas UFPel 2023<\/a><\/span><\/p>\n<p><span style=\"color: #000000;\"><a style=\"color: #000000;\" href=\"https:\/\/wp.ufpel.edu.br\/gbiotec\/files\/2019\/07\/Modelo-Capa-P\u00e1ginas-pr\u00e9-textuais-e-p\u00f3s-textuais.docx\">Modelo Capa, P\u00e1ginas pr\u00e9-textuais e p\u00f3s-textuais<\/a><\/span><\/p>\n<p><span style=\"color: #000000;\"><a style=\"color: #000000;\" href=\"https:\/\/wp.ufpel.edu.br\/gbiotec\/files\/2024\/07\/Resolucao-65-2024-Regulamento-de-Trabalhos-de-Conclusao-de-Curso-da-UFPel.pdf\">Resolu\u00e7\u00e3o 65\/2024 &#8211; Regulamento de Trabalhos de Conclus\u00e3o de Curso da UFPel<\/a><\/span><\/p>\n<p>&nbsp;<\/p>\n<p><span style=\"color: #000000;\"><em>Acervo TCCs<\/em>:<\/span><\/p>\n<p><span style=\"color: #000000;\"><a style=\"color: #000000;\" href=\"https:\/\/pergamum.ufpel.edu.br\/\">Biblioteca &#8211; Pergamum<\/a><\/span><\/p>\n","protected":false},"excerpt":{"rendered":"<p>O Trabalho de Conclus\u00e3o de Curso (TCC) \u00e9 requisito para aprova\u00e7\u00e3o e obten\u00e7\u00e3o de diploma. O TCC do Curso de Biotecnologia trata-se de um estudo sobre um tema espec\u00edfico ligado a \u00e1rea do curso escolhido pelo discente conjuntamente com o orientador. &nbsp; Documentos: D\u00favidas frequentes &#8211; TCC Termo de responsabilidade em caso de pl\u00e1gio Termo\u00a0 [&hellip;]<\/p>\n","protected":false},"author":866,"featured_media":0,"parent":296,"menu_order":5,"comment_status":"closed","ping_status":"closed","template":"","meta":{"footnotes":""},"class_list":["post-308","page","type-page","status-publish","hentry"],"jetpack_sharing_enabled":true,"_links":{"self":[{"href":"https:\/\/wp.ufpel.edu.br\/gbiotec\/wp-json\/wp\/v2\/pages\/308","targetHints":{"allow":["GET"]}}],"collection":[{"href":"https:\/\/wp.ufpel.edu.br\/gbiotec\/wp-json\/wp\/v2\/pages"}],"about":[{"href":"https:\/\/wp.ufpel.edu.br\/gbiotec\/wp-json\/wp\/v2\/types\/page"}],"author":[{"embeddable":true,"href":"https:\/\/wp.ufpel.edu.br\/gbiotec\/wp-json\/wp\/v2\/users\/866"}],"replies":[{"embeddable":true,"href":"https:\/\/wp.ufpel.edu.br\/gbiotec\/wp-json\/wp\/v2\/comments?post=308"}],"version-history":[{"count":3,"href":"https:\/\/wp.ufpel.edu.br\/gbiotec\/wp-json\/wp\/v2\/pages\/308\/revisions"}],"predecessor-version":[{"id":4738,"href":"https:\/\/wp.ufpel.edu.br\/gbiotec\/wp-json\/wp\/v2\/pages\/308\/revisions\/4738"}],"up":[{"embeddable":true,"href":"https:\/\/wp.ufpel.edu.br\/gbiotec\/wp-json\/wp\/v2\/pages\/296"}],"wp:attachment":[{"href":"https:\/\/wp.ufpel.edu.br\/gbiotec\/wp-json\/wp\/v2\/media?parent=308"}],"curies":[{"name":"wp","href":"https:\/\/api.w.org\/{rel}","templated":true}]}}