{"id":3052,"date":"2021-04-09T17:24:46","date_gmt":"2021-04-09T20:24:46","guid":{"rendered":"https:\/\/wp.ufpel.edu.br\/gbiotec\/?page_id=3052"},"modified":"2025-10-09T13:25:09","modified_gmt":"2025-10-09T16:25:09","slug":"apoio-tecnico","status":"publish","type":"page","link":"https:\/\/wp.ufpel.edu.br\/gbiotec\/infraestrutura\/apoio-tecnico\/","title":{"rendered":"Apoio t\u00e9cnico"},"content":{"rendered":"<p style=\"text-align: center;\"><span style=\"color: #000000;\">Rela\u00e7\u00e3o da estrutura de apoio\/suporte t\u00e9cnico do curso de Biotecnologia<\/span><\/p>\n<p>&nbsp;<\/p>\n<ul>\n<li><span style=\"color: #000000;\"><a style=\"color: #000000;\" href=\"https:\/\/wp.ufpel.edu.br\/gbiotec\/infraestrutura\/laboratorios-de-pesquisa\/sala-de-equipamentos-predio-19\/\">Sala de equipamentos &#8211; pr\u00e9dio 19<\/a><\/span><\/li>\n<li><span style=\"color: #000000;\"><a style=\"color: #000000;\" href=\"https:\/\/wp.ufpel.edu.br\/gbiotec\/infraestrutura\/laboratorios-de-pesquisa\/sala-de-esterilizacao-predio-19\/\">Sala de esteriliza\u00e7\u00e3o &#8211; pr\u00e9dio 19<\/a><\/span><\/li>\n<li><span style=\"color: #000000;\"><a style=\"color: #000000;\" href=\"https:\/\/wp.ufpel.edu.br\/gbiotec\/infraestrutura\/laboratorios-de-pesquisa\/sala-de-equipamentos-predio-20\/\">Sala de equipamentos &#8211; pr\u00e9dio 20<\/a><\/span><\/li>\n<li><span style=\"color: #000000;\"><a style=\"color: #000000;\" href=\"https:\/\/wp.ufpel.edu.br\/gbiotec\/infraestrutura\/laboratorios-de-pesquisa\/sala-de-esterilizacao-predio-20\/\">Sala de esteriliza\u00e7\u00e3o &#8211; pr\u00e9dio 20<\/a><\/span><\/li>\n<\/ul>\n<p>&nbsp;<\/p>\n<p><span style=\"color: #000000;\"><em>Normativas<\/em>:<\/span><\/p>\n<p><span style=\"color: #000000;\"><a style=\"color: #000000;\" href=\"https:\/\/wp.ufpel.edu.br\/npa\/gerenciamento-de-residuos\/\">Orienta\u00e7\u00f5es &#8211; N\u00facleo de Gest\u00e3o Ambiental da UFPel<\/a><\/span><\/p>\n","protected":false},"excerpt":{"rendered":"<p>Rela\u00e7\u00e3o da estrutura de apoio\/suporte t\u00e9cnico do curso de Biotecnologia &nbsp; Sala de equipamentos &#8211; pr\u00e9dio 19 Sala de esteriliza\u00e7\u00e3o &#8211; pr\u00e9dio 19 Sala de equipamentos &#8211; pr\u00e9dio 20 Sala de esteriliza\u00e7\u00e3o &#8211; pr\u00e9dio 20 &nbsp; Normativas: Orienta\u00e7\u00f5es &#8211; N\u00facleo de Gest\u00e3o Ambiental da UFPel<\/p>\n","protected":false},"author":866,"featured_media":0,"parent":228,"menu_order":3,"comment_status":"closed","ping_status":"closed","template":"","meta":{"footnotes":""},"class_list":["post-3052","page","type-page","status-publish","hentry"],"jetpack_sharing_enabled":true,"_links":{"self":[{"href":"https:\/\/wp.ufpel.edu.br\/gbiotec\/wp-json\/wp\/v2\/pages\/3052","targetHints":{"allow":["GET"]}}],"collection":[{"href":"https:\/\/wp.ufpel.edu.br\/gbiotec\/wp-json\/wp\/v2\/pages"}],"about":[{"href":"https:\/\/wp.ufpel.edu.br\/gbiotec\/wp-json\/wp\/v2\/types\/page"}],"author":[{"embeddable":true,"href":"https:\/\/wp.ufpel.edu.br\/gbiotec\/wp-json\/wp\/v2\/users\/866"}],"replies":[{"embeddable":true,"href":"https:\/\/wp.ufpel.edu.br\/gbiotec\/wp-json\/wp\/v2\/comments?post=3052"}],"version-history":[{"count":4,"href":"https:\/\/wp.ufpel.edu.br\/gbiotec\/wp-json\/wp\/v2\/pages\/3052\/revisions"}],"predecessor-version":[{"id":4610,"href":"https:\/\/wp.ufpel.edu.br\/gbiotec\/wp-json\/wp\/v2\/pages\/3052\/revisions\/4610"}],"up":[{"embeddable":true,"href":"https:\/\/wp.ufpel.edu.br\/gbiotec\/wp-json\/wp\/v2\/pages\/228"}],"wp:attachment":[{"href":"https:\/\/wp.ufpel.edu.br\/gbiotec\/wp-json\/wp\/v2\/media?parent=3052"}],"curies":[{"name":"wp","href":"https:\/\/api.w.org\/{rel}","templated":true}]}}