{"id":305,"date":"2018-07-24T10:22:08","date_gmt":"2018-07-24T13:22:08","guid":{"rendered":"https:\/\/wp.ufpel.edu.br\/gbiotec\/?page_id=305"},"modified":"2025-09-25T14:47:25","modified_gmt":"2025-09-25T17:47:25","slug":"estagio-obrigatorio","status":"publish","type":"page","link":"https:\/\/wp.ufpel.edu.br\/gbiotec\/estrutura-curricular\/estagio-obrigatorio\/","title":{"rendered":"Est\u00e1gio Obrigat\u00f3rio"},"content":{"rendered":"<p style=\"text-align: justify;\"><span style=\"color: #000000;\">O est\u00e1gio obrigat\u00f3rio \u00e9 aquele cuja carga hor\u00e1ria \u00e9 requisito para aprova\u00e7\u00e3o e obten\u00e7\u00e3o de diploma. O Est\u00e1gio Supervisionado do Curso de Biotecnologia tem por finalidade proporcionar ao estudante, meios de aperfei\u00e7oamento profissional, pela participa\u00e7\u00e3o em situa\u00e7\u00f5es reais de vida e trabalho.<\/span><\/p>\n<p>&nbsp;<\/p>\n<p><span style=\"color: #000000;\"><em>Documentos<\/em>:<\/span><\/p>\n<p><span style=\"color: #000000;\"><a style=\"color: #000000;\" href=\"https:\/\/wp.ufpel.edu.br\/gbiotec\/files\/2020\/12\/Termo-de-Compromisso-UFPel-modelo.doc\">Termo de compromisso<\/a><\/span><\/p>\n<p><span style=\"color: #000000;\"><a style=\"color: #000000;\" href=\"https:\/\/wp.ufpel.edu.br\/gbiotec\/files\/2022\/06\/Plano-de-Trabalho-modelo.doc\">Plano de Trabalho<\/a><\/span><\/p>\n<p><span style=\"color: #000000;\"><a style=\"color: #000000;\" href=\"https:\/\/wp.ufpel.edu.br\/gbiotec\/files\/2020\/09\/Relatorio-Final-do-Estagio-modelo.doc\">Relat\u00f3rio final de est\u00e1gio<\/a><\/span><\/p>\n<p><span style=\"color: #000000;\"><a style=\"color: #000000;\" href=\"https:\/\/wp.ufpel.edu.br\/gbiotec\/files\/2020\/09\/Formulario-avaliacao-estagio.docx\">Formul\u00e1rio avalia\u00e7\u00e3o de est\u00e1gio<\/a><\/span><\/p>\n<p><span style=\"color: #000000;\"><a style=\"color: #000000;\" href=\"https:\/\/wp.ufpel.edu.br\/gbiotec\/files\/2023\/06\/DUVIDAS-FREQUENTES-Estagio.pdf\">D\u00favidas frequentes &#8211; Est\u00e1gio Obrigat\u00f3rio<\/a><\/span><\/p>\n<p>&nbsp;<\/p>\n<p><span style=\"color: #000000;\"><em>Normativas:<\/em><\/span><\/p>\n<p><span style=\"color: #000000;\"><a style=\"color: #000000;\" href=\"https:\/\/wp.ufpel.edu.br\/gbiotec\/files\/2018\/08\/2.-Regimento-Est\u00e1gio-obrigat\u00f3rio-2018-curr\u00edculo-2016.pdf\">Regimento Est\u00e1gio Obrigat\u00f3rio &#8211; curr\u00edculo 2016<\/a><\/span><\/p>\n<p><span style=\"color: #000000;\"><a style=\"color: #000000;\" href=\"https:\/\/wp.ufpel.edu.br\/gbiotec\/files\/2024\/07\/Regimento-estagio-obrigatorio-PPC-2022.pdf\">Regimento Est\u00e1gio Obrigat\u00f3rio &#8211; curr\u00edculo 2022<\/a><\/span><\/p>\n<p><span style=\"color: #000000;\"><a style=\"color: #000000;\" href=\"https:\/\/wp.ufpel.edu.br\/gbiotec\/files\/2025\/02\/Resolucao-87-2025-Estagios-para-alunos-da-UFPel.pdf\">Resolu\u00e7\u00e3o 87-2025 Est\u00e1gios obrigat\u00f3rios e n\u00e3o obrigat\u00f3rios para alunos da UFPel<\/a><\/span><\/p>\n<p>&nbsp;<\/p>\n","protected":false},"excerpt":{"rendered":"<p>O est\u00e1gio obrigat\u00f3rio \u00e9 aquele cuja carga hor\u00e1ria \u00e9 requisito para aprova\u00e7\u00e3o e obten\u00e7\u00e3o de diploma. O Est\u00e1gio Supervisionado do Curso de Biotecnologia tem por finalidade proporcionar ao estudante, meios de aperfei\u00e7oamento profissional, pela participa\u00e7\u00e3o em situa\u00e7\u00f5es reais de vida e trabalho. &nbsp; Documentos: Termo de compromisso Plano de Trabalho Relat\u00f3rio final de est\u00e1gio Formul\u00e1rio [&hellip;]<\/p>\n","protected":false},"author":866,"featured_media":0,"parent":296,"menu_order":4,"comment_status":"closed","ping_status":"closed","template":"","meta":{"footnotes":""},"class_list":["post-305","page","type-page","status-publish","hentry"],"jetpack_sharing_enabled":true,"_links":{"self":[{"href":"https:\/\/wp.ufpel.edu.br\/gbiotec\/wp-json\/wp\/v2\/pages\/305","targetHints":{"allow":["GET"]}}],"collection":[{"href":"https:\/\/wp.ufpel.edu.br\/gbiotec\/wp-json\/wp\/v2\/pages"}],"about":[{"href":"https:\/\/wp.ufpel.edu.br\/gbiotec\/wp-json\/wp\/v2\/types\/page"}],"author":[{"embeddable":true,"href":"https:\/\/wp.ufpel.edu.br\/gbiotec\/wp-json\/wp\/v2\/users\/866"}],"replies":[{"embeddable":true,"href":"https:\/\/wp.ufpel.edu.br\/gbiotec\/wp-json\/wp\/v2\/comments?post=305"}],"version-history":[{"count":4,"href":"https:\/\/wp.ufpel.edu.br\/gbiotec\/wp-json\/wp\/v2\/pages\/305\/revisions"}],"predecessor-version":[{"id":4592,"href":"https:\/\/wp.ufpel.edu.br\/gbiotec\/wp-json\/wp\/v2\/pages\/305\/revisions\/4592"}],"up":[{"embeddable":true,"href":"https:\/\/wp.ufpel.edu.br\/gbiotec\/wp-json\/wp\/v2\/pages\/296"}],"wp:attachment":[{"href":"https:\/\/wp.ufpel.edu.br\/gbiotec\/wp-json\/wp\/v2\/media?parent=305"}],"curies":[{"name":"wp","href":"https:\/\/api.w.org\/{rel}","templated":true}]}}