{"id":302,"date":"2018-07-24T10:21:34","date_gmt":"2018-07-24T13:21:34","guid":{"rendered":"https:\/\/wp.ufpel.edu.br\/gbiotec\/?page_id=302"},"modified":"2024-07-19T10:15:32","modified_gmt":"2024-07-19T13:15:32","slug":"conteudo-programatico","status":"publish","type":"page","link":"https:\/\/wp.ufpel.edu.br\/gbiotec\/estrutura-curricular\/conteudo-programatico\/","title":{"rendered":"Conte\u00fados program\u00e1ticos"},"content":{"rendered":"<p style=\"text-align: center;\"><span style=\"color: #000000;\">Conte\u00fado program\u00e1tico das disciplinas obrigat\u00f3rias e optativas do curso de Biotecnologia<\/span><\/p>\n<p>&nbsp;<\/p>\n<p style=\"text-align: justify;\"><span style=\"color: #000000;\">A partir do semestre 2019\/2 os discentes podem imprimir os conte\u00fados program\u00e1ticos das disciplinas cursadas diretamente no sistema acad\u00eamico Cobalto, atrav\u00e9s do menu: <strong>Consulta &gt; Hist\u00f3rico &gt; Plano de Ensino<\/strong>. O documento gerado possui c\u00f3digo validador digital.<\/span><\/p>\n<p>&nbsp;<\/p>\n<ul>\n<li><span style=\"color: #000000;\"><a style=\"color: #000000;\" href=\"https:\/\/wp.ufpel.edu.br\/gbiotec\/files\/2024\/07\/Caracterizacao-disicplinas-obrigatorias-PPC-2022.pdf\">Caracteriza\u00e7\u00e3o disciplinas obrigat\u00f3rias &#8211; curr\u00edculo 2022 (<em>ingresso a partir de 2022<\/em>)<\/a><\/span><\/li>\n<li><span style=\"color: #000000;\"><span style=\"color: #000000;\"><a style=\"color: #000000;\" href=\"https:\/\/wp.ufpel.edu.br\/gbiotec\/files\/2024\/07\/Caracterizacao-disicplinas-optativas-PPC-2022.pdf\">Caracteriza\u00e7\u00e3o disciplinas optativas &#8211; curr\u00edculo 2022 (<em>ingresso a partir de 2022<\/em>)<\/a><\/span><\/span><\/li>\n<\/ul>\n<p>&nbsp;<\/p>\n<ul>\n<li><span style=\"color: #000000;\"><a style=\"color: #000000;\" href=\"https:\/\/wp.ufpel.edu.br\/gbiotec\/files\/2020\/03\/Caracteriza\u00e7\u00e3o-disciplinas-Obrigat\u00f3rias-curr\u00edculo-2016-C\u00d3D.-NOVOS.pdf\">Caracteriza\u00e7\u00e3o disciplinas Obrigat\u00f3rias &#8211; curr\u00edculo 2016 (<span style=\"color: #0000ff;\"><em>c\u00f3digos novos<\/em><\/span>)<\/a><\/span><\/li>\n<li><a style=\"color: #000000;\" href=\"https:\/\/wp.ufpel.edu.br\/gbiotec\/files\/2020\/03\/Caracteriza\u00e7\u00e3o-disciplinas-Optativas-curr\u00edculo-2016-C\u00d3D.-NOVOS.pdf\">Caracteriza\u00e7\u00e3o disciplinas Optativas &#8211; curr\u00edculo 2016 (<em><span style=\"color: #0000ff;\">c\u00f3digos novos<\/span><\/em>)<\/a><\/li>\n<\/ul>\n<p>&nbsp;<\/p>\n<ul>\n<li><span style=\"color: #000000;\"><a style=\"color: #000000;\" href=\"https:\/\/wp.ufpel.edu.br\/gbiotec\/files\/2018\/10\/Caracteriza\u00e7\u00e3o-disciplinas-Obrigat\u00f3rias-curr\u00edculo-2016.pdf\">Caracteriza\u00e7\u00e3o disciplinas obrigat\u00f3rias &#8211; curr\u00edculo 2016<\/a><\/span><\/li>\n<li><a style=\"color: #000000;\" href=\"https:\/\/wp.ufpel.edu.br\/gbiotec\/files\/2018\/10\/Caracteriza\u00e7\u00e3o-disciplinas-Optativas-curr\u00edculo-2016.pdf\">Caracteriza\u00e7\u00e3o disciplinas optativas &#8211; curr\u00edculo 2016<\/a><\/li>\n<\/ul>\n<p>&nbsp;<\/p>\n<ul>\n<li><span style=\"color: #000000;\"><a style=\"color: #000000;\" href=\"https:\/\/wp.ufpel.edu.br\/gbiotec\/files\/2018\/10\/Caracteriza\u00e7\u00e3o-disciplinas-Obrigat\u00f3rias-curr\u00edculo-2008.pdf\">Caracteriza\u00e7\u00e3o disciplinas obrigat\u00f3rias &#8211; curr\u00edculo 2008<\/a><\/span><\/li>\n<li><a style=\"color: #000000;\" href=\"https:\/\/wp.ufpel.edu.br\/gbiotec\/files\/2018\/10\/Caracteriza\u00e7\u00e3o-disciplinas-Optativas-curr\u00edculo-2008.pdf\">Caracteriza\u00e7\u00e3o disciplinas optativas &#8211; curr\u00edculo 2008<\/a><\/li>\n<\/ul>\n","protected":false},"excerpt":{"rendered":"<p>Conte\u00fado program\u00e1tico das disciplinas obrigat\u00f3rias e optativas do curso de Biotecnologia &nbsp; A partir do semestre 2019\/2 os discentes podem imprimir os conte\u00fados program\u00e1ticos das disciplinas cursadas diretamente no sistema acad\u00eamico Cobalto, atrav\u00e9s do menu: Consulta &gt; Hist\u00f3rico &gt; Plano de Ensino. O documento gerado possui c\u00f3digo validador digital. &nbsp; Caracteriza\u00e7\u00e3o disciplinas obrigat\u00f3rias &#8211; curr\u00edculo [&hellip;]<\/p>\n","protected":false},"author":866,"featured_media":0,"parent":296,"menu_order":1,"comment_status":"closed","ping_status":"closed","template":"","meta":{"footnotes":""},"class_list":["post-302","page","type-page","status-publish","hentry"],"jetpack_sharing_enabled":true,"_links":{"self":[{"href":"https:\/\/wp.ufpel.edu.br\/gbiotec\/wp-json\/wp\/v2\/pages\/302","targetHints":{"allow":["GET"]}}],"collection":[{"href":"https:\/\/wp.ufpel.edu.br\/gbiotec\/wp-json\/wp\/v2\/pages"}],"about":[{"href":"https:\/\/wp.ufpel.edu.br\/gbiotec\/wp-json\/wp\/v2\/types\/page"}],"author":[{"embeddable":true,"href":"https:\/\/wp.ufpel.edu.br\/gbiotec\/wp-json\/wp\/v2\/users\/866"}],"replies":[{"embeddable":true,"href":"https:\/\/wp.ufpel.edu.br\/gbiotec\/wp-json\/wp\/v2\/comments?post=302"}],"version-history":[{"count":30,"href":"https:\/\/wp.ufpel.edu.br\/gbiotec\/wp-json\/wp\/v2\/pages\/302\/revisions"}],"predecessor-version":[{"id":4275,"href":"https:\/\/wp.ufpel.edu.br\/gbiotec\/wp-json\/wp\/v2\/pages\/302\/revisions\/4275"}],"up":[{"embeddable":true,"href":"https:\/\/wp.ufpel.edu.br\/gbiotec\/wp-json\/wp\/v2\/pages\/296"}],"wp:attachment":[{"href":"https:\/\/wp.ufpel.edu.br\/gbiotec\/wp-json\/wp\/v2\/media?parent=302"}],"curies":[{"name":"wp","href":"https:\/\/api.w.org\/{rel}","templated":true}]}}