{"id":299,"date":"2018-07-24T10:20:49","date_gmt":"2018-07-24T13:20:49","guid":{"rendered":"https:\/\/wp.ufpel.edu.br\/gbiotec\/?page_id=299"},"modified":"2024-10-04T13:15:11","modified_gmt":"2024-10-04T16:15:11","slug":"grade-curricular","status":"publish","type":"page","link":"https:\/\/wp.ufpel.edu.br\/gbiotec\/estrutura-curricular\/grade-curricular\/","title":{"rendered":"Grade curricular"},"content":{"rendered":"<p style=\"text-align: center;\"><span style=\"color: #000000;\">Rela\u00e7\u00e3o de disciplinas obrigat\u00f3rias e optativas do curso de Biotecnologia<\/span><\/p>\n<p>&nbsp;<\/p>\n<ul>\n<li><span style=\"color: #000000;\"><a style=\"color: #000000;\" href=\"https:\/\/wp.ufpel.edu.br\/gbiotec\/files\/2024\/10\/curriculo5_curso_5700-v2.pdf\">Grade curricular 2022 (<em>ingresso a partir de 2022<\/em>)<\/a><\/span><\/li>\n<li><span style=\"color: #000000;\"><a style=\"color: #000000;\" href=\"https:\/\/wp.ufpel.edu.br\/gbiotec\/files\/2024\/10\/equivalencias-curriculo-5.pdf\">Tabela de equival\u00eancias &#8211; curr\u00edculo 2022<\/a><span style=\"color: #000000;\"><br \/>\n<\/span><\/span><\/li>\n<\/ul>\n<p>&nbsp;<\/p>\n<ul>\n<li><span style=\"color: #000000;\"><a style=\"color: #000000;\" href=\"https:\/\/wp.ufpel.edu.br\/gbiotec\/files\/2019\/06\/curriculo4.pdf\">Grade curricular 2016 (<em><span style=\"color: #0000ff;\">c\u00f3digos novos<\/span><\/em>)<\/a><\/span><\/li>\n<li><a href=\"https:\/\/wp.ufpel.edu.br\/gbiotec\/files\/2024\/10\/Tabela-de-equivalencias-curriculo4.pdf\">Tabela de equival\u00eancias \u2013 curr\u00edculo 2016 (<span style=\"color: #0000ff;\">c\u00f3digos novos<\/span>)<\/a><\/li>\n<\/ul>\n<p>&nbsp;<\/p>\n<ul>\n<li><span style=\"color: #000000;\"><a style=\"color: #000000;\" href=\"https:\/\/wp.ufpel.edu.br\/gbiotec\/files\/2019\/06\/curriculo2.pdf\">Grade curricular 2016<\/a><\/span><\/li>\n<li><a style=\"color: #000000;\" href=\"https:\/\/wp.ufpel.edu.br\/gbiotec\/files\/2019\/06\/Eq2-convertido.pdf\">Tabela de equival\u00eancias \u2013 curr\u00edculo 2016<\/a><\/li>\n<\/ul>\n<p>&nbsp;<\/p>\n<ul>\n<li><span style=\"color: #000000;\"><a style=\"color: #000000;\" href=\"https:\/\/wp.ufpel.edu.br\/gbiotec\/files\/2019\/06\/curriculo1.pdf\">Grade curricular 2008<\/a><\/span><\/li>\n<li><a style=\"color: #000000;\" href=\"https:\/\/wp.ufpel.edu.br\/gbiotec\/files\/2019\/06\/Eq1-convertido.pdf\">Tabela de equival\u00eancias \u2013 curr\u00edculo 2008<\/a><\/li>\n<\/ul>\n<p>&nbsp;<\/p>\n","protected":false},"excerpt":{"rendered":"<p>Rela\u00e7\u00e3o de disciplinas obrigat\u00f3rias e optativas do curso de Biotecnologia &nbsp; Grade curricular 2022 (ingresso a partir de 2022) Tabela de equival\u00eancias &#8211; curr\u00edculo 2022 &nbsp; Grade curricular 2016 (c\u00f3digos novos) Tabela de equival\u00eancias \u2013 curr\u00edculo 2016 (c\u00f3digos novos) &nbsp; Grade curricular 2016 Tabela de equival\u00eancias \u2013 curr\u00edculo 2016 &nbsp; Grade curricular 2008 Tabela de [&hellip;]<\/p>\n","protected":false},"author":866,"featured_media":0,"parent":296,"menu_order":0,"comment_status":"closed","ping_status":"closed","template":"","meta":{"footnotes":""},"class_list":["post-299","page","type-page","status-publish","hentry"],"jetpack_sharing_enabled":true,"_links":{"self":[{"href":"https:\/\/wp.ufpel.edu.br\/gbiotec\/wp-json\/wp\/v2\/pages\/299","targetHints":{"allow":["GET"]}}],"collection":[{"href":"https:\/\/wp.ufpel.edu.br\/gbiotec\/wp-json\/wp\/v2\/pages"}],"about":[{"href":"https:\/\/wp.ufpel.edu.br\/gbiotec\/wp-json\/wp\/v2\/types\/page"}],"author":[{"embeddable":true,"href":"https:\/\/wp.ufpel.edu.br\/gbiotec\/wp-json\/wp\/v2\/users\/866"}],"replies":[{"embeddable":true,"href":"https:\/\/wp.ufpel.edu.br\/gbiotec\/wp-json\/wp\/v2\/comments?post=299"}],"version-history":[{"count":40,"href":"https:\/\/wp.ufpel.edu.br\/gbiotec\/wp-json\/wp\/v2\/pages\/299\/revisions"}],"predecessor-version":[{"id":4339,"href":"https:\/\/wp.ufpel.edu.br\/gbiotec\/wp-json\/wp\/v2\/pages\/299\/revisions\/4339"}],"up":[{"embeddable":true,"href":"https:\/\/wp.ufpel.edu.br\/gbiotec\/wp-json\/wp\/v2\/pages\/296"}],"wp:attachment":[{"href":"https:\/\/wp.ufpel.edu.br\/gbiotec\/wp-json\/wp\/v2\/media?parent=299"}],"curies":[{"name":"wp","href":"https:\/\/api.w.org\/{rel}","templated":true}]}}