{"id":296,"date":"2018-07-24T10:20:22","date_gmt":"2018-07-24T13:20:22","guid":{"rendered":"https:\/\/wp.ufpel.edu.br\/gbiotec\/?page_id=296"},"modified":"2018-08-02T11:12:02","modified_gmt":"2018-08-02T14:12:02","slug":"estrutura-curricular","status":"publish","type":"page","link":"https:\/\/wp.ufpel.edu.br\/gbiotec\/estrutura-curricular\/","title":{"rendered":"ESTRUTURA CURRICULAR"},"content":{"rendered":"<p style=\"text-align: justify\"><span style=\"color: #000000\">A matriz curricular do curso de Biotecnologia \u00e9 composta pela\u00a0forma\u00e7\u00e3o espec\u00edfica (disciplinas obrigat\u00f3rias), pela forma\u00e7\u00e3o complementar (atividades acad\u00eamico-cient\u00edfico-culturais obrigat\u00f3rias) e pela forma\u00e7\u00e3o livre\u00a0 (disciplinas optativas).<\/span><\/p>\n","protected":false},"excerpt":{"rendered":"<p>A matriz curricular do curso de Biotecnologia \u00e9 composta pela\u00a0forma\u00e7\u00e3o espec\u00edfica (disciplinas obrigat\u00f3rias), pela forma\u00e7\u00e3o complementar (atividades acad\u00eamico-cient\u00edfico-culturais obrigat\u00f3rias) e pela forma\u00e7\u00e3o livre\u00a0 (disciplinas optativas).<\/p>\n","protected":false},"author":866,"featured_media":0,"parent":0,"menu_order":0,"comment_status":"closed","ping_status":"closed","template":"","meta":{"footnotes":""},"class_list":["post-296","page","type-page","status-publish","hentry"],"jetpack_sharing_enabled":true,"_links":{"self":[{"href":"https:\/\/wp.ufpel.edu.br\/gbiotec\/wp-json\/wp\/v2\/pages\/296","targetHints":{"allow":["GET"]}}],"collection":[{"href":"https:\/\/wp.ufpel.edu.br\/gbiotec\/wp-json\/wp\/v2\/pages"}],"about":[{"href":"https:\/\/wp.ufpel.edu.br\/gbiotec\/wp-json\/wp\/v2\/types\/page"}],"author":[{"embeddable":true,"href":"https:\/\/wp.ufpel.edu.br\/gbiotec\/wp-json\/wp\/v2\/users\/866"}],"replies":[{"embeddable":true,"href":"https:\/\/wp.ufpel.edu.br\/gbiotec\/wp-json\/wp\/v2\/comments?post=296"}],"version-history":[{"count":10,"href":"https:\/\/wp.ufpel.edu.br\/gbiotec\/wp-json\/wp\/v2\/pages\/296\/revisions"}],"predecessor-version":[{"id":659,"href":"https:\/\/wp.ufpel.edu.br\/gbiotec\/wp-json\/wp\/v2\/pages\/296\/revisions\/659"}],"wp:attachment":[{"href":"https:\/\/wp.ufpel.edu.br\/gbiotec\/wp-json\/wp\/v2\/media?parent=296"}],"curies":[{"name":"wp","href":"https:\/\/api.w.org\/{rel}","templated":true}]}}