{"id":293,"date":"2023-05-03T09:15:37","date_gmt":"2023-05-03T12:15:37","guid":{"rendered":"https:\/\/wp.ufpel.edu.br\/gbiotec\/?page_id=293"},"modified":"2025-04-30T10:36:41","modified_gmt":"2025-04-30T13:36:41","slug":"naie","status":"publish","type":"page","link":"https:\/\/wp.ufpel.edu.br\/gbiotec\/estrutura-organizacional\/naie\/","title":{"rendered":"N\u00facleo de Apoio a Integraliza\u00e7\u00e3o da Extens\u00e3o"},"content":{"rendered":"<p style=\"text-align: justify;\"><span style=\"color: #000000;\">O N\u00facleo de Apoio a Integraliza\u00e7\u00e3o da Extens\u00e3o (NAIE) \u00e9 um \u00f3rg\u00e3o de car\u00e1ter t\u00e9cnico e consultivo do Colegiado do Curso de Biotecnologia que tem por finalidade tratar das quest\u00f5es relativas \u00e0 extens\u00e3o.<\/span><\/p>\n<p style=\"text-align: justify;\"><span style=\"color: #000000;\">O NAIE do curso de Biotecnologia \u00e9 composto pelos seguintes membros, mediante Portaria interna n\u00ba 59, de 25 de abril de 2025:<\/span><\/p>\n<ul>\n<li><span style=\"color: #000000;\">Profa. Tha\u00eds Larr\u00e9 Oliveira Bohn (presidente)<\/span><\/li>\n<li><span style=\"color: #000000;\">Prof. Frederico Schmitt Kremer<\/span><\/li>\n<li><span style=\"color: #000000;\">Profa. Priscila Marques Moura de Leon<\/span><\/li>\n<li><span style=\"color: #000000;\">Profa. Mariana H\u00e4rter Remi\u00e3o<\/span><\/li>\n<li><span style=\"color: #000000;\">Profa. Vanessa Galli<\/span><\/li>\n<\/ul>\n<p>&nbsp;<\/p>\n<p><span style=\"color: #000000;\"><em>Documentos<\/em>:<\/span><\/p>\n<p><span style=\"color: #000000;\"><a style=\"color: #000000;\" href=\"https:\/\/wp.ufpel.edu.br\/gbiotec\/files\/2025\/04\/Portaria-NAIE-59-2025.pdf\">Portaria interna n\u00ba 59, de 25 de abril de 2025<\/a><\/span><\/p>\n<p><span style=\"color: #000000;\"><a style=\"color: #000000;\" href=\"https:\/\/wp.ufpel.edu.br\/gbiotec\/files\/2024\/07\/Regimento-NAIE.pdf\">Regimento N\u00facleo de Apoio a Integraliza\u00e7\u00e3o da Extens\u00e3o<\/a><\/span><\/p>\n","protected":false},"excerpt":{"rendered":"<p>O N\u00facleo de Apoio a Integraliza\u00e7\u00e3o da Extens\u00e3o (NAIE) \u00e9 um \u00f3rg\u00e3o de car\u00e1ter t\u00e9cnico e consultivo do Colegiado do Curso de Biotecnologia que tem por finalidade tratar das quest\u00f5es relativas \u00e0 extens\u00e3o. O NAIE do curso de Biotecnologia \u00e9 composto pelos seguintes membros, mediante Portaria interna n\u00ba 59, de 25 de abril de 2025: [&hellip;]<\/p>\n","protected":false},"author":866,"featured_media":0,"parent":278,"menu_order":4,"comment_status":"closed","ping_status":"closed","template":"","meta":{"footnotes":""},"class_list":["post-293","page","type-page","status-publish","hentry"],"jetpack_sharing_enabled":true,"_links":{"self":[{"href":"https:\/\/wp.ufpel.edu.br\/gbiotec\/wp-json\/wp\/v2\/pages\/293","targetHints":{"allow":["GET"]}}],"collection":[{"href":"https:\/\/wp.ufpel.edu.br\/gbiotec\/wp-json\/wp\/v2\/pages"}],"about":[{"href":"https:\/\/wp.ufpel.edu.br\/gbiotec\/wp-json\/wp\/v2\/types\/page"}],"author":[{"embeddable":true,"href":"https:\/\/wp.ufpel.edu.br\/gbiotec\/wp-json\/wp\/v2\/users\/866"}],"replies":[{"embeddable":true,"href":"https:\/\/wp.ufpel.edu.br\/gbiotec\/wp-json\/wp\/v2\/comments?post=293"}],"version-history":[{"count":16,"href":"https:\/\/wp.ufpel.edu.br\/gbiotec\/wp-json\/wp\/v2\/pages\/293\/revisions"}],"predecessor-version":[{"id":4471,"href":"https:\/\/wp.ufpel.edu.br\/gbiotec\/wp-json\/wp\/v2\/pages\/293\/revisions\/4471"}],"up":[{"embeddable":true,"href":"https:\/\/wp.ufpel.edu.br\/gbiotec\/wp-json\/wp\/v2\/pages\/278"}],"wp:attachment":[{"href":"https:\/\/wp.ufpel.edu.br\/gbiotec\/wp-json\/wp\/v2\/media?parent=293"}],"curies":[{"name":"wp","href":"https:\/\/api.w.org\/{rel}","templated":true}]}}