{"id":287,"date":"2018-07-24T10:18:40","date_gmt":"2018-07-24T13:18:40","guid":{"rendered":"https:\/\/wp.ufpel.edu.br\/gbiotec\/?page_id=287"},"modified":"2025-04-30T10:43:09","modified_gmt":"2025-04-30T13:43:09","slug":"diretorio-academico","status":"publish","type":"page","link":"https:\/\/wp.ufpel.edu.br\/gbiotec\/estrutura-organizacional\/diretorio-academico\/","title":{"rendered":"Diret\u00f3rio Acad\u00eamico"},"content":{"rendered":"<p style=\"text-align: justify;\"><span style=\"color: #000000;\">O Diret\u00f3rio Acad\u00eamico \u00e9\u00a0o \u00f3rg\u00e3o de representa\u00e7\u00e3o estudantil que cumpre a finalidade de promover atividades acad\u00eamicas extracurriculares e de representar os interesses e lutas dos estudantes.<\/span><\/p>\n<p><span style=\"color: #000000;\">O Diret\u00f3rio Acad\u00eamico Jo\u00e3o Carlos Deschamps do curso de Biotecnologia \u00e9 composto pelos seguintes membros, mediante Ata n\u00ba 01, de 10 de mar\u00e7o de 2025:<\/span><\/p>\n<ul>\n<li><span style=\"color: #000000;\">Presidente: Beatriz Campos da Motta Santos<\/span><\/li>\n<li><span style=\"color: #000000;\">Vice-presidente: Rodrigo Albertho Almeida Wedy<\/span><\/li>\n<li><span style=\"color: #000000;\">Secret\u00e1rio: Gustavo dos Santos Hartleben<\/span><\/li>\n<li><span style=\"color: #000000;\">Tesoureira: Isadora Cosenza Vieira da Silva<\/span><\/li>\n<li><span style=\"color: #000000;\">Representante Discente (titular): Chrystian Nunes Gon\u00e7alves<\/span><\/li>\n<li><span style=\"color: #000000;\">Representante Discente (suplente): Jo\u00e3o Pedro Gomes Greco<\/span><\/li>\n<\/ul>\n<p><span style=\"color: #000000;\">Contato:\u00a0atrav\u00e9s do e-mail <a style=\"color: #000000;\" href=\"mailto:diretorioajcd.ufpel@gmail.com\" target=\"_blank\" rel=\"noopener\">diretorioajcd.ufpel@gmail.com<\/a> ou pelo intagram <span style=\"text-decoration: underline;\"><span>@dabiotecufpel.<\/span><\/span><\/span><\/p>\n<p>&nbsp;<\/p>\n<p><span style=\"color: #000000;\"><em>Documentos<\/em>:<\/span><\/p>\n<p><span style=\"color: #000000;\"><a style=\"color: #000000;\" href=\"https:\/\/wp.ufpel.edu.br\/gbiotec\/files\/2025\/04\/ATA-composicao-DA.pdf\">ATA DA n\u00ba 01, de 10 de mar\u00e7o de 2025<\/a><\/span><\/p>\n<p><span style=\"color: #000000;\"><a style=\"color: #000000;\" href=\"https:\/\/wp.ufpel.edu.br\/gbiotec\/files\/2018\/07\/Estatuto-DAJCD-2015.pdf\">Estatuto Diret\u00f3rio Acad\u00eamico Jo\u00e3o Carlos Deschamps<\/a><\/span><\/p>\n","protected":false},"excerpt":{"rendered":"<p>O Diret\u00f3rio Acad\u00eamico \u00e9\u00a0o \u00f3rg\u00e3o de representa\u00e7\u00e3o estudantil que cumpre a finalidade de promover atividades acad\u00eamicas extracurriculares e de representar os interesses e lutas dos estudantes. O Diret\u00f3rio Acad\u00eamico Jo\u00e3o Carlos Deschamps do curso de Biotecnologia \u00e9 composto pelos seguintes membros, mediante Ata n\u00ba 01, de 10 de mar\u00e7o de 2025: Presidente: Beatriz Campos da [&hellip;]<\/p>\n","protected":false},"author":866,"featured_media":0,"parent":278,"menu_order":5,"comment_status":"closed","ping_status":"closed","template":"","meta":{"footnotes":""},"class_list":["post-287","page","type-page","status-publish","hentry"],"jetpack_sharing_enabled":true,"_links":{"self":[{"href":"https:\/\/wp.ufpel.edu.br\/gbiotec\/wp-json\/wp\/v2\/pages\/287","targetHints":{"allow":["GET"]}}],"collection":[{"href":"https:\/\/wp.ufpel.edu.br\/gbiotec\/wp-json\/wp\/v2\/pages"}],"about":[{"href":"https:\/\/wp.ufpel.edu.br\/gbiotec\/wp-json\/wp\/v2\/types\/page"}],"author":[{"embeddable":true,"href":"https:\/\/wp.ufpel.edu.br\/gbiotec\/wp-json\/wp\/v2\/users\/866"}],"replies":[{"embeddable":true,"href":"https:\/\/wp.ufpel.edu.br\/gbiotec\/wp-json\/wp\/v2\/comments?post=287"}],"version-history":[{"count":25,"href":"https:\/\/wp.ufpel.edu.br\/gbiotec\/wp-json\/wp\/v2\/pages\/287\/revisions"}],"predecessor-version":[{"id":4474,"href":"https:\/\/wp.ufpel.edu.br\/gbiotec\/wp-json\/wp\/v2\/pages\/287\/revisions\/4474"}],"up":[{"embeddable":true,"href":"https:\/\/wp.ufpel.edu.br\/gbiotec\/wp-json\/wp\/v2\/pages\/278"}],"wp:attachment":[{"href":"https:\/\/wp.ufpel.edu.br\/gbiotec\/wp-json\/wp\/v2\/media?parent=287"}],"curies":[{"name":"wp","href":"https:\/\/api.w.org\/{rel}","templated":true}]}}