{"id":284,"date":"2023-05-03T09:10:59","date_gmt":"2023-05-03T12:10:59","guid":{"rendered":"https:\/\/wp.ufpel.edu.br\/gbiotec\/?page_id=284"},"modified":"2025-04-30T10:34:51","modified_gmt":"2025-04-30T13:34:51","slug":"nde","status":"publish","type":"page","link":"https:\/\/wp.ufpel.edu.br\/gbiotec\/estrutura-organizacional\/nde\/","title":{"rendered":"N\u00facleo Docente Estruturante"},"content":{"rendered":"<p style=\"text-align: justify;\"><span style=\"color: #000000;\">O N\u00facleo Docente Estruturante (NDE) \u00e9 o \u00f3rg\u00e3o consultivo respons\u00e1vel pela concep\u00e7\u00e3o do Projeto Pedag\u00f3gico do Curso de Biotecnologia e tem, por finalidade, a implanta\u00e7\u00e3o do mesmo.<\/span><\/p>\n<p><span style=\"color: #000000;\">O NDE do curso de Biotecnologia \u00e9 composto pelos seguintes membros, mediante Portaria interna n\u00ba 58, de 25 de abril de 2025:<\/span><\/p>\n<ul>\n<li><span style=\"color: #000000;\">Profa. Mariana H\u00e4rter Remi\u00e3o (presidente)<\/span><\/li>\n<li><span style=\"color: #000000;\">Profa. Fabiana K\u00f6mmling Seixas<\/span><\/li>\n<li><span style=\"color: #000000;\">Prof. Frederico Schmitt Kremer<\/span><\/li>\n<li><span style=\"color: #000000;\">Profa. Tha\u00eds Larr\u00e9 Oliveira Bohn<\/span><\/li>\n<li><span style=\"color: #000000;\">Profa. Marta Gon\u00e7alves Amaral<\/span><\/li>\n<li><span style=\"color: #000000;\">Profa. Patr\u00edcia Silva Diaz<\/span><\/li>\n<li><span style=\"color: #000000;\">Profa. Priscila Marques Moura de Leon<\/span><\/li>\n<li><span style=\"color: #000000;\">Profa. Vanessa Galli<\/span><\/li>\n<\/ul>\n<p>&nbsp;<\/p>\n<p><span style=\"color: #000000;\"><em>Documentos<\/em>:<\/span><\/p>\n<p><span style=\"color: #000000;\"><a style=\"color: #000000;\" href=\"https:\/\/wp.ufpel.edu.br\/gbiotec\/files\/2025\/04\/Portaria-NDE-58-2025.pdf\">Portaria interna n\u00ba 58, de 25 de abril de 2025<\/a><\/span><\/p>\n<p><span style=\"color: #000000;\"><a style=\"color: #000000;\" href=\"https:\/\/wp.ufpel.edu.br\/gbiotec\/files\/2021\/04\/Regimento-NDE.pdf\">Regimento N\u00facleo Docente Estruturante do Curso de Biotecnologia<\/a><\/span><\/p>\n","protected":false},"excerpt":{"rendered":"<p>O N\u00facleo Docente Estruturante (NDE) \u00e9 o \u00f3rg\u00e3o consultivo respons\u00e1vel pela concep\u00e7\u00e3o do Projeto Pedag\u00f3gico do Curso de Biotecnologia e tem, por finalidade, a implanta\u00e7\u00e3o do mesmo. O NDE do curso de Biotecnologia \u00e9 composto pelos seguintes membros, mediante Portaria interna n\u00ba 58, de 25 de abril de 2025: Profa. Mariana H\u00e4rter Remi\u00e3o (presidente) Profa. [&hellip;]<\/p>\n","protected":false},"author":866,"featured_media":0,"parent":278,"menu_order":3,"comment_status":"closed","ping_status":"closed","template":"","meta":{"footnotes":""},"class_list":["post-284","page","type-page","status-publish","hentry"],"jetpack_sharing_enabled":true,"_links":{"self":[{"href":"https:\/\/wp.ufpel.edu.br\/gbiotec\/wp-json\/wp\/v2\/pages\/284","targetHints":{"allow":["GET"]}}],"collection":[{"href":"https:\/\/wp.ufpel.edu.br\/gbiotec\/wp-json\/wp\/v2\/pages"}],"about":[{"href":"https:\/\/wp.ufpel.edu.br\/gbiotec\/wp-json\/wp\/v2\/types\/page"}],"author":[{"embeddable":true,"href":"https:\/\/wp.ufpel.edu.br\/gbiotec\/wp-json\/wp\/v2\/users\/866"}],"replies":[{"embeddable":true,"href":"https:\/\/wp.ufpel.edu.br\/gbiotec\/wp-json\/wp\/v2\/comments?post=284"}],"version-history":[{"count":22,"href":"https:\/\/wp.ufpel.edu.br\/gbiotec\/wp-json\/wp\/v2\/pages\/284\/revisions"}],"predecessor-version":[{"id":4468,"href":"https:\/\/wp.ufpel.edu.br\/gbiotec\/wp-json\/wp\/v2\/pages\/284\/revisions\/4468"}],"up":[{"embeddable":true,"href":"https:\/\/wp.ufpel.edu.br\/gbiotec\/wp-json\/wp\/v2\/pages\/278"}],"wp:attachment":[{"href":"https:\/\/wp.ufpel.edu.br\/gbiotec\/wp-json\/wp\/v2\/media?parent=284"}],"curies":[{"name":"wp","href":"https:\/\/api.w.org\/{rel}","templated":true}]}}