{"id":278,"date":"2018-07-24T10:16:06","date_gmt":"2018-07-24T13:16:06","guid":{"rendered":"https:\/\/wp.ufpel.edu.br\/gbiotec\/?page_id=278"},"modified":"2018-08-02T14:39:05","modified_gmt":"2018-08-02T17:39:05","slug":"estrutura-organizacional","status":"publish","type":"page","link":"https:\/\/wp.ufpel.edu.br\/gbiotec\/estrutura-organizacional\/","title":{"rendered":"ESTRUTURA ORGANIZACIONAL"},"content":{"rendered":"<p><span style=\"color: #000000\">A organiza\u00e7\u00e3o administrativa do curso de Biotecnologia \u00e9 composta pela Coordena\u00e7\u00e3o, pelo Colegiado do Curso e pelo N\u00facleo Docente Estruturante. O corpo de trabalho \u00e9 formado pelos docentes e t\u00e9cnico-administrativos e a representa\u00e7\u00e3o discente \u00e9 representada pelo diret\u00f3rio acad\u00eamico.<\/span><\/p>\n","protected":false},"excerpt":{"rendered":"<p>A organiza\u00e7\u00e3o administrativa do curso de Biotecnologia \u00e9 composta pela Coordena\u00e7\u00e3o, pelo Colegiado do Curso e pelo N\u00facleo Docente Estruturante. O corpo de trabalho \u00e9 formado pelos docentes e t\u00e9cnico-administrativos e a representa\u00e7\u00e3o discente \u00e9 representada pelo diret\u00f3rio acad\u00eamico.<\/p>\n","protected":false},"author":866,"featured_media":0,"parent":0,"menu_order":0,"comment_status":"closed","ping_status":"closed","template":"","meta":{"footnotes":""},"class_list":["post-278","page","type-page","status-publish","hentry"],"jetpack_sharing_enabled":true,"_links":{"self":[{"href":"https:\/\/wp.ufpel.edu.br\/gbiotec\/wp-json\/wp\/v2\/pages\/278","targetHints":{"allow":["GET"]}}],"collection":[{"href":"https:\/\/wp.ufpel.edu.br\/gbiotec\/wp-json\/wp\/v2\/pages"}],"about":[{"href":"https:\/\/wp.ufpel.edu.br\/gbiotec\/wp-json\/wp\/v2\/types\/page"}],"author":[{"embeddable":true,"href":"https:\/\/wp.ufpel.edu.br\/gbiotec\/wp-json\/wp\/v2\/users\/866"}],"replies":[{"embeddable":true,"href":"https:\/\/wp.ufpel.edu.br\/gbiotec\/wp-json\/wp\/v2\/comments?post=278"}],"version-history":[{"count":7,"href":"https:\/\/wp.ufpel.edu.br\/gbiotec\/wp-json\/wp\/v2\/pages\/278\/revisions"}],"predecessor-version":[{"id":695,"href":"https:\/\/wp.ufpel.edu.br\/gbiotec\/wp-json\/wp\/v2\/pages\/278\/revisions\/695"}],"wp:attachment":[{"href":"https:\/\/wp.ufpel.edu.br\/gbiotec\/wp-json\/wp\/v2\/media?parent=278"}],"curies":[{"name":"wp","href":"https:\/\/api.w.org\/{rel}","templated":true}]}}