{"id":2660,"date":"2020-08-17T20:05:07","date_gmt":"2020-08-17T23:05:07","guid":{"rendered":"https:\/\/wp.ufpel.edu.br\/gbiotec\/?page_id=2660"},"modified":"2021-09-15T14:01:39","modified_gmt":"2021-09-15T17:01:39","slug":"2020-2","status":"publish","type":"page","link":"https:\/\/wp.ufpel.edu.br\/gbiotec\/eventos\/simposio-de-biotecnologia\/2020-2\/","title":{"rendered":"2020"},"content":{"rendered":"<p style=\"text-align: center\"><span style=\"color: #000000\"><strong><em>VII<span style=\"color: #000000\">I Simp\u00f3sio de Biotecnologia &#8211; Sa\u00fade \u00danica<\/span><\/em><\/strong><\/span><\/p>\n<p style=\"text-align: center\"><span style=\"color: #000000\"><em>Data: 21 a 26 de setembro de 2020<br \/>\n<\/em><\/span><span style=\"color: #000000\"><em>Evento on-line<\/em><\/span><\/p>\n<p><img class=\" wp-image-2546 aligncenter\" src=\"https:\/\/wp.ufpel.edu.br\/gbiotec\/files\/2020\/05\/P\u00f4ster-281x400.jpg\" alt=\"\" width=\"238\" height=\"339\" srcset=\"https:\/\/wp.ufpel.edu.br\/gbiotec\/files\/2020\/05\/P\u00f4ster-281x400.jpg 281w, https:\/\/wp.ufpel.edu.br\/gbiotec\/files\/2020\/05\/P\u00f4ster.jpg 425w\" sizes=\"(max-width: 238px) 100vw, 238px\" \/><\/p>\n<p><span style=\"color: #000000\">Redes sociais:<\/span><\/p>\n<ul>\n<li><span style=\"color: #000000\">Facebook:\u00a0<span style=\"color: #0000ff\"><a style=\"color: #0000ff\" href=\"https:\/\/m.facebook.com\/simposiobiotec\/\">https:\/\/m.facebook.com\/simposiobiotec\/<\/a><\/span><\/span><\/li>\n<li><span style=\"color: #000000\">Instagram:\u00a0<span style=\"color: #0000ff\"><a style=\"color: #0000ff\" href=\"https:\/\/instagram.com\/simposiobiotec?igshid=1v93f40hll8c5\">https:\/\/instagram.com\/simposiobiotec?igshid=1v93f40hll8c5<\/a><\/span><\/span><\/li>\n<li><span style=\"color: #000000\">Twitter:\u00a0<span style=\"color: #0000ff\"><a style=\"color: #0000ff\" href=\"https:\/\/twitter.com\/simposiobiotec\">https:\/\/twitter.com\/simposiobiotec<\/a><\/span><\/span><\/li>\n<\/ul>\n","protected":false},"excerpt":{"rendered":"<p>VIII Simp\u00f3sio de Biotecnologia &#8211; Sa\u00fade \u00danica Data: 21 a 26 de setembro de 2020 Evento on-line Redes sociais: Facebook:\u00a0https:\/\/m.facebook.com\/simposiobiotec\/ Instagram:\u00a0https:\/\/instagram.com\/simposiobiotec?igshid=1v93f40hll8c5 Twitter:\u00a0https:\/\/twitter.com\/simposiobiotec<\/p>\n","protected":false},"author":866,"featured_media":0,"parent":323,"menu_order":8,"comment_status":"closed","ping_status":"closed","template":"","meta":{"footnotes":""},"class_list":["post-2660","page","type-page","status-publish","hentry"],"jetpack_sharing_enabled":true,"_links":{"self":[{"href":"https:\/\/wp.ufpel.edu.br\/gbiotec\/wp-json\/wp\/v2\/pages\/2660","targetHints":{"allow":["GET"]}}],"collection":[{"href":"https:\/\/wp.ufpel.edu.br\/gbiotec\/wp-json\/wp\/v2\/pages"}],"about":[{"href":"https:\/\/wp.ufpel.edu.br\/gbiotec\/wp-json\/wp\/v2\/types\/page"}],"author":[{"embeddable":true,"href":"https:\/\/wp.ufpel.edu.br\/gbiotec\/wp-json\/wp\/v2\/users\/866"}],"replies":[{"embeddable":true,"href":"https:\/\/wp.ufpel.edu.br\/gbiotec\/wp-json\/wp\/v2\/comments?post=2660"}],"version-history":[{"count":4,"href":"https:\/\/wp.ufpel.edu.br\/gbiotec\/wp-json\/wp\/v2\/pages\/2660\/revisions"}],"predecessor-version":[{"id":3379,"href":"https:\/\/wp.ufpel.edu.br\/gbiotec\/wp-json\/wp\/v2\/pages\/2660\/revisions\/3379"}],"up":[{"embeddable":true,"href":"https:\/\/wp.ufpel.edu.br\/gbiotec\/wp-json\/wp\/v2\/pages\/323"}],"wp:attachment":[{"href":"https:\/\/wp.ufpel.edu.br\/gbiotec\/wp-json\/wp\/v2\/media?parent=2660"}],"curies":[{"name":"wp","href":"https:\/\/api.w.org\/{rel}","templated":true}]}}