{"id":2216,"date":"2019-09-10T15:02:04","date_gmt":"2019-09-10T18:02:04","guid":{"rendered":"https:\/\/wp.ufpel.edu.br\/gbiotec\/?page_id=2216"},"modified":"2021-10-20T19:07:36","modified_gmt":"2021-10-20T22:07:36","slug":"2018-2","status":"publish","type":"page","link":"https:\/\/wp.ufpel.edu.br\/gbiotec\/eventos\/espaco-ciencia\/2018-2\/","title":{"rendered":"2018"},"content":{"rendered":"<p style=\"text-align: center\"><span style=\"color: #000000\"><strong><em>IV Espa\u00e7o Ci\u00eancia<\/em><\/strong><\/span><\/p>\n<p style=\"text-align: center\"><span style=\"color: #000000\"><em>Data: 24 de outubro de 2017<\/em><\/span><\/p>\n<p style=\"text-align: center\"><span style=\"color: #000000\"><em>Local: Pelotas Parque Tecnol\u00f3gico<\/em><\/span><\/p>\n<p>\u00a0 \u00a0 \u00a0 \u00a0 \u00a0 \u00a0 \u00a0 \u00a0<img class=\"alignnone wp-image-2218\" src=\"https:\/\/wp.ufpel.edu.br\/gbiotec\/files\/2019\/09\/22-outubro-2018-400x300.jpg\" alt=\"\" width=\"340\" height=\"255\" srcset=\"https:\/\/wp.ufpel.edu.br\/gbiotec\/files\/2019\/09\/22-outubro-2018-400x300.jpg 400w, https:\/\/wp.ufpel.edu.br\/gbiotec\/files\/2019\/09\/22-outubro-2018-768x576.jpg 768w, https:\/\/wp.ufpel.edu.br\/gbiotec\/files\/2019\/09\/22-outubro-2018.jpg 960w\" sizes=\"(max-width: 340px) 100vw, 340px\" \/>\u00a0 \u00a0 \u00a0<img class=\"alignnone wp-image-2219\" src=\"https:\/\/wp.ufpel.edu.br\/gbiotec\/files\/2019\/09\/22-outurbo-de-2018-333x400.png\" alt=\"\" width=\"212\" height=\"255\" srcset=\"https:\/\/wp.ufpel.edu.br\/gbiotec\/files\/2019\/09\/22-outurbo-de-2018-333x400.png 333w, https:\/\/wp.ufpel.edu.br\/gbiotec\/files\/2019\/09\/22-outurbo-de-2018-768x922.png 768w, https:\/\/wp.ufpel.edu.br\/gbiotec\/files\/2019\/09\/22-outurbo-de-2018-853x1024.png 853w, https:\/\/wp.ufpel.edu.br\/gbiotec\/files\/2019\/09\/22-outurbo-de-2018.png 1000w\" sizes=\"(max-width: 212px) 100vw, 212px\" \/><\/p>\n","protected":false},"excerpt":{"rendered":"<p>IV Espa\u00e7o Ci\u00eancia Data: 24 de outubro de 2017 Local: Pelotas Parque Tecnol\u00f3gico \u00a0 \u00a0 \u00a0 \u00a0 \u00a0 \u00a0 \u00a0 \u00a0\u00a0 \u00a0 \u00a0<\/p>\n","protected":false},"author":866,"featured_media":0,"parent":2188,"menu_order":4,"comment_status":"closed","ping_status":"closed","template":"","meta":{"footnotes":""},"class_list":["post-2216","page","type-page","status-publish","hentry"],"jetpack_sharing_enabled":true,"_links":{"self":[{"href":"https:\/\/wp.ufpel.edu.br\/gbiotec\/wp-json\/wp\/v2\/pages\/2216","targetHints":{"allow":["GET"]}}],"collection":[{"href":"https:\/\/wp.ufpel.edu.br\/gbiotec\/wp-json\/wp\/v2\/pages"}],"about":[{"href":"https:\/\/wp.ufpel.edu.br\/gbiotec\/wp-json\/wp\/v2\/types\/page"}],"author":[{"embeddable":true,"href":"https:\/\/wp.ufpel.edu.br\/gbiotec\/wp-json\/wp\/v2\/users\/866"}],"replies":[{"embeddable":true,"href":"https:\/\/wp.ufpel.edu.br\/gbiotec\/wp-json\/wp\/v2\/comments?post=2216"}],"version-history":[{"count":2,"href":"https:\/\/wp.ufpel.edu.br\/gbiotec\/wp-json\/wp\/v2\/pages\/2216\/revisions"}],"predecessor-version":[{"id":3429,"href":"https:\/\/wp.ufpel.edu.br\/gbiotec\/wp-json\/wp\/v2\/pages\/2216\/revisions\/3429"}],"up":[{"embeddable":true,"href":"https:\/\/wp.ufpel.edu.br\/gbiotec\/wp-json\/wp\/v2\/pages\/2188"}],"wp:attachment":[{"href":"https:\/\/wp.ufpel.edu.br\/gbiotec\/wp-json\/wp\/v2\/media?parent=2216"}],"curies":[{"name":"wp","href":"https:\/\/api.w.org\/{rel}","templated":true}]}}