{"id":2211,"date":"2019-09-10T14:58:42","date_gmt":"2019-09-10T17:58:42","guid":{"rendered":"https:\/\/wp.ufpel.edu.br\/gbiotec\/?page_id=2211"},"modified":"2019-09-12T11:54:42","modified_gmt":"2019-09-12T14:54:42","slug":"2017-2","status":"publish","type":"page","link":"https:\/\/wp.ufpel.edu.br\/gbiotec\/eventos\/espaco-ciencia\/2017-2\/","title":{"rendered":"2017"},"content":{"rendered":"<p style=\"text-align: center\"><span style=\"color: #000000\"><strong><em>III Espa\u00e7o Ci\u00eancia<\/em><\/strong><\/span><\/p>\n<p style=\"text-align: center\"><span style=\"color: #000000\"><em>Data: 24 de outubro de 2017<\/em><\/span><\/p>\n<p style=\"text-align: center\"><span style=\"color: #000000\"><em>Local: Pelotas Parque Tecnol\u00f3gico<\/em><\/span><\/p>\n<p><img class=\"alignnone wp-image-2213\" src=\"https:\/\/wp.ufpel.edu.br\/gbiotec\/files\/2019\/09\/24-de-outubro-de-2017-III-Ec-e-IV-Desafio-Parque-tec-400x267.jpg\" alt=\"\" width=\"340\" height=\"227\" srcset=\"https:\/\/wp.ufpel.edu.br\/gbiotec\/files\/2019\/09\/24-de-outubro-de-2017-III-Ec-e-IV-Desafio-Parque-tec-400x267.jpg 400w, https:\/\/wp.ufpel.edu.br\/gbiotec\/files\/2019\/09\/24-de-outubro-de-2017-III-Ec-e-IV-Desafio-Parque-tec-768x512.jpg 768w, https:\/\/wp.ufpel.edu.br\/gbiotec\/files\/2019\/09\/24-de-outubro-de-2017-III-Ec-e-IV-Desafio-Parque-tec-1024x683.jpg 1024w, https:\/\/wp.ufpel.edu.br\/gbiotec\/files\/2019\/09\/24-de-outubro-de-2017-III-Ec-e-IV-Desafio-Parque-tec.jpg 2048w\" sizes=\"(max-width: 340px) 100vw, 340px\" \/>\u00a0 \u00a0 <img class=\"alignnone wp-image-2214\" src=\"https:\/\/wp.ufpel.edu.br\/gbiotec\/files\/2019\/09\/24-outb-2017-400x267.jpg\" alt=\"\" width=\"340\" height=\"227\" srcset=\"https:\/\/wp.ufpel.edu.br\/gbiotec\/files\/2019\/09\/24-outb-2017-400x267.jpg 400w, https:\/\/wp.ufpel.edu.br\/gbiotec\/files\/2019\/09\/24-outb-2017-768x512.jpg 768w, https:\/\/wp.ufpel.edu.br\/gbiotec\/files\/2019\/09\/24-outb-2017-1024x683.jpg 1024w, https:\/\/wp.ufpel.edu.br\/gbiotec\/files\/2019\/09\/24-outb-2017.jpg 2048w\" sizes=\"(max-width: 340px) 100vw, 340px\" \/><\/p>\n<p><img class=\"size-medium wp-image-2232 aligncenter\" src=\"https:\/\/wp.ufpel.edu.br\/gbiotec\/files\/2019\/09\/DN747-400x267.jpg\" alt=\"\" width=\"400\" height=\"267\" srcset=\"https:\/\/wp.ufpel.edu.br\/gbiotec\/files\/2019\/09\/DN747-400x267.jpg 400w, https:\/\/wp.ufpel.edu.br\/gbiotec\/files\/2019\/09\/DN747-768x512.jpg 768w, https:\/\/wp.ufpel.edu.br\/gbiotec\/files\/2019\/09\/DN747-1024x683.jpg 1024w\" sizes=\"(max-width: 400px) 100vw, 400px\" \/><\/p>\n","protected":false},"excerpt":{"rendered":"<p>III Espa\u00e7o Ci\u00eancia Data: 24 de outubro de 2017 Local: Pelotas Parque Tecnol\u00f3gico \u00a0 \u00a0<\/p>\n","protected":false},"author":866,"featured_media":0,"parent":2188,"menu_order":3,"comment_status":"closed","ping_status":"closed","template":"","meta":{"footnotes":""},"class_list":["post-2211","page","type-page","status-publish","hentry"],"jetpack_sharing_enabled":true,"_links":{"self":[{"href":"https:\/\/wp.ufpel.edu.br\/gbiotec\/wp-json\/wp\/v2\/pages\/2211","targetHints":{"allow":["GET"]}}],"collection":[{"href":"https:\/\/wp.ufpel.edu.br\/gbiotec\/wp-json\/wp\/v2\/pages"}],"about":[{"href":"https:\/\/wp.ufpel.edu.br\/gbiotec\/wp-json\/wp\/v2\/types\/page"}],"author":[{"embeddable":true,"href":"https:\/\/wp.ufpel.edu.br\/gbiotec\/wp-json\/wp\/v2\/users\/866"}],"replies":[{"embeddable":true,"href":"https:\/\/wp.ufpel.edu.br\/gbiotec\/wp-json\/wp\/v2\/comments?post=2211"}],"version-history":[{"count":5,"href":"https:\/\/wp.ufpel.edu.br\/gbiotec\/wp-json\/wp\/v2\/pages\/2211\/revisions"}],"predecessor-version":[{"id":2241,"href":"https:\/\/wp.ufpel.edu.br\/gbiotec\/wp-json\/wp\/v2\/pages\/2211\/revisions\/2241"}],"up":[{"embeddable":true,"href":"https:\/\/wp.ufpel.edu.br\/gbiotec\/wp-json\/wp\/v2\/pages\/2188"}],"wp:attachment":[{"href":"https:\/\/wp.ufpel.edu.br\/gbiotec\/wp-json\/wp\/v2\/media?parent=2211"}],"curies":[{"name":"wp","href":"https:\/\/api.w.org\/{rel}","templated":true}]}}