{"id":2188,"date":"2019-09-10T14:39:36","date_gmt":"2019-09-10T17:39:36","guid":{"rendered":"https:\/\/wp.ufpel.edu.br\/gbiotec\/?page_id=2188"},"modified":"2021-10-20T19:02:35","modified_gmt":"2021-10-20T22:02:35","slug":"espaco-ciencia","status":"publish","type":"page","link":"https:\/\/wp.ufpel.edu.br\/gbiotec\/eventos\/espaco-ciencia\/","title":{"rendered":"Espa\u00e7o Ci\u00eancia"},"content":{"rendered":"<p style=\"text-align: justify\"><span style=\"color: #000000\">O Espa\u00e7o Ci\u00eancia \u00e9 um evento para divulga\u00e7\u00e3o cient\u00edfica e tecnol\u00f3gica que aproxima universidades e empresas trazendo conhecimento e informa\u00e7\u00e3o para a comunidade.\u00a0<\/span><span style=\"color: #000000\">Aproximar o progresso cient\u00edfico tecnol\u00f3gico, despertar a curiosidade cient\u00edfica e contribuir para o letramento cientifico tecnol\u00f3gico da comunidade s\u00e3o os objetivos do projeto, coordenado pela professora Luciana Bicca Dode.<\/span><\/p>\n<p><span style=\"color: #000000\">O Desafio Mural G-Biotec, atividade integradora que visa promover uma reflex\u00e3o cr\u00edtica sobre o papel da ci\u00eancia e da tecnologia, seleciona propostas criativas que s\u00e3o apresentadas no Espa\u00e7o Ci\u00eancia.<\/span><\/p>\n<ul>\n<li><span style=\"color: #000000\"><a style=\"color: #000000\" href=\"https:\/\/wp.ufpel.edu.br\/gbiotec\/eventos\/espaco-ciencia\/2015-2\/\">I Espa\u00e7o Ci\u00eancia<\/a><\/span><\/li>\n<li><span style=\"color: #000000\"><a style=\"color: #000000\" href=\"https:\/\/wp.ufpel.edu.br\/gbiotec\/eventos\/espaco-ciencia\/2016-2\/\">II Espa\u00e7o Ci\u00eancia<\/a><\/span><\/li>\n<li><span style=\"color: #000000\"><a style=\"color: #000000\" href=\"https:\/\/wp.ufpel.edu.br\/gbiotec\/eventos\/espaco-ciencia\/2017-2\/\">III Espa\u00e7o Ci\u00eancia<\/a><\/span><\/li>\n<li><span style=\"color: #000000\"><a style=\"color: #000000\" href=\"https:\/\/wp.ufpel.edu.br\/gbiotec\/eventos\/espaco-ciencia\/2018-2\/\">IV Espa\u00e7o Ci\u00eancia<\/a><\/span><\/li>\n<li><span style=\"color: #000000\"><a style=\"color: #000000\" href=\"https:\/\/wp.ufpel.edu.br\/gbiotec\/eventos\/espaco-ciencia\/2019-2\/\">V Espa\u00e7o Ci\u00eancia<\/a><\/span><\/li>\n<li><span style=\"color: #000000\"><a style=\"color: #000000\" href=\"https:\/\/wp.ufpel.edu.br\/gbiotec\/eventos\/espaco-ciencia\/2021-2\/\">VI Espa\u00e7o Ci\u00eancia<\/a><\/span><\/li>\n<\/ul>\n","protected":false},"excerpt":{"rendered":"<p>O Espa\u00e7o Ci\u00eancia \u00e9 um evento para divulga\u00e7\u00e3o cient\u00edfica e tecnol\u00f3gica que aproxima universidades e empresas trazendo conhecimento e informa\u00e7\u00e3o para a comunidade.\u00a0Aproximar o progresso cient\u00edfico tecnol\u00f3gico, despertar a curiosidade cient\u00edfica e contribuir para o letramento cientifico tecnol\u00f3gico da comunidade s\u00e3o os objetivos do projeto, coordenado pela professora Luciana Bicca Dode. O Desafio Mural G-Biotec, [&hellip;]<\/p>\n","protected":false},"author":866,"featured_media":0,"parent":320,"menu_order":2,"comment_status":"closed","ping_status":"closed","template":"","meta":{"footnotes":""},"class_list":["post-2188","page","type-page","status-publish","hentry"],"jetpack_sharing_enabled":true,"_links":{"self":[{"href":"https:\/\/wp.ufpel.edu.br\/gbiotec\/wp-json\/wp\/v2\/pages\/2188","targetHints":{"allow":["GET"]}}],"collection":[{"href":"https:\/\/wp.ufpel.edu.br\/gbiotec\/wp-json\/wp\/v2\/pages"}],"about":[{"href":"https:\/\/wp.ufpel.edu.br\/gbiotec\/wp-json\/wp\/v2\/types\/page"}],"author":[{"embeddable":true,"href":"https:\/\/wp.ufpel.edu.br\/gbiotec\/wp-json\/wp\/v2\/users\/866"}],"replies":[{"embeddable":true,"href":"https:\/\/wp.ufpel.edu.br\/gbiotec\/wp-json\/wp\/v2\/comments?post=2188"}],"version-history":[{"count":9,"href":"https:\/\/wp.ufpel.edu.br\/gbiotec\/wp-json\/wp\/v2\/pages\/2188\/revisions"}],"predecessor-version":[{"id":3423,"href":"https:\/\/wp.ufpel.edu.br\/gbiotec\/wp-json\/wp\/v2\/pages\/2188\/revisions\/3423"}],"up":[{"embeddable":true,"href":"https:\/\/wp.ufpel.edu.br\/gbiotec\/wp-json\/wp\/v2\/pages\/320"}],"wp:attachment":[{"href":"https:\/\/wp.ufpel.edu.br\/gbiotec\/wp-json\/wp\/v2\/media?parent=2188"}],"curies":[{"name":"wp","href":"https:\/\/api.w.org\/{rel}","templated":true}]}}