{"id":211,"date":"2018-07-23T14:51:46","date_gmt":"2018-07-23T17:51:46","guid":{"rendered":"https:\/\/wp.ufpel.edu.br\/gbiotec\/?page_id=211"},"modified":"2018-09-10T14:31:49","modified_gmt":"2018-09-10T17:31:49","slug":"o-curso","status":"publish","type":"page","link":"https:\/\/wp.ufpel.edu.br\/gbiotec\/o-curso\/","title":{"rendered":"O CURSO"},"content":{"rendered":"<h4>\u00a0<span style=\"color: #000000\"> \u00a0<span style=\"font-size: 12pt\"> \u00a0Dados de identifica\u00e7\u00e3o<\/span><\/span><\/h4>\n<ul>\n<li style=\"text-align: justify\"><span style=\"color: #000000\">Unidade Acad\u00eamica: Centro de Desenvolvimento Tecnol\u00f3gico<\/span><\/li>\n<li><span style=\"color: #000000\">Nome do curso: Bacharelado em\u00a0Biotecnologia<\/span><\/li>\n<li><span style=\"color: #000000\">Carga hor\u00e1ria total do curso: 3139,8 h<\/span><\/li>\n<li style=\"text-align: justify\"><span style=\"color: #000000\">Modalidade de ensino: Presencial<\/span><\/li>\n<li style=\"text-align: justify\"><span style=\"color: #000000\">Turnos de funcionamento:\u00a0Integral<\/span><\/li>\n<li><span style=\"color: #000000\">Regime acad\u00eamico: Semestral<\/span><\/li>\n<li style=\"text-align: justify\"><span style=\"color: #000000\">Tempo de dura\u00e7\u00e3o: 4 anos (8 semestres)<\/span><\/li>\n<li style=\"text-align: justify\"><span style=\"color: #000000\">N\u00famero de vagas anuais: 35 vagas pelo SISU e 4 vagas pelo PAVE<\/span><\/li>\n<li style=\"text-align: justify\"><span style=\"color: #000000\">Ato de reconhecimento do curso: Curso reconhecido pela Portaria n\u00ba 736 de 27\/12\/2013<\/span><\/li>\n<li style=\"text-align: justify\"><span style=\"color: #000000\">Conceito de Curso: 4<\/span><\/li>\n<\/ul>\n","protected":false},"excerpt":{"rendered":"<p>\u00a0 \u00a0 \u00a0Dados de identifica\u00e7\u00e3o Unidade Acad\u00eamica: Centro de Desenvolvimento Tecnol\u00f3gico Nome do curso: Bacharelado em\u00a0Biotecnologia Carga hor\u00e1ria total do curso: 3139,8 h Modalidade de ensino: Presencial Turnos de funcionamento:\u00a0Integral Regime acad\u00eamico: Semestral Tempo de dura\u00e7\u00e3o: 4 anos (8 semestres) N\u00famero de vagas anuais: 35 vagas pelo SISU e 4 vagas pelo PAVE Ato de [&hellip;]<\/p>\n","protected":false},"author":866,"featured_media":0,"parent":0,"menu_order":0,"comment_status":"closed","ping_status":"closed","template":"","meta":{"footnotes":""},"class_list":["post-211","page","type-page","status-publish","hentry"],"jetpack_sharing_enabled":true,"_links":{"self":[{"href":"https:\/\/wp.ufpel.edu.br\/gbiotec\/wp-json\/wp\/v2\/pages\/211","targetHints":{"allow":["GET"]}}],"collection":[{"href":"https:\/\/wp.ufpel.edu.br\/gbiotec\/wp-json\/wp\/v2\/pages"}],"about":[{"href":"https:\/\/wp.ufpel.edu.br\/gbiotec\/wp-json\/wp\/v2\/types\/page"}],"author":[{"embeddable":true,"href":"https:\/\/wp.ufpel.edu.br\/gbiotec\/wp-json\/wp\/v2\/users\/866"}],"replies":[{"embeddable":true,"href":"https:\/\/wp.ufpel.edu.br\/gbiotec\/wp-json\/wp\/v2\/comments?post=211"}],"version-history":[{"count":11,"href":"https:\/\/wp.ufpel.edu.br\/gbiotec\/wp-json\/wp\/v2\/pages\/211\/revisions"}],"predecessor-version":[{"id":1026,"href":"https:\/\/wp.ufpel.edu.br\/gbiotec\/wp-json\/wp\/v2\/pages\/211\/revisions\/1026"}],"wp:attachment":[{"href":"https:\/\/wp.ufpel.edu.br\/gbiotec\/wp-json\/wp\/v2\/media?parent=211"}],"curies":[{"name":"wp","href":"https:\/\/api.w.org\/{rel}","templated":true}]}}