{"id":2088,"date":"2019-08-15T14:41:20","date_gmt":"2019-08-15T17:41:20","guid":{"rendered":"https:\/\/wp.ufpel.edu.br\/gbiotec\/?page_id=2088"},"modified":"2019-08-15T14:43:51","modified_gmt":"2019-08-15T17:43:51","slug":"ano-2010","status":"publish","type":"page","link":"https:\/\/wp.ufpel.edu.br\/gbiotec\/procedimentos-formularios\/participantes\/ano-2010\/","title":{"rendered":"Ano 2010"},"content":{"rendered":"<p style=\"text-align: center\"><span style=\"color: #000000\">Mobilidade Acad\u00eamica 2010<\/span><\/p>\n<table style=\"border-collapse: collapse;width: 100%\" border=\"1\">\n<tbody>\n<tr style=\"height: 24px\">\n<td style=\"width: 1.88857%;height: 24px\"><span style=\"color: #000000\"><strong>Discente<\/strong><\/span><\/td>\n<td style=\"width: 1.88857%;height: 24px\"><span style=\"color: #000000\"><strong>Per\u00edodo<\/strong><\/span><\/td>\n<td style=\"width: 2.56994%;height: 24px\"><span style=\"color: #000000\"><strong>Institui\u00e7\u00e3o\/Pa\u00eds<\/strong><\/span><\/td>\n<\/tr>\n<tr style=\"height: 24px\">\n<td style=\"width: 1.88857%;height: 24px\"><span style=\"color: #000000\">Tha\u00eds Larr\u00e9 Oliveira<\/span><\/td>\n<td style=\"width: 1.88857%;height: 24px\"><span style=\"color: #000000\">2010\/2<\/span><\/td>\n<td style=\"width: 2.56994%;height: 24px\"><span style=\"color: #000000\">Instituto Polit\u00e9cnico de Bragan\u00e7a\/ Portugal<\/span><\/td>\n<\/tr>\n<\/tbody>\n<\/table>\n<p>&nbsp;<\/p>\n","protected":false},"excerpt":{"rendered":"<p>Mobilidade Acad\u00eamica 2010 Discente Per\u00edodo Institui\u00e7\u00e3o\/Pa\u00eds Tha\u00eds Larr\u00e9 Oliveira 2010\/2 Instituto Polit\u00e9cnico de Bragan\u00e7a\/ Portugal &nbsp;<\/p>\n","protected":false},"author":866,"featured_media":0,"parent":2021,"menu_order":0,"comment_status":"closed","ping_status":"closed","template":"","meta":{"footnotes":""},"class_list":["post-2088","page","type-page","status-publish","hentry"],"jetpack_sharing_enabled":true,"_links":{"self":[{"href":"https:\/\/wp.ufpel.edu.br\/gbiotec\/wp-json\/wp\/v2\/pages\/2088","targetHints":{"allow":["GET"]}}],"collection":[{"href":"https:\/\/wp.ufpel.edu.br\/gbiotec\/wp-json\/wp\/v2\/pages"}],"about":[{"href":"https:\/\/wp.ufpel.edu.br\/gbiotec\/wp-json\/wp\/v2\/types\/page"}],"author":[{"embeddable":true,"href":"https:\/\/wp.ufpel.edu.br\/gbiotec\/wp-json\/wp\/v2\/users\/866"}],"replies":[{"embeddable":true,"href":"https:\/\/wp.ufpel.edu.br\/gbiotec\/wp-json\/wp\/v2\/comments?post=2088"}],"version-history":[{"count":3,"href":"https:\/\/wp.ufpel.edu.br\/gbiotec\/wp-json\/wp\/v2\/pages\/2088\/revisions"}],"predecessor-version":[{"id":2092,"href":"https:\/\/wp.ufpel.edu.br\/gbiotec\/wp-json\/wp\/v2\/pages\/2088\/revisions\/2092"}],"up":[{"embeddable":true,"href":"https:\/\/wp.ufpel.edu.br\/gbiotec\/wp-json\/wp\/v2\/pages\/2021"}],"wp:attachment":[{"href":"https:\/\/wp.ufpel.edu.br\/gbiotec\/wp-json\/wp\/v2\/media?parent=2088"}],"curies":[{"name":"wp","href":"https:\/\/api.w.org\/{rel}","templated":true}]}}