{"id":2078,"date":"2019-08-15T14:03:04","date_gmt":"2019-08-15T17:03:04","guid":{"rendered":"https:\/\/wp.ufpel.edu.br\/gbiotec\/?page_id=2078"},"modified":"2019-08-15T15:44:59","modified_gmt":"2019-08-15T18:44:59","slug":"ano-2012","status":"publish","type":"page","link":"https:\/\/wp.ufpel.edu.br\/gbiotec\/procedimentos-formularios\/participantes\/ano-2012\/","title":{"rendered":"Ano 2012"},"content":{"rendered":"<p style=\"text-align: center\"><span style=\"color: #000000\">Mobilidade Acad\u00eamica 2012<\/span><\/p>\n<table style=\"border-collapse: collapse;width: 100%;height: 192px\" border=\"1\">\n<tbody>\n<tr style=\"height: 24px\">\n<td style=\"width: 33.3333%;height: 24px\"><span style=\"color: #000000\"><strong>Discente<\/strong><\/span><\/td>\n<td style=\"width: 28.1397%;height: 24px\"><span style=\"color: #000000\"><strong>Per\u00edodo<\/strong><\/span><\/td>\n<td style=\"width: 38.5269%;height: 24px\"><span style=\"color: #000000\"><strong>Institui\u00e7\u00e3o\/Pa\u00eds<\/strong><\/span><\/td>\n<\/tr>\n<tr style=\"height: 24px\">\n<td style=\"width: 33.3333%;height: 24px\"><span style=\"color: #000000\">Arthur de Castro Jorge Silva<\/span><\/td>\n<td style=\"width: 28.1397%;height: 24px\"><span style=\"color: #000000\">2012\/2, 2013\/1<\/span><\/td>\n<td style=\"width: 38.5269%;height: 24px\"><span style=\"color: #000000\">Rochester Institute of Technology\/ EUA<\/span><\/td>\n<\/tr>\n<tr style=\"height: 24px\">\n<td style=\"width: 33.3333%;height: 24px\"><span style=\"color: #000000\">Carolina Georg Magalh\u00e3es<\/span><\/td>\n<td style=\"width: 28.1397%;height: 24px\"><span style=\"color: #000000\">2012\/2, 2013\/1<\/span><\/td>\n<td style=\"width: 38.5269%;height: 24px\"><span style=\"color: #000000\">Universidade de Aveiro\/ Portugal<\/span><\/td>\n<\/tr>\n<tr style=\"height: 24px\">\n<td style=\"width: 33.3333%;height: 24px\"><span style=\"color: #000000\">Drielly Cristina Braite<\/span><\/td>\n<td style=\"width: 28.1397%;height: 24px\"><span style=\"color: #000000\">2012\/2, 2013\/1, 2013,2<\/span><\/td>\n<td style=\"width: 38.5269%;height: 24px\"><span style=\"color: #000000\">University of Manitoba\/ Canad\u00e1 <\/span><\/td>\n<\/tr>\n<tr style=\"height: 24px\">\n<td style=\"width: 33.3333%;height: 24px\"><span style=\"color: #000000\">Fernanda Martins Rodrigues<\/span><\/td>\n<td style=\"width: 28.1397%;height: 24px\"><span style=\"color: #000000\">2012\/2<\/span><\/td>\n<td style=\"width: 38.5269%;height: 24px\"><span style=\"color: #000000\">University of Illinois at Urbana-Champaign\/ EUA<\/span><\/td>\n<\/tr>\n<tr style=\"height: 24px\">\n<td style=\"width: 33.3333%;height: 24px\"><span style=\"color: #000000\">Hugo Cardoso Furtado<\/span><\/td>\n<td style=\"width: 28.1397%;height: 24px\"><span style=\"color: #000000\">2012\/2, 2013\/1, 2013\/2<\/span><\/td>\n<td style=\"width: 38.5269%;height: 24px\"><span style=\"color: #000000\">University of New South Wales\/ Austr\u00e1lia<\/span><\/td>\n<\/tr>\n<tr style=\"height: 24px\">\n<td style=\"width: 33.3333%;height: 24px\"><span style=\"color: #000000\">J\u00e9ssica Rodrigues Pla\u00e7a<\/span><\/td>\n<td style=\"width: 28.1397%;height: 24px\"><span style=\"color: #000000\">2012\/2<\/span><\/td>\n<td style=\"width: 38.5269%;height: 24px\"><span style=\"color: #000000\">University of California\/ EUA<\/span><\/td>\n<\/tr>\n<tr style=\"height: 24px\">\n<td style=\"width: 33.3333%;height: 24px\"><span style=\"color: #000000\">J\u00falia Sallaberry Pinto<\/span><\/td>\n<td style=\"width: 28.1397%;height: 24px\"><span style=\"color: #000000\">2012\/2, 2013\/1<\/span><\/td>\n<td style=\"width: 38.5269%;height: 24px\"><span style=\"color: #000000\">Universidad de Oviedo\/ Espanha<\/span><\/td>\n<\/tr>\n<tr>\n<td style=\"width: 33.3333%\"><span style=\"color: #000000\">Lucas Goedert<\/span><\/td>\n<td style=\"width: 28.1397%\"><span style=\"color: #000000\">2012\/2<\/span><\/td>\n<td style=\"width: 38.5269%\"><span style=\"color: #000000\">University of California\/ EUA<\/span><\/td>\n<\/tr>\n<tr>\n<td style=\"width: 33.3333%\"><span style=\"color: #000000\">Luiza Fernandes e Silva<\/span><\/td>\n<td style=\"width: 28.1397%\"><span style=\"color: #000000\">2012\/2, 2013\/1<\/span><\/td>\n<td style=\"width: 38.5269%\"><span style=\"color: #000000\">Universitat Rovira I Virgili\/ Espanha<\/span><\/td>\n<\/tr>\n<tr>\n<td style=\"width: 33.3333%\"><span style=\"color: #000000\">Mariana H\u00e4rter Remi\u00e3o<\/span><\/td>\n<td style=\"width: 28.1397%\"><span style=\"color: #000000\">2012\/1<\/span><\/td>\n<td style=\"width: 38.5269%\"><span style=\"color: #000000\">McGill University\/ Canad\u00e1<\/span><\/td>\n<\/tr>\n<tr>\n<td style=\"width: 33.3333%\"><span style=\"color: #000000\">Nathieli Beltran Schiavi<\/span><\/td>\n<td style=\"width: 28.1397%\"><span style=\"color: #000000\">2012\/2, 2013\/1<\/span><\/td>\n<td style=\"width: 38.5269%\"><span style=\"color: #000000\">Algoma University\/ Canad\u00e1<\/span><\/td>\n<\/tr>\n<tr>\n<td style=\"width: 33.3333%\"><span style=\"color: #000000\">Patr\u00edcia Girardelo Trentin<\/span><\/td>\n<td style=\"width: 28.1397%\"><span style=\"color: #000000\">2012\/2, 2013\/1<\/span><\/td>\n<td style=\"width: 38.5269%\"><span style=\"color: #000000\">Universidad del Pa\u00eds Vasco\/ Espanha<\/span><\/td>\n<\/tr>\n<tr>\n<td style=\"width: 33.3333%\"><span style=\"color: #000000\">Ruan Santos de Oliveira<\/span><\/td>\n<td style=\"width: 28.1397%\"><span style=\"color: #000000\">2012\/2<\/span><\/td>\n<td style=\"width: 38.5269%\"><span style=\"color: #000000\">University of California\/ EUA<\/span><\/td>\n<\/tr>\n<tr>\n<td style=\"width: 33.3333%\"><span style=\"color: #000000\">St\u00e9fani Natali Stoll<\/span><\/td>\n<td style=\"width: 28.1397%\"><span style=\"color: #000000\">2012\/2, 2013\/1, 2013\/2<\/span><\/td>\n<td style=\"width: 38.5269%\"><span style=\"color: #000000\">Tecnische Universit\u00e4t Munchen\/ Alemanha<\/span><\/td>\n<\/tr>\n<tr>\n<td style=\"width: 33.3333%\"><span style=\"color: #000000\">St\u00e9phanie Caruccio Bj\u00f6rknesj\u00f6<\/span><\/td>\n<td style=\"width: 28.1397%\"><span style=\"color: #000000\">2012\/2<\/span><\/td>\n<td style=\"width: 38.5269%\"><span style=\"color: #000000\">Instituto Karolinska\/ Su\u00e9cia<\/span><\/td>\n<\/tr>\n<\/tbody>\n<\/table>\n<p>&nbsp;<\/p>\n","protected":false},"excerpt":{"rendered":"<p>Mobilidade Acad\u00eamica 2012 Discente Per\u00edodo Institui\u00e7\u00e3o\/Pa\u00eds Arthur de Castro Jorge Silva 2012\/2, 2013\/1 Rochester Institute of Technology\/ EUA Carolina Georg Magalh\u00e3es 2012\/2, 2013\/1 Universidade de Aveiro\/ Portugal Drielly Cristina Braite 2012\/2, 2013\/1, 2013,2 University of Manitoba\/ Canad\u00e1 Fernanda Martins Rodrigues 2012\/2 University of Illinois at Urbana-Champaign\/ EUA Hugo Cardoso Furtado 2012\/2, 2013\/1, 2013\/2 University of [&hellip;]<\/p>\n","protected":false},"author":866,"featured_media":0,"parent":2021,"menu_order":2,"comment_status":"closed","ping_status":"closed","template":"","meta":{"footnotes":""},"class_list":["post-2078","page","type-page","status-publish","hentry"],"jetpack_sharing_enabled":true,"_links":{"self":[{"href":"https:\/\/wp.ufpel.edu.br\/gbiotec\/wp-json\/wp\/v2\/pages\/2078","targetHints":{"allow":["GET"]}}],"collection":[{"href":"https:\/\/wp.ufpel.edu.br\/gbiotec\/wp-json\/wp\/v2\/pages"}],"about":[{"href":"https:\/\/wp.ufpel.edu.br\/gbiotec\/wp-json\/wp\/v2\/types\/page"}],"author":[{"embeddable":true,"href":"https:\/\/wp.ufpel.edu.br\/gbiotec\/wp-json\/wp\/v2\/users\/866"}],"replies":[{"embeddable":true,"href":"https:\/\/wp.ufpel.edu.br\/gbiotec\/wp-json\/wp\/v2\/comments?post=2078"}],"version-history":[{"count":3,"href":"https:\/\/wp.ufpel.edu.br\/gbiotec\/wp-json\/wp\/v2\/pages\/2078\/revisions"}],"predecessor-version":[{"id":2096,"href":"https:\/\/wp.ufpel.edu.br\/gbiotec\/wp-json\/wp\/v2\/pages\/2078\/revisions\/2096"}],"up":[{"embeddable":true,"href":"https:\/\/wp.ufpel.edu.br\/gbiotec\/wp-json\/wp\/v2\/pages\/2021"}],"wp:attachment":[{"href":"https:\/\/wp.ufpel.edu.br\/gbiotec\/wp-json\/wp\/v2\/media?parent=2078"}],"curies":[{"name":"wp","href":"https:\/\/api.w.org\/{rel}","templated":true}]}}