{"id":2062,"date":"2019-08-12T12:51:11","date_gmt":"2019-08-12T15:51:11","guid":{"rendered":"https:\/\/wp.ufpel.edu.br\/gbiotec\/?page_id=2062"},"modified":"2019-08-16T10:04:25","modified_gmt":"2019-08-16T13:04:25","slug":"ano-2013","status":"publish","type":"page","link":"https:\/\/wp.ufpel.edu.br\/gbiotec\/procedimentos-formularios\/participantes\/ano-2013\/","title":{"rendered":"Ano 2013"},"content":{"rendered":"<p style=\"text-align: center\"><span style=\"color: #000000\">Mobilidade Acad\u00eamica 2013<\/span><\/p>\n<table style=\"border-collapse: collapse;width: 100%;height: 191px\" border=\"1\">\n<tbody>\n<tr style=\"height: 24px\">\n<td style=\"width: 33.3333%;height: 24px\"><span style=\"color: #000000\"><strong>Discente<\/strong><\/span><\/td>\n<td style=\"width: 26.4399%;height: 24px\"><span style=\"color: #000000\"><strong>Per\u00edodo<\/strong><\/span><\/td>\n<td style=\"width: 40.2267%;height: 24px\"><span style=\"color: #000000\"><strong>Institui\u00e7\u00e3o\/Pa\u00eds<\/strong><\/span><\/td>\n<\/tr>\n<tr style=\"height: 24px\">\n<td style=\"width: 33.3333%;height: 24px\"><span style=\"color: #000000\">Angela Maria Casaril<\/span><\/td>\n<td style=\"width: 26.4399%;height: 24px\"><span style=\"color: #000000\">2013\/2, 2014\/1, 2014\/2<\/span><\/td>\n<td style=\"width: 40.2267%;height: 24px\"><span style=\"color: #000000\">University of Liverpool\/ Inglaterra<\/span><\/td>\n<\/tr>\n<tr style=\"height: 24px\">\n<td style=\"width: 33.3333%;height: 24px\"><span style=\"color: #000000\">La\u00edsa Camerini da Rosa<\/span><\/td>\n<td style=\"width: 26.4399%;height: 24px\"><span style=\"color: #000000\">2013\/2, 2014\/1, 2014\/2<\/span><\/td>\n<td style=\"width: 40.2267%;height: 24px\"><span style=\"color: #000000\">Carleton University\/ Canad\u00e1<\/span><\/td>\n<\/tr>\n<tr style=\"height: 23px\">\n<td style=\"width: 33.3333%;height: 23px\"><span style=\"color: #000000\">Lu\u00edza Martins Nascentes Melo<\/span><\/td>\n<td style=\"width: 26.4399%;height: 23px\"><span style=\"color: #000000\">2013\/2, 2014\/1<\/span><\/td>\n<td style=\"width: 40.2267%;height: 23px\"><span style=\"color: #000000\">Et\u00f6tv\u00f6s Lor\u00e1nd University\/ Hungria<\/span><\/td>\n<\/tr>\n<tr style=\"height: 24px\">\n<td style=\"width: 33.3333%;height: 24px\"><span style=\"color: #000000\">Micaela Domingues<\/span><\/td>\n<td style=\"width: 26.4399%;height: 24px\"><span style=\"color: #000000\">2013\/2, 2014\/1, 2014\/2, 2015\/1<\/span><\/td>\n<td style=\"width: 40.2267%;height: 24px\"><span style=\"color: #000000\">University of Debrecen\/ Hungria<\/span><\/td>\n<\/tr>\n<tr style=\"height: 24px\">\n<td style=\"width: 33.3333%;height: 24px\"><span style=\"color: #000000\">Rafaela Gomes Xavier<\/span><\/td>\n<td style=\"width: 26.4399%;height: 24px\"><span style=\"color: #000000\">2013\/1, 2013\/2, 2014\/1<\/span><\/td>\n<td style=\"width: 40.2267%;height: 24px\"><span style=\"color: #000000\">Universit\u00e1 Degli Studi di Modena e Reggio Emilia\/ It\u00e1lia<\/span><\/td>\n<\/tr>\n<tr style=\"height: 24px\">\n<td style=\"width: 33.3333%;height: 24px\"><span style=\"color: #000000\">Renan Eug\u00eanio Ara\u00fajo Piraine<\/span><\/td>\n<td style=\"width: 26.4399%;height: 24px\"><span style=\"color: #000000\">2013\/1, 2013\/2, 2014\/1<\/span><\/td>\n<td style=\"width: 40.2267%;height: 24px\"><span style=\"color: #000000\">Universit\u00e1 Degli Studi di Modena e Reggio Emilia\/ It\u00e1lia<\/span><\/td>\n<\/tr>\n<tr style=\"height: 24px\">\n<td style=\"width: 33.3333%;height: 24px\"><span style=\"color: #000000\">R\u00f4mulo Silva de Oliveira<\/span><\/td>\n<td style=\"width: 26.4399%;height: 24px\"><span style=\"color: #000000\">2013\/1, 2013\/2, 2014\/1, 2014\/2<\/span><\/td>\n<td style=\"width: 40.2267%;height: 24px\"><span style=\"color: #000000\">Kent State University\/ EUA<\/span><\/td>\n<\/tr>\n<\/tbody>\n<\/table>\n<p>&nbsp;<\/p>\n","protected":false},"excerpt":{"rendered":"<p>Mobilidade Acad\u00eamica 2013 Discente Per\u00edodo Institui\u00e7\u00e3o\/Pa\u00eds Angela Maria Casaril 2013\/2, 2014\/1, 2014\/2 University of Liverpool\/ Inglaterra La\u00edsa Camerini da Rosa 2013\/2, 2014\/1, 2014\/2 Carleton University\/ Canad\u00e1 Lu\u00edza Martins Nascentes Melo 2013\/2, 2014\/1 Et\u00f6tv\u00f6s Lor\u00e1nd University\/ Hungria Micaela Domingues 2013\/2, 2014\/1, 2014\/2, 2015\/1 University of Debrecen\/ Hungria Rafaela Gomes Xavier 2013\/1, 2013\/2, 2014\/1 Universit\u00e1 Degli Studi [&hellip;]<\/p>\n","protected":false},"author":866,"featured_media":0,"parent":2021,"menu_order":3,"comment_status":"closed","ping_status":"closed","template":"","meta":{"footnotes":""},"class_list":["post-2062","page","type-page","status-publish","hentry"],"jetpack_sharing_enabled":true,"_links":{"self":[{"href":"https:\/\/wp.ufpel.edu.br\/gbiotec\/wp-json\/wp\/v2\/pages\/2062","targetHints":{"allow":["GET"]}}],"collection":[{"href":"https:\/\/wp.ufpel.edu.br\/gbiotec\/wp-json\/wp\/v2\/pages"}],"about":[{"href":"https:\/\/wp.ufpel.edu.br\/gbiotec\/wp-json\/wp\/v2\/types\/page"}],"author":[{"embeddable":true,"href":"https:\/\/wp.ufpel.edu.br\/gbiotec\/wp-json\/wp\/v2\/users\/866"}],"replies":[{"embeddable":true,"href":"https:\/\/wp.ufpel.edu.br\/gbiotec\/wp-json\/wp\/v2\/comments?post=2062"}],"version-history":[{"count":5,"href":"https:\/\/wp.ufpel.edu.br\/gbiotec\/wp-json\/wp\/v2\/pages\/2062\/revisions"}],"predecessor-version":[{"id":2133,"href":"https:\/\/wp.ufpel.edu.br\/gbiotec\/wp-json\/wp\/v2\/pages\/2062\/revisions\/2133"}],"up":[{"embeddable":true,"href":"https:\/\/wp.ufpel.edu.br\/gbiotec\/wp-json\/wp\/v2\/pages\/2021"}],"wp:attachment":[{"href":"https:\/\/wp.ufpel.edu.br\/gbiotec\/wp-json\/wp\/v2\/media?parent=2062"}],"curies":[{"name":"wp","href":"https:\/\/api.w.org\/{rel}","templated":true}]}}