{"id":2056,"date":"2019-08-12T09:11:09","date_gmt":"2019-08-12T12:11:09","guid":{"rendered":"https:\/\/wp.ufpel.edu.br\/gbiotec\/?page_id=2056"},"modified":"2019-08-15T16:07:21","modified_gmt":"2019-08-15T19:07:21","slug":"ano-2014","status":"publish","type":"page","link":"https:\/\/wp.ufpel.edu.br\/gbiotec\/procedimentos-formularios\/participantes\/ano-2014\/","title":{"rendered":"Ano 2014"},"content":{"rendered":"<p style=\"text-align: center\"><span style=\"color: #000000\">Mobilidade Acad\u00eamica 2014<\/span><\/p>\n<table style=\"border-collapse: collapse;width: 100%;height: 120px\" border=\"1\">\n<tbody>\n<tr style=\"height: 24px\">\n<td style=\"width: 33.3333%;height: 24px\"><span style=\"color: #000000\"><strong>Discente<\/strong><\/span><\/td>\n<td style=\"width: 33.3333%;height: 24px\"><span style=\"color: #000000\"><strong>Per\u00edodo<\/strong><\/span><\/td>\n<td style=\"width: 33.3333%;height: 24px\"><span style=\"color: #000000\"><strong>Institui\u00e7\u00e3o\/Pa\u00eds<\/strong><\/span><\/td>\n<\/tr>\n<tr>\n<td style=\"width: 33.3333%\"><span style=\"color: #000000\">Arthur de Siqueira Brahm<\/span><\/td>\n<td style=\"width: 33.3333%\"><span style=\"color: #000000\">2014\/2, 2015\/1<\/span><\/td>\n<td style=\"width: 33.3333%\"><span style=\"color: #000000\">University of Manchester\/ Reino Unido<\/span><\/td>\n<\/tr>\n<tr style=\"height: 24px\">\n<td style=\"width: 33.3333%;height: 24px\"><span style=\"color: #000000\">Camila Bonemann Bender<\/span><\/td>\n<td style=\"width: 33.3333%;height: 24px\"><span style=\"color: #000000\">2014\/1, 2014\/2, 2015\/1<\/span><\/td>\n<td style=\"width: 33.3333%;height: 24px\"><span style=\"color: #000000\">State University of New York\/ EUA<\/span><\/td>\n<\/tr>\n<tr style=\"height: 24px\">\n<td style=\"width: 33.3333%;height: 24px\"><span style=\"color: #000000\">Roberta Gon\u00e7alves Anversa<\/span><\/td>\n<td style=\"width: 33.3333%;height: 24px\"><span style=\"color: #000000\">2014\/1, 2014\/2<\/span><\/td>\n<td style=\"width: 33.3333%;height: 24px\"><span style=\"color: #000000\">University of Surrey\/ Reino Unido<\/span><\/td>\n<\/tr>\n<tr style=\"height: 24px\">\n<td style=\"width: 33.3333%;height: 24px\"><span style=\"color: #000000\">Vin\u00edcius Lenz da Silva<\/span><\/td>\n<td style=\"width: 33.3333%;height: 24px\"><span style=\"color: #000000\">2014\/1, 2014\/2, 2015\/1<\/span><\/td>\n<td style=\"width: 33.3333%;height: 24px\"><span style=\"color: #000000\">University of Montana\/ EUA<\/span><\/td>\n<\/tr>\n<\/tbody>\n<\/table>\n<p>&nbsp;<\/p>\n","protected":false},"excerpt":{"rendered":"<p>Mobilidade Acad\u00eamica 2014 Discente Per\u00edodo Institui\u00e7\u00e3o\/Pa\u00eds Arthur de Siqueira Brahm 2014\/2, 2015\/1 University of Manchester\/ Reino Unido Camila Bonemann Bender 2014\/1, 2014\/2, 2015\/1 State University of New York\/ EUA Roberta Gon\u00e7alves Anversa 2014\/1, 2014\/2 University of Surrey\/ Reino Unido Vin\u00edcius Lenz da Silva 2014\/1, 2014\/2, 2015\/1 University of Montana\/ EUA &nbsp;<\/p>\n","protected":false},"author":866,"featured_media":0,"parent":2021,"menu_order":4,"comment_status":"closed","ping_status":"closed","template":"","meta":{"footnotes":""},"class_list":["post-2056","page","type-page","status-publish","hentry"],"jetpack_sharing_enabled":true,"_links":{"self":[{"href":"https:\/\/wp.ufpel.edu.br\/gbiotec\/wp-json\/wp\/v2\/pages\/2056","targetHints":{"allow":["GET"]}}],"collection":[{"href":"https:\/\/wp.ufpel.edu.br\/gbiotec\/wp-json\/wp\/v2\/pages"}],"about":[{"href":"https:\/\/wp.ufpel.edu.br\/gbiotec\/wp-json\/wp\/v2\/types\/page"}],"author":[{"embeddable":true,"href":"https:\/\/wp.ufpel.edu.br\/gbiotec\/wp-json\/wp\/v2\/users\/866"}],"replies":[{"embeddable":true,"href":"https:\/\/wp.ufpel.edu.br\/gbiotec\/wp-json\/wp\/v2\/comments?post=2056"}],"version-history":[{"count":4,"href":"https:\/\/wp.ufpel.edu.br\/gbiotec\/wp-json\/wp\/v2\/pages\/2056\/revisions"}],"predecessor-version":[{"id":2099,"href":"https:\/\/wp.ufpel.edu.br\/gbiotec\/wp-json\/wp\/v2\/pages\/2056\/revisions\/2099"}],"up":[{"embeddable":true,"href":"https:\/\/wp.ufpel.edu.br\/gbiotec\/wp-json\/wp\/v2\/pages\/2021"}],"wp:attachment":[{"href":"https:\/\/wp.ufpel.edu.br\/gbiotec\/wp-json\/wp\/v2\/media?parent=2056"}],"curies":[{"name":"wp","href":"https:\/\/api.w.org\/{rel}","templated":true}]}}