{"id":2049,"date":"2019-08-08T13:25:13","date_gmt":"2019-08-08T16:25:13","guid":{"rendered":"https:\/\/wp.ufpel.edu.br\/gbiotec\/?page_id=2049"},"modified":"2019-08-16T08:31:33","modified_gmt":"2019-08-16T11:31:33","slug":"ano-2015","status":"publish","type":"page","link":"https:\/\/wp.ufpel.edu.br\/gbiotec\/procedimentos-formularios\/participantes\/ano-2015\/","title":{"rendered":"Ano 2015"},"content":{"rendered":"<p style=\"text-align: center\"><span style=\"color: #000000\">Mobilidade Acad\u00eamica 2015<\/span><\/p>\n<table style=\"border-collapse: collapse;width: 100%;height: 264px\" border=\"1\">\n<tbody>\n<tr style=\"height: 24px\">\n<td style=\"width: 33.3333%;height: 24px\"><span style=\"color: #000000\"><strong>Discente<\/strong><\/span><\/td>\n<td style=\"width: 19.0747%;height: 24px\"><span style=\"color: #000000\"><strong>Per\u00edodo<\/strong><\/span><\/td>\n<td style=\"width: 47.5919%;height: 24px\"><span style=\"color: #000000\"><strong>Institui\u00e7\u00e3o\/Pa\u00eds<\/strong><\/span><\/td>\n<\/tr>\n<tr style=\"height: 24px\">\n<td style=\"width: 33.3333%;height: 24px\"><span style=\"color: #000000\">Amanda Sigal Soares<\/span><\/td>\n<td style=\"width: 19.0747%;height: 24px\"><span style=\"color: #000000\">2015\/2, 2016\/1<\/span><\/td>\n<td style=\"width: 47.5919%;height: 24px\"><span style=\"color: #000000\">Lincoln University\/ Nova Zel\u00e2ndia<\/span><\/td>\n<\/tr>\n<tr style=\"height: 24px\">\n<td style=\"width: 33.3333%;height: 24px\"><span style=\"color: #000000\">Daniel D\u00e2maso Bertoldi<\/span><\/td>\n<td style=\"width: 19.0747%;height: 24px\"><span style=\"color: #000000\">2015\/2, 2016\/1<\/span><\/td>\n<td style=\"width: 47.5919%;height: 24px\"><span style=\"color: #000000\">University of York\/ Inglaterra<\/span><\/td>\n<\/tr>\n<tr style=\"height: 24px\">\n<td style=\"width: 33.3333%;height: 24px\"><span style=\"color: #000000\">Eduarda Gervini Zampieri Centeno<\/span><\/td>\n<td style=\"width: 19.0747%;height: 24px\"><span style=\"color: #000000\">2015\/2, 2016\/1<\/span><\/td>\n<td style=\"width: 47.5919%;height: 24px\"><span style=\"color: #000000\">University of Reading\/ Inglaterra<\/span><\/td>\n<\/tr>\n<tr style=\"height: 24px\">\n<td style=\"width: 33.3333%;height: 24px\"><span style=\"color: #000000\">Eduardo Bierhals Bl\u00f6dorn<\/span><\/td>\n<td style=\"width: 19.0747%;height: 24px\"><span style=\"color: #000000\">2015\/2, 2016\/1<\/span><\/td>\n<td style=\"width: 47.5919%;height: 24px\"><span style=\"color: #000000\">Michigan State University\/ EUA<\/span><\/td>\n<\/tr>\n<tr style=\"height: 24px\">\n<td style=\"width: 33.3333%;height: 24px\"><span style=\"color: #000000\">Isabela Gimenez Turra<\/span><\/td>\n<td style=\"width: 19.0747%;height: 24px\"><span style=\"color: #000000\">2015\/2, 2016\/1<\/span><\/td>\n<td style=\"width: 47.5919%;height: 24px\"><span style=\"color: #000000\">Queensland University of Technology\/ Austr\u00e1lia<\/span><\/td>\n<\/tr>\n<tr style=\"height: 24px\">\n<td style=\"width: 33.3333%;height: 24px\"><span style=\"color: #000000\">Loren\u00e7o Torres Mendon\u00e7a<\/span><\/td>\n<td style=\"width: 19.0747%;height: 24px\"><span style=\"color: #000000\">2015\/2, 2016\/1<\/span><\/td>\n<td style=\"width: 47.5919%;height: 24px\"><span style=\"color: #000000\">University of Segzed\/ Hungria<\/span><\/td>\n<\/tr>\n<tr style=\"height: 24px\">\n<td style=\"width: 33.3333%;height: 24px\"><span style=\"color: #000000\">Martin Schymiczek Larangeira de Almeida<\/span><\/td>\n<td style=\"width: 19.0747%;height: 24px\"><span style=\"color: #000000\">2015\/2, 2016\/1<\/span><\/td>\n<td style=\"width: 47.5919%;height: 24px\"><span style=\"color: #000000\">Hochschule F\u00fcr Angewandte Wissenschaften Hamburg\/ Alemanha<\/span><\/td>\n<\/tr>\n<tr style=\"height: 24px\">\n<td style=\"width: 33.3333%;height: 24px\"><span style=\"color: #000000\">Nat\u00e1lia Vieira Segatto<\/span><\/td>\n<td style=\"width: 19.0747%;height: 24px\"><span style=\"color: #000000\">2015\/2, 2016\/1<\/span><\/td>\n<td style=\"width: 47.5919%;height: 24px\"><span style=\"color: #000000\">University of Missouri\/ EUA<\/span><\/td>\n<\/tr>\n<tr style=\"height: 24px\">\n<td style=\"width: 33.3333%;height: 24px\"><span style=\"color: #000000\">Rodolfo da Silva Mazzarini Baldinotti<\/span><\/td>\n<td style=\"width: 19.0747%;height: 24px\"><span style=\"color: #000000\">2015\/2, 2016\/1<\/span><\/td>\n<td style=\"width: 47.5919%;height: 24px\"><span style=\"color: #000000\">University of Bergen\/ Noruega<\/span><\/td>\n<\/tr>\n<tr style=\"height: 24px\">\n<td style=\"width: 33.3333%;height: 24px\"><span style=\"color: #000000\">Vict\u00f3ria Trindade Pons<\/span><\/td>\n<td style=\"width: 19.0747%;height: 24px\"><span style=\"color: #000000\">2015\/2, 2016\/1<\/span><\/td>\n<td style=\"width: 47.5919%;height: 24px\"><span style=\"color: #000000\">Radboud University Nijmegen\/ Holanda<\/span><\/td>\n<\/tr>\n<\/tbody>\n<\/table>\n<p>&nbsp;<\/p>\n","protected":false},"excerpt":{"rendered":"<p>Mobilidade Acad\u00eamica 2015 Discente Per\u00edodo Institui\u00e7\u00e3o\/Pa\u00eds Amanda Sigal Soares 2015\/2, 2016\/1 Lincoln University\/ Nova Zel\u00e2ndia Daniel D\u00e2maso Bertoldi 2015\/2, 2016\/1 University of York\/ Inglaterra Eduarda Gervini Zampieri Centeno 2015\/2, 2016\/1 University of Reading\/ Inglaterra Eduardo Bierhals Bl\u00f6dorn 2015\/2, 2016\/1 Michigan State University\/ EUA Isabela Gimenez Turra 2015\/2, 2016\/1 Queensland University of Technology\/ Austr\u00e1lia Loren\u00e7o Torres [&hellip;]<\/p>\n","protected":false},"author":866,"featured_media":0,"parent":2021,"menu_order":5,"comment_status":"closed","ping_status":"closed","template":"","meta":{"footnotes":""},"class_list":["post-2049","page","type-page","status-publish","hentry"],"jetpack_sharing_enabled":true,"_links":{"self":[{"href":"https:\/\/wp.ufpel.edu.br\/gbiotec\/wp-json\/wp\/v2\/pages\/2049","targetHints":{"allow":["GET"]}}],"collection":[{"href":"https:\/\/wp.ufpel.edu.br\/gbiotec\/wp-json\/wp\/v2\/pages"}],"about":[{"href":"https:\/\/wp.ufpel.edu.br\/gbiotec\/wp-json\/wp\/v2\/types\/page"}],"author":[{"embeddable":true,"href":"https:\/\/wp.ufpel.edu.br\/gbiotec\/wp-json\/wp\/v2\/users\/866"}],"replies":[{"embeddable":true,"href":"https:\/\/wp.ufpel.edu.br\/gbiotec\/wp-json\/wp\/v2\/comments?post=2049"}],"version-history":[{"count":6,"href":"https:\/\/wp.ufpel.edu.br\/gbiotec\/wp-json\/wp\/v2\/pages\/2049\/revisions"}],"predecessor-version":[{"id":2101,"href":"https:\/\/wp.ufpel.edu.br\/gbiotec\/wp-json\/wp\/v2\/pages\/2049\/revisions\/2101"}],"up":[{"embeddable":true,"href":"https:\/\/wp.ufpel.edu.br\/gbiotec\/wp-json\/wp\/v2\/pages\/2021"}],"wp:attachment":[{"href":"https:\/\/wp.ufpel.edu.br\/gbiotec\/wp-json\/wp\/v2\/media?parent=2049"}],"curies":[{"name":"wp","href":"https:\/\/api.w.org\/{rel}","templated":true}]}}