{"id":2046,"date":"2019-08-08T13:24:37","date_gmt":"2019-08-08T16:24:37","guid":{"rendered":"https:\/\/wp.ufpel.edu.br\/gbiotec\/?page_id=2046"},"modified":"2019-08-16T10:00:16","modified_gmt":"2019-08-16T13:00:16","slug":"ano-2017","status":"publish","type":"page","link":"https:\/\/wp.ufpel.edu.br\/gbiotec\/procedimentos-formularios\/participantes\/ano-2017\/","title":{"rendered":"Ano 2017"},"content":{"rendered":"<p style=\"text-align: center\"><span style=\"color: #000000\">Mobilidade Acad\u00eamica 2017<\/span><\/p>\n<table style=\"border-collapse: collapse;width: 100%\" border=\"1\">\n<tbody>\n<tr>\n<td style=\"width: 33.3333%\"><span style=\"color: #000000\"><strong>Discente<\/strong><\/span><\/td>\n<td style=\"width: 27.6676%\"><span style=\"color: #000000\"><strong>Per\u00edodo<\/strong><\/span><\/td>\n<td style=\"width: 38.999%\"><span style=\"color: #000000\"><strong>Institui\u00e7\u00e3o\/Pa\u00eds<\/strong><\/span><\/td>\n<\/tr>\n<tr>\n<td style=\"width: 33.3333%\"><span style=\"color: #000000\">Alessandra Neis<\/span><\/td>\n<td style=\"width: 27.6676%\"><span style=\"color: #000000\">2017\/1<\/span><\/td>\n<td style=\"width: 38.999%\"><span style=\"color: #000000\">Instituto Polit\u00e9cnico de Bragan\u00e7a\/ Portugal<\/span><\/td>\n<\/tr>\n<tr>\n<td style=\"width: 33.3333%\"><span style=\"color: #000000\">Yasmine Alves Menegon<\/span><\/td>\n<td style=\"width: 27.6676%\"><span style=\"color: #000000\">2017\/1, 2017\/2<\/span><\/td>\n<td style=\"width: 38.999%\"><span style=\"color: #000000\">Universidade do Porto\/ Portugal<\/span><\/td>\n<\/tr>\n<\/tbody>\n<\/table>\n<p>&nbsp;<\/p>\n","protected":false},"excerpt":{"rendered":"<p>Mobilidade Acad\u00eamica 2017 Discente Per\u00edodo Institui\u00e7\u00e3o\/Pa\u00eds Alessandra Neis 2017\/1 Instituto Polit\u00e9cnico de Bragan\u00e7a\/ Portugal Yasmine Alves Menegon 2017\/1, 2017\/2 Universidade do Porto\/ Portugal &nbsp;<\/p>\n","protected":false},"author":866,"featured_media":0,"parent":2021,"menu_order":6,"comment_status":"closed","ping_status":"closed","template":"","meta":{"footnotes":""},"class_list":["post-2046","page","type-page","status-publish","hentry"],"jetpack_sharing_enabled":true,"_links":{"self":[{"href":"https:\/\/wp.ufpel.edu.br\/gbiotec\/wp-json\/wp\/v2\/pages\/2046","targetHints":{"allow":["GET"]}}],"collection":[{"href":"https:\/\/wp.ufpel.edu.br\/gbiotec\/wp-json\/wp\/v2\/pages"}],"about":[{"href":"https:\/\/wp.ufpel.edu.br\/gbiotec\/wp-json\/wp\/v2\/types\/page"}],"author":[{"embeddable":true,"href":"https:\/\/wp.ufpel.edu.br\/gbiotec\/wp-json\/wp\/v2\/users\/866"}],"replies":[{"embeddable":true,"href":"https:\/\/wp.ufpel.edu.br\/gbiotec\/wp-json\/wp\/v2\/comments?post=2046"}],"version-history":[{"count":4,"href":"https:\/\/wp.ufpel.edu.br\/gbiotec\/wp-json\/wp\/v2\/pages\/2046\/revisions"}],"predecessor-version":[{"id":2131,"href":"https:\/\/wp.ufpel.edu.br\/gbiotec\/wp-json\/wp\/v2\/pages\/2046\/revisions\/2131"}],"up":[{"embeddable":true,"href":"https:\/\/wp.ufpel.edu.br\/gbiotec\/wp-json\/wp\/v2\/pages\/2021"}],"wp:attachment":[{"href":"https:\/\/wp.ufpel.edu.br\/gbiotec\/wp-json\/wp\/v2\/media?parent=2046"}],"curies":[{"name":"wp","href":"https:\/\/api.w.org\/{rel}","templated":true}]}}