{"id":2040,"date":"2019-08-08T13:14:32","date_gmt":"2019-08-08T16:14:32","guid":{"rendered":"https:\/\/wp.ufpel.edu.br\/gbiotec\/?page_id=2040"},"modified":"2019-08-16T08:34:02","modified_gmt":"2019-08-16T11:34:02","slug":"ano-2018","status":"publish","type":"page","link":"https:\/\/wp.ufpel.edu.br\/gbiotec\/procedimentos-formularios\/participantes\/ano-2018\/","title":{"rendered":"Ano 2018"},"content":{"rendered":"<p style=\"text-align: center\"><span style=\"color: #000000\">Mobilidade Acad\u00eamica 2018<\/span><\/p>\n<table style=\"border-collapse: collapse;width: 100%;height: 48px\" border=\"1\">\n<tbody>\n<tr style=\"height: 24px\">\n<td style=\"width: 2.31854%;height: 24px\"><strong><span style=\"color: #000000\">Discente<\/span><\/strong><\/td>\n<td style=\"width: 0.944287%;height: 24px\"><strong><span style=\"color: #000000\">Per\u00edodo<\/span><\/strong><\/td>\n<td style=\"width: 1.81452%;height: 24px\"><strong><span style=\"color: #000000\">Institui\u00e7\u00e3o\/Pa\u00eds<\/span><\/strong><\/td>\n<\/tr>\n<tr style=\"height: 24px\">\n<td style=\"width: 2.31854%;height: 24px\"><span style=\"color: #000000\">Darling de Andrade Louren\u00e7o<\/span><\/td>\n<td style=\"width: 0.944287%;height: 24px\"><span style=\"color: #000000\">2018\/2<\/span><\/td>\n<td style=\"width: 1.81452%;height: 24px\"><span style=\"color: #000000\">Instituto Polit\u00e9cnico de Bragan\u00e7a\/ Portugal<\/span><\/td>\n<\/tr>\n<\/tbody>\n<\/table>\n<p>&nbsp;<\/p>\n","protected":false},"excerpt":{"rendered":"<p>Mobilidade Acad\u00eamica 2018 Discente Per\u00edodo Institui\u00e7\u00e3o\/Pa\u00eds Darling de Andrade Louren\u00e7o 2018\/2 Instituto Polit\u00e9cnico de Bragan\u00e7a\/ Portugal &nbsp;<\/p>\n","protected":false},"author":866,"featured_media":0,"parent":2021,"menu_order":7,"comment_status":"closed","ping_status":"closed","template":"","meta":{"footnotes":""},"class_list":["post-2040","page","type-page","status-publish","hentry"],"jetpack_sharing_enabled":true,"_links":{"self":[{"href":"https:\/\/wp.ufpel.edu.br\/gbiotec\/wp-json\/wp\/v2\/pages\/2040","targetHints":{"allow":["GET"]}}],"collection":[{"href":"https:\/\/wp.ufpel.edu.br\/gbiotec\/wp-json\/wp\/v2\/pages"}],"about":[{"href":"https:\/\/wp.ufpel.edu.br\/gbiotec\/wp-json\/wp\/v2\/types\/page"}],"author":[{"embeddable":true,"href":"https:\/\/wp.ufpel.edu.br\/gbiotec\/wp-json\/wp\/v2\/users\/866"}],"replies":[{"embeddable":true,"href":"https:\/\/wp.ufpel.edu.br\/gbiotec\/wp-json\/wp\/v2\/comments?post=2040"}],"version-history":[{"count":3,"href":"https:\/\/wp.ufpel.edu.br\/gbiotec\/wp-json\/wp\/v2\/pages\/2040\/revisions"}],"predecessor-version":[{"id":2103,"href":"https:\/\/wp.ufpel.edu.br\/gbiotec\/wp-json\/wp\/v2\/pages\/2040\/revisions\/2103"}],"up":[{"embeddable":true,"href":"https:\/\/wp.ufpel.edu.br\/gbiotec\/wp-json\/wp\/v2\/pages\/2021"}],"wp:attachment":[{"href":"https:\/\/wp.ufpel.edu.br\/gbiotec\/wp-json\/wp\/v2\/media?parent=2040"}],"curies":[{"name":"wp","href":"https:\/\/api.w.org\/{rel}","templated":true}]}}