{"id":2028,"date":"2019-08-08T11:39:06","date_gmt":"2019-08-08T14:39:06","guid":{"rendered":"https:\/\/wp.ufpel.edu.br\/gbiotec\/?page_id=2028"},"modified":"2019-08-16T09:58:34","modified_gmt":"2019-08-16T12:58:34","slug":"mobilidade-academica-ano-2019","status":"publish","type":"page","link":"https:\/\/wp.ufpel.edu.br\/gbiotec\/procedimentos-formularios\/participantes\/mobilidade-academica-ano-2019\/","title":{"rendered":"Ano 2019"},"content":{"rendered":"<p style=\"text-align: center\"><span style=\"color: #000000\">Mobilidade Acad\u00eamica 2019<\/span><\/p>\n<table style=\"border-collapse: collapse;width: 100%\" border=\"1\">\n<tbody>\n<tr style=\"height: 24px\">\n<td style=\"width: 2.69626%;height: 24px\"><strong><span style=\"color: #000000\">Discente<\/span><\/strong><\/td>\n<td style=\"width: 2.07743%;height: 24px\"><strong><span style=\"color: #000000\">Per\u00edodo<\/span><\/strong><\/td>\n<td style=\"width: 1.51086%;height: 24px\"><strong><span style=\"color: #000000\">Institui\u00e7\u00e3o\/Pa\u00eds<\/span><\/strong><\/td>\n<\/tr>\n<tr style=\"height: 24px\">\n<td style=\"width: 2.69626%;height: 24px\"><span style=\"color: #000000\">Jackson Gabriel Moraes Becker<\/span><\/td>\n<td style=\"width: 2.07743%;height: 24px\"><span style=\"color: #000000\">2019\/2<\/span><\/td>\n<td style=\"width: 1.51086%;height: 24px\"><span style=\"color: #000000\">Old&#8217;s College\/ Canad\u00e1<\/span><\/td>\n<\/tr>\n<\/tbody>\n<\/table>\n<p>&nbsp;<\/p>\n","protected":false},"excerpt":{"rendered":"<p>Mobilidade Acad\u00eamica 2019 Discente Per\u00edodo Institui\u00e7\u00e3o\/Pa\u00eds Jackson Gabriel Moraes Becker 2019\/2 Old&#8217;s College\/ Canad\u00e1 &nbsp;<\/p>\n","protected":false},"author":866,"featured_media":0,"parent":2021,"menu_order":8,"comment_status":"closed","ping_status":"closed","template":"","meta":{"footnotes":""},"class_list":["post-2028","page","type-page","status-publish","hentry"],"jetpack_sharing_enabled":true,"_links":{"self":[{"href":"https:\/\/wp.ufpel.edu.br\/gbiotec\/wp-json\/wp\/v2\/pages\/2028","targetHints":{"allow":["GET"]}}],"collection":[{"href":"https:\/\/wp.ufpel.edu.br\/gbiotec\/wp-json\/wp\/v2\/pages"}],"about":[{"href":"https:\/\/wp.ufpel.edu.br\/gbiotec\/wp-json\/wp\/v2\/types\/page"}],"author":[{"embeddable":true,"href":"https:\/\/wp.ufpel.edu.br\/gbiotec\/wp-json\/wp\/v2\/users\/866"}],"replies":[{"embeddable":true,"href":"https:\/\/wp.ufpel.edu.br\/gbiotec\/wp-json\/wp\/v2\/comments?post=2028"}],"version-history":[{"count":13,"href":"https:\/\/wp.ufpel.edu.br\/gbiotec\/wp-json\/wp\/v2\/pages\/2028\/revisions"}],"predecessor-version":[{"id":2130,"href":"https:\/\/wp.ufpel.edu.br\/gbiotec\/wp-json\/wp\/v2\/pages\/2028\/revisions\/2130"}],"up":[{"embeddable":true,"href":"https:\/\/wp.ufpel.edu.br\/gbiotec\/wp-json\/wp\/v2\/pages\/2021"}],"wp:attachment":[{"href":"https:\/\/wp.ufpel.edu.br\/gbiotec\/wp-json\/wp\/v2\/media?parent=2028"}],"curies":[{"name":"wp","href":"https:\/\/api.w.org\/{rel}","templated":true}]}}