{"id":2021,"date":"2023-05-03T09:23:45","date_gmt":"2023-05-03T12:23:45","guid":{"rendered":"https:\/\/wp.ufpel.edu.br\/gbiotec\/?page_id=2021"},"modified":"2025-09-23T15:55:59","modified_gmt":"2025-09-23T18:55:59","slug":"participantes","status":"publish","type":"page","link":"https:\/\/wp.ufpel.edu.br\/gbiotec\/procedimentos-formularios\/participantes\/","title":{"rendered":"Mobilidade &#8211; Participantes"},"content":{"rendered":"<p style=\"text-align: center;\"><span style=\"color: #000000;\">Rela\u00e7\u00e3o dos alunos que realizaram mobilidade acad\u00eamica durante a gradua\u00e7\u00e3o<\/span><\/p>\n<table style=\"border-collapse: collapse; width: 100%;\" border=\"1\">\n<tbody>\n<tr>\n<td style=\"width: 50%;\"><span style=\"color: #000000;\"><a style=\"color: #000000;\" href=\"https:\/\/wp.ufpel.edu.br\/gbiotec\/intercambio\/mobilidade-academica\/ano-2010\/\">Ano 2010<\/a><\/span><\/td>\n<td style=\"width: 50%;\"><span style=\"color: #000000;\"><a style=\"color: #000000;\" href=\"https:\/\/wp.ufpel.edu.br\/gbiotec\/intercambio\/mobilidade-academica\/ano-2011\/\">Ano 2011<\/a><\/span><\/td>\n<\/tr>\n<tr>\n<td style=\"width: 50%;\"><span style=\"color: #000000;\"><a style=\"color: #000000;\" href=\"https:\/\/wp.ufpel.edu.br\/gbiotec\/intercambio\/mobilidade-academica\/ano-2012\/\">Ano 2012<\/a><\/span><\/td>\n<td style=\"width: 50%;\"><span style=\"color: #000000;\"><a style=\"color: #000000;\" href=\"https:\/\/wp.ufpel.edu.br\/gbiotec\/intercambio\/mobilidade-academica\/ano-2013\/\">Ano 2013<\/a><\/span><\/td>\n<\/tr>\n<tr style=\"height: 24px;\">\n<td style=\"width: 50%; height: 24px;\"><span style=\"color: #000000;\"><a style=\"color: #000000;\" href=\"https:\/\/wp.ufpel.edu.br\/gbiotec\/intercambio\/mobilidade-academica\/ano-2014\/\">Ano 2014<\/a><\/span><\/td>\n<td style=\"width: 50%; height: 24px;\"><span style=\"color: #000000;\"><a style=\"color: #000000;\" href=\"https:\/\/wp.ufpel.edu.br\/gbiotec\/intercambio\/mobilidade-academica\/ano-2015\/\">Ano 2015<\/a><\/span><\/td>\n<\/tr>\n<tr style=\"height: 24px;\">\n<td style=\"width: 50%; height: 24px;\"><span style=\"color: #000000;\"><a style=\"color: #000000;\" href=\"https:\/\/wp.ufpel.edu.br\/gbiotec\/intercambio\/mobilidade-academica\/ano-2017\/\">Ano 2017<\/a><\/span><\/td>\n<td style=\"width: 50%; height: 24px;\"><span style=\"color: #000000;\"><a style=\"color: #000000;\" href=\"https:\/\/wp.ufpel.edu.br\/gbiotec\/intercambio\/mobilidade-academica\/ano-2018\/\">Ano 2018<\/a><\/span><\/td>\n<\/tr>\n<tr style=\"height: 24px;\">\n<td style=\"width: 50%; height: 24px;\"><span style=\"color: #000000;\"><a style=\"color: #000000;\" href=\"https:\/\/wp.ufpel.edu.br\/gbiotec\/intercambio\/mobilidade-academica\/mobilidade-academica-ano-2019\/\">Ano 2019<\/a><\/span><\/td>\n<td style=\"width: 50%; height: 24px;\"><span style=\"color: #000000;\"><a style=\"color: #000000;\" href=\"https:\/\/wp.ufpel.edu.br\/gbiotec\/mobilidade\/participantes\/ano-2023\/\">Ano 2023<\/a><\/span><\/td>\n<\/tr>\n<tr>\n<td style=\"width: 50%;\"><span style=\"color: #000000;\"><span style=\"color: #000000;\"><a style=\"color: #000000;\" href=\"https:\/\/wp.ufpel.edu.br\/gbiotec\/procedimentos-formularios\/participantes\/ano-2025\/\">Ano 2025<\/a><\/span><br \/>\n<\/span><\/td>\n<td style=\"width: 50%;\"><span style=\"color: #000000;\">\u00a0<\/span><\/td>\n<\/tr>\n<\/tbody>\n<\/table>\n<p>&nbsp;<\/p>\n","protected":false},"excerpt":{"rendered":"<p>Rela\u00e7\u00e3o dos alunos que realizaram mobilidade acad\u00eamica durante a gradua\u00e7\u00e3o Ano 2010 Ano 2011 Ano 2012 Ano 2013 Ano 2014 Ano 2015 Ano 2017 Ano 2018 Ano 2019 Ano 2023 Ano 2025 \u00a0 &nbsp;<\/p>\n","protected":false},"author":866,"featured_media":0,"parent":4032,"menu_order":2,"comment_status":"closed","ping_status":"closed","template":"","meta":{"footnotes":""},"class_list":["post-2021","page","type-page","status-publish","hentry"],"jetpack_sharing_enabled":true,"_links":{"self":[{"href":"https:\/\/wp.ufpel.edu.br\/gbiotec\/wp-json\/wp\/v2\/pages\/2021","targetHints":{"allow":["GET"]}}],"collection":[{"href":"https:\/\/wp.ufpel.edu.br\/gbiotec\/wp-json\/wp\/v2\/pages"}],"about":[{"href":"https:\/\/wp.ufpel.edu.br\/gbiotec\/wp-json\/wp\/v2\/types\/page"}],"author":[{"embeddable":true,"href":"https:\/\/wp.ufpel.edu.br\/gbiotec\/wp-json\/wp\/v2\/users\/866"}],"replies":[{"embeddable":true,"href":"https:\/\/wp.ufpel.edu.br\/gbiotec\/wp-json\/wp\/v2\/comments?post=2021"}],"version-history":[{"count":3,"href":"https:\/\/wp.ufpel.edu.br\/gbiotec\/wp-json\/wp\/v2\/pages\/2021\/revisions"}],"predecessor-version":[{"id":4589,"href":"https:\/\/wp.ufpel.edu.br\/gbiotec\/wp-json\/wp\/v2\/pages\/2021\/revisions\/4589"}],"up":[{"embeddable":true,"href":"https:\/\/wp.ufpel.edu.br\/gbiotec\/wp-json\/wp\/v2\/pages\/4032"}],"wp:attachment":[{"href":"https:\/\/wp.ufpel.edu.br\/gbiotec\/wp-json\/wp\/v2\/media?parent=2021"}],"curies":[{"name":"wp","href":"https:\/\/api.w.org\/{rel}","templated":true}]}}