{"id":2003,"date":"2019-08-08T10:17:57","date_gmt":"2019-08-08T13:17:57","guid":{"rendered":"https:\/\/wp.ufpel.edu.br\/gbiotec\/?page_id=2003"},"modified":"2025-10-22T16:08:42","modified_gmt":"2025-10-22T19:08:42","slug":"sala-de-equipamentos-predio-20","status":"publish","type":"page","link":"https:\/\/wp.ufpel.edu.br\/gbiotec\/infraestrutura\/apoio-tecnico\/sala-de-equipamentos-predio-20\/","title":{"rendered":"Sala de equipamentos &#8211; pr\u00e9dio 20"},"content":{"rendered":"<p><img class=\" wp-image-2007\" src=\"https:\/\/wp.ufpel.edu.br\/gbiotec\/files\/2019\/08\/Sala-ultrafreezer-1-272x400.jpg\" alt=\"\" width=\"197\" height=\"290\" srcset=\"https:\/\/wp.ufpel.edu.br\/gbiotec\/files\/2019\/08\/Sala-ultrafreezer-1-272x400.jpg 272w, https:\/\/wp.ufpel.edu.br\/gbiotec\/files\/2019\/08\/Sala-ultrafreezer-1-768x1129.jpg 768w, https:\/\/wp.ufpel.edu.br\/gbiotec\/files\/2019\/08\/Sala-ultrafreezer-1-696x1024.jpg 696w\" sizes=\"(max-width: 197px) 100vw, 197px\" \/>\u00a0 \u00a0 <img class=\"alignnone wp-image-2006\" src=\"https:\/\/wp.ufpel.edu.br\/gbiotec\/files\/2019\/08\/Sala-ultrafreezer-225x400.jpg\" alt=\"\" width=\"163\" height=\"290\" srcset=\"https:\/\/wp.ufpel.edu.br\/gbiotec\/files\/2019\/08\/Sala-ultrafreezer-225x400.jpg 225w, https:\/\/wp.ufpel.edu.br\/gbiotec\/files\/2019\/08\/Sala-ultrafreezer-768x1365.jpg 768w, https:\/\/wp.ufpel.edu.br\/gbiotec\/files\/2019\/08\/Sala-ultrafreezer-576x1024.jpg 576w\" sizes=\"(max-width: 163px) 100vw, 163px\" \/><\/p>\n<p><span style=\"color: #000000;\"><strong>Unidade:<\/strong>\u00a0Centro de Desenvolvimento Tecnol\u00f3gico (CDTec)<\/span><br \/>\n<span style=\"color: #000000;\"><strong>Curso:<\/strong> Biotecnologia<\/span><\/p>\n<p style=\"text-align: justify;\"><span style=\"color: #000000;\"><strong>Descri\u00e7\u00e3o:\u00a0<\/strong><\/span><span style=\"color: #000000;\">Nessa sala est\u00e3o dispon\u00edveis equipamentos compartilhados pelos grupos de pesquisa do Curso de Gradua\u00e7\u00e3o em Biotecnologia e do Programa de P\u00f3s-Gradua\u00e7\u00e3o em Biotecnologia.<\/span><\/p>\n<p><span style=\"color: #000000;\"><strong>Localiza\u00e7\u00e3o<\/strong><\/span><br \/>\n<span style=\"color: #000000;\"><strong>Campus:<\/strong>\u00a0Cap\u00e3o do Le\u00e3o<\/span><br \/>\n<span style=\"color: #000000;\"><strong>Pr\u00e9dio:<\/strong> 20<\/span><\/p>\n<p><span style=\"color: #000000;\"><b>Equipamentos<\/b><br \/>\nFluxo laminar<br \/>\nMicrosc\u00f3pio<br \/>\nUltra freezer -86\u00baC<br \/>\n<\/span><\/p>\n","protected":false},"excerpt":{"rendered":"<p>\u00a0 \u00a0 Unidade:\u00a0Centro de Desenvolvimento Tecnol\u00f3gico (CDTec) Curso: Biotecnologia Descri\u00e7\u00e3o:\u00a0Nessa sala est\u00e3o dispon\u00edveis equipamentos compartilhados pelos grupos de pesquisa do Curso de Gradua\u00e7\u00e3o em Biotecnologia e do Programa de P\u00f3s-Gradua\u00e7\u00e3o em Biotecnologia. Localiza\u00e7\u00e3o Campus:\u00a0Cap\u00e3o do Le\u00e3o Pr\u00e9dio: 20 Equipamentos Fluxo laminar Microsc\u00f3pio Ultra freezer -86\u00baC<\/p>\n","protected":false},"author":866,"featured_media":0,"parent":3052,"menu_order":3,"comment_status":"closed","ping_status":"closed","template":"","meta":{"footnotes":""},"class_list":["post-2003","page","type-page","status-publish","hentry"],"jetpack_sharing_enabled":true,"_links":{"self":[{"href":"https:\/\/wp.ufpel.edu.br\/gbiotec\/wp-json\/wp\/v2\/pages\/2003","targetHints":{"allow":["GET"]}}],"collection":[{"href":"https:\/\/wp.ufpel.edu.br\/gbiotec\/wp-json\/wp\/v2\/pages"}],"about":[{"href":"https:\/\/wp.ufpel.edu.br\/gbiotec\/wp-json\/wp\/v2\/types\/page"}],"author":[{"embeddable":true,"href":"https:\/\/wp.ufpel.edu.br\/gbiotec\/wp-json\/wp\/v2\/users\/866"}],"replies":[{"embeddable":true,"href":"https:\/\/wp.ufpel.edu.br\/gbiotec\/wp-json\/wp\/v2\/comments?post=2003"}],"version-history":[{"count":4,"href":"https:\/\/wp.ufpel.edu.br\/gbiotec\/wp-json\/wp\/v2\/pages\/2003\/revisions"}],"predecessor-version":[{"id":4638,"href":"https:\/\/wp.ufpel.edu.br\/gbiotec\/wp-json\/wp\/v2\/pages\/2003\/revisions\/4638"}],"up":[{"embeddable":true,"href":"https:\/\/wp.ufpel.edu.br\/gbiotec\/wp-json\/wp\/v2\/pages\/3052"}],"wp:attachment":[{"href":"https:\/\/wp.ufpel.edu.br\/gbiotec\/wp-json\/wp\/v2\/media?parent=2003"}],"curies":[{"name":"wp","href":"https:\/\/api.w.org\/{rel}","templated":true}]}}